{"id":36435,"date":"2022-12-21T12:40:42","date_gmt":"2022-12-21T11:40:42","guid":{"rendered":"https:\/\/itechmedicaldivision.com\/?page_id=36435"},"modified":"2023-05-30T16:27:48","modified_gmt":"2023-05-30T14:27:48","slug":"information-consentement-newsletter","status":"publish","type":"page","link":"https:\/\/itechmedicaldivision.com\/fr\/information-consentement-newsletter\/","title":{"rendered":"Information et consentement pour la newsletter"},"content":{"rendered":"\t\t<div data-elementor-type=\"wp-page\" data-elementor-id=\"36435\" class=\"elementor elementor-36435 elementor-35306\" data-elementor-post-type=\"page\">\n\t\t\t\t\t\t<section class=\"elementor-section elementor-top-section elementor-element elementor-element-89a523d elementor-section-full_width elementor-section-stretched elementor-section-height-default elementor-section-height-default\" data-id=\"89a523d\" data-element_type=\"section\" data-settings=\"{&quot;stretch_section&quot;:&quot;section-stretched&quot;}\">\n\t\t\t\t\t\t<div class=\"elementor-container elementor-column-gap-default\">\n\t\t\t\t\t<div class=\"elementor-column elementor-col-100 elementor-top-column elementor-element elementor-element-cf890ec\" data-id=\"cf890ec\" data-element_type=\"column\">\n\t\t\t<div class=\"elementor-widget-wrap elementor-element-populated\">\n\t\t\t\t\t\t<section class=\"elementor-section elementor-inner-section elementor-element elementor-element-9a9d646 elementor-section-boxed elementor-section-height-default elementor-section-height-default\" data-id=\"9a9d646\" data-element_type=\"section\">\n\t\t\t\t\t\t<div class=\"elementor-container elementor-column-gap-default\">\n\t\t\t\t\t<div class=\"elementor-column elementor-col-100 elementor-inner-column elementor-element elementor-element-a9161a8\" data-id=\"a9161a8\" data-element_type=\"column\">\n\t\t\t<div class=\"elementor-widget-wrap elementor-element-populated\">\n\t\t\t\t\t\t<div class=\"elementor-element elementor-element-12dfec7 elementor-widget elementor-widget-heading\" data-id=\"12dfec7\" data-element_type=\"widget\" data-widget_type=\"heading.default\">\n\t\t\t\t<div class=\"elementor-widget-container\">\n\t\t\t<h1 class=\"elementor-heading-title elementor-size-default\">Information et consentement pour la newsletter<\/h1>\t\t<\/div>\n\t\t\t\t<\/div>\n\t\t\t\t\t<\/div>\n\t\t<\/div>\n\t\t\t\t\t<\/div>\n\t\t<\/section>\n\t\t\t\t\t<\/div>\n\t\t<\/div>\n\t\t\t\t\t<\/div>\n\t\t<\/section>\n\t\t\t\t<section class=\"elementor-section elementor-top-section elementor-element elementor-element-4a2b649 elementor-section-full_width elementor-section-height-default elementor-section-height-default\" data-id=\"4a2b649\" data-element_type=\"section\">\n\t\t\t\t\t\t<div class=\"elementor-container elementor-column-gap-default\">\n\t\t\t\t\t<div class=\"elementor-column elementor-col-100 elementor-top-column elementor-element elementor-element-0f7887d\" data-id=\"0f7887d\" data-element_type=\"column\">\n\t\t\t<div class=\"elementor-widget-wrap elementor-element-populated\">\n\t\t\t\t\t\t<div class=\"elementor-element elementor-element-c5b4b4a elementor-widget elementor-widget-text-editor\" data-id=\"c5b4b4a\" data-element_type=\"widget\" data-widget_type=\"text-editor.default\">\n\t\t\t\t<div class=\"elementor-widget-container\">\n\t\t\t\t\t\t\t<p style=\"text-align: left;\"><b>fournie conform\u00e9ment \u00e0 l\u2019art. 13, Paragraphe 1, R\u00c8GLEMENT UE 679\/2016 pour la protection des donn\u00e9es personnelles (RGPD)<\/b><\/p>\t\t\t\t\t\t<\/div>\n\t\t\t\t<\/div>\n\t\t\t\t\t<\/div>\n\t\t<\/div>\n\t\t\t\t\t<\/div>\n\t\t<\/section>\n\t\t\t\t<section class=\"elementor-section elementor-top-section elementor-element elementor-element-6d33786 elementor-section-boxed elementor-section-height-default elementor-section-height-default\" data-id=\"6d33786\" data-element_type=\"section\">\n\t\t\t\t\t\t<div class=\"elementor-container elementor-column-gap-default\">\n\t\t\t\t\t<div class=\"elementor-column elementor-col-100 elementor-top-column elementor-element elementor-element-a97bcbc\" data-id=\"a97bcbc\" data-element_type=\"column\">\n\t\t\t<div class=\"elementor-widget-wrap elementor-element-populated\">\n\t\t\t\t\t\t<div class=\"elementor-element elementor-element-2693dc5 elementor-widget elementor-widget-text-editor\" data-id=\"2693dc5\" data-element_type=\"widget\" data-widget_type=\"text-editor.default\">\n\t\t\t\t<div class=\"elementor-widget-container\">\n\t\t\t\t\t\t\t<p>IACER S.r.l., conform\u00e9ment \u00e0 ce que pr\u00e9voit l\u2019art. 13, paragraphe 1, du R\u00e8glement UE 679\/2016 (ci-apr\u00e8s RGPD), vous informe, en tant qu\u2019 \u00abint\u00e9ress\u00e9\u00bb, sur les finalit\u00e9s de la collecte et sur les modalit\u00e9s de traitement des donn\u00e9es personnelles acquises directement par vous, pour l\u2019inscription et l\u2019utilisation du service de newsletter.<\/p><p>Les donn\u00e9es personnelles fournies et acquises feront l\u2019objet de traitement dans le respect de ce que pr\u00e9conise le r\u00e8glement susmentionn\u00e9. <br \/>En particulier, nous vous sp\u00e9cifions ce qui suit :<\/p><p><strong>a) Titulaire du Traitement<\/strong> <br \/>Le Titulaire du traitement est IACER S.r.l., dont le si\u00e8ge social se situe Via Enzo Ferrari n. 2, 30037 Scorz\u00e8 (VE), C.F.\/N\u00b0 TVA intracomm. 00185480274, REA : VE 120250, peut \u00eatre contact\u00e9 par mail \u00e0 l\u2019adresse iacer@iacer.it<br \/><br \/><strong>b) D\u00e9l\u00e9gu\u00e9 \u00e0 la protection des donn\u00e9es &#8211; Identit\u00e9 et coordonn\u00e9es<br \/><\/strong>Veuillez noter que le responsable du traitement a d\u00e9sign\u00e9, conform\u00e9ment \u00e0 l&#8217;article 37 du RGPD, le d\u00e9l\u00e9gu\u00e9 \u00e0 la protection des donn\u00e9es, Maria Antonietta Sacheli, qui peut \u00eatre contact\u00e9e par les canaux suivants : courrier \u00e9lectronique mariaantonietta@fiscleg.it &#8211; t\u00e9l. (+39) 049 877161.<\/p><p><strong>c) Finalit\u00e9s du traitement et base juridique du traitement<\/strong> <br \/>&#8211; Le traitement est effectu\u00e9 par le biais d\u2019instruments manuels, informatiques et t\u00e9l\u00e9matiques et a pour but, apr\u00e8s avoir au pr\u00e9alable rempli le formulaire d\u2019inscription sp\u00e9cifique correspondant, l\u2019envoi des newsletter d\u2019information, de promotion commerciale et l\u2019illustration des produits et services offerts, avec une transmission \u00e9ventuelle d\u2019offres ult\u00e9rieures de services ou de produits ;<br \/>&#8211; profilage g\u00e9n\u00e9ral : les donn\u00e9es collect\u00e9es via nos formulaires que vous avez remplis, durant l\u2019utilisation de l\u2019appli en mode invit\u00e9 ou obtenues par la typologie de vos achats, pourraient \u00eatre utilis\u00e9es, m\u00eame dans le but d\u2019identifier et de d\u00e9finir vos go\u00fbts, vos pr\u00e9f\u00e9rences, vos habitudes, vos besoins et vos choix de consommation.<\/p><p>L\u2019attribution des donn\u00e9es et par cons\u00e9quent l\u2019autorisation \u00e0 la collecter et au traitement des donn\u00e9es sont facultatives. L\u2019Utilisateur peut refuser de donner son autorisation et il peut r\u00e9voquer un accord d\u00e9j\u00e0 fourni \u00e0 tout moment.<\/p><p><strong>d) Modalit\u00e9s du traitement.<\/strong><br \/>Les donn\u00e9es personnelles qui vous concernent seront trait\u00e9es selon les principes d&#8217;exactitude, de l\u00e9galit\u00e9, de transparence et de protection de votre confidentialit\u00e9 et de vos droits. <br \/>L\u2019envoi des newsletters se fait via <strong>la plateforme MailChimp (MailChimp est une plateforme de marketing en ligne g\u00e9r\u00e9e par The Rocket Science Group LLC, une soci\u00e9t\u00e9 bas\u00e9e dans l\u2019\u00c9tat de G\u00e9orgie aux Etats-Unis).<\/strong> Concernant les informations relatives au traitement des donn\u00e9es personnelles par MailChimp, nous vous renvoyons au site https:\/\/mailchimp.com\/legal\/privacy\/. <br \/>MailChimp endosse le r\u00f4le de responsable externe du traitement.<\/p><p><strong>e) Communication \u00e0 des tiers. Transfert de donn\u00e9es \u00e0 l\u2019\u00e9tranger.<\/strong><br \/>Toutes les donn\u00e9es collect\u00e9es et \u00e9labor\u00e9es pourront \u00eatre communiqu\u00e9es dans l\u2019UE \u00e0 d\u2019autres sujets, si les finalit\u00e9s du traitement le n\u00e9cessitaient. <br \/>Les sujets destinataires, s\u2019ils devaient traiter des donn\u00e9es pour le compte de notre entreprise, seront d\u00e9sign\u00e9s comme responsables du traitement, avec un contrat sp\u00e9cial ou tout autre acte juridique.<\/p><p>La liste mise \u00e0 jour des Responsables du traitement est \u00e0 disposition au si\u00e8ge social d\u2019IACER S.r.l. Vous pourrez librement contacter le responsable du traitement pour toute clarification ou probl\u00e8me concernant la confidentialit\u00e9 de vos donn\u00e9es.<\/p><p><strong>f) P\u00e9riode de conservation des donn\u00e9es<\/strong> <br \/>Les donn\u00e9es collect\u00e9es seront conserv\u00e9es le temps n\u00e9cessaire pour ex\u00e9cuter les finalit\u00e9s indiqu\u00e9es au point c) jusqu\u2019\u00e0 ce qu\u2019une manifestation de r\u00e9vocation du consentement n\u2019ait lieu.<\/p><p><strong>g) R\u00e9vocation du consentement<\/strong> <br \/>Chacun des int\u00e9ress\u00e9s a le droit de r\u00e9voquer \u00e0 tout instant son consentement sans compromettre la nature l\u00e9gale du traitement bas\u00e9e sur le consentement accord\u00e9 avant la r\u00e9vocation.<\/p><p><strong>h) Droits de l\u2019int\u00e9ress\u00e9.<\/strong><br \/>Nous vous informons que, en votre qualit\u00e9 d\u2019int\u00e9ress\u00e9, vous pourrez exercer les droits pr\u00e9vus par le RGPD concernant toutes les donn\u00e9es personnelles trait\u00e9es et en particulier :<\/p><p>&#8211; Droit d\u2019acc\u00e8s aux donn\u00e9es collect\u00e9es et trait\u00e9es (art. 15) ;<\/p><p>&#8211; droit d\u2019obtenir la rectification des donn\u00e9es (art. 16) ;<\/p><p>&#8211; droit d\u2019obtenir la suppression des donn\u00e9es et droit \u00e0 l\u2019oubli (art. 17) ;<\/p><p>&#8211; droit d\u2019obtenir la limitation du traitement (art. 18) ;<\/p><p>&#8211; droit \u00e0 la portabilit\u00e9 des donn\u00e9es \u00e0 un autre titulaire (art. 20) ;<\/p><p>&#8211; droit d\u2019opposition au traitement (art. 21) ;<\/p><p>&#8211; droit d\u2019introduire une r\u00e9clamation \u00e0 l\u2019autorit\u00e9 de contr\u00f4le (art. 77) ;<\/p><p>&#8211; droit de d\u00e9poser un recours juridictionnel contre l\u2019autorit\u00e9 de contr\u00f4le (art. 78) et contre le titulaire ou le responsable du traitement (art. 79).<\/p>\t\t\t\t\t\t<\/div>\n\t\t\t\t<\/div>\n\t\t\t\t\t<\/div>\n\t\t<\/div>\n\t\t\t\t\t<\/div>\n\t\t<\/section>\n\t\t\t\t<section class=\"elementor-section elementor-top-section elementor-element elementor-element-847d796 elementor-section-boxed elementor-section-height-default elementor-section-height-default\" data-id=\"847d796\" data-element_type=\"section\">\n\t\t\t\t\t\t<div class=\"elementor-container elementor-column-gap-default\">\n\t\t\t\t\t<div class=\"elementor-column elementor-col-100 elementor-top-column elementor-element elementor-element-fc883d5\" data-id=\"fc883d5\" data-element_type=\"column\">\n\t\t\t<div class=\"elementor-widget-wrap elementor-element-populated\">\n\t\t\t\t\t\t<div class=\"elementor-element elementor-element-ded4a75 elementor-widget elementor-widget-text-editor\" data-id=\"ded4a75\" data-element_type=\"widget\" data-widget_type=\"text-editor.default\">\n\t\t\t\t<div class=\"elementor-widget-container\">\n\t\t\t\t\t\t\t<p style=\"text-align: right;\"><em>Derni\u00e8re modification : 30 mai 2023<\/em><\/p>\t\t\t\t\t\t<\/div>\n\t\t\t\t<\/div>\n\t\t\t\t\t<\/div>\n\t\t<\/div>\n\t\t\t\t\t<\/div>\n\t\t<\/section>\n\t\t\t\t<\/div>\n\t\t","protected":false},"excerpt":{"rendered":"<p>Information et consentement pour la newsletter fournie conform\u00e9ment \u00e0 l\u2019art. 13, Paragraphe 1, R\u00c8GLEMENT UE 679\/2016 pour la protection des [&hellip;]<\/p>\n","protected":false},"author":12,"featured_media":0,"parent":0,"menu_order":53,"comment_status":"closed","ping_status":"closed","template":"page-templates\/template_fullwidth.php","meta":{"_acf_changed":false,"footnotes":""},"class_list":["post-36435","page","type-page","status-publish","hentry","col-lg-4 col-md-6"],"acf":[],"_links":{"self":[{"href":"https:\/\/itechmedicaldivision.com\/fr\/wp-json\/wp\/v2\/pages\/36435","targetHints":{"allow":["GET"]}}],"collection":[{"href":"https:\/\/itechmedicaldivision.com\/fr\/wp-json\/wp\/v2\/pages"}],"about":[{"href":"https:\/\/itechmedicaldivision.com\/fr\/wp-json\/wp\/v2\/types\/page"}],"author":[{"embeddable":true,"href":"https:\/\/itechmedicaldivision.com\/fr\/wp-json\/wp\/v2\/users\/12"}],"replies":[{"embeddable":true,"href":"https:\/\/itechmedicaldivision.com\/fr\/wp-json\/wp\/v2\/comments?post=36435"}],"version-history":[{"count":0,"href":"https:\/\/itechmedicaldivision.com\/fr\/wp-json\/wp\/v2\/pages\/36435\/revisions"}],"wp:attachment":[{"href":"https:\/\/itechmedicaldivision.com\/fr\/wp-json\/wp\/v2\/media?parent=36435"}],"curies":[{"name":"wp","href":"https:\/\/api.w.org\/{rel}","templated":true}]}}