{"id":19581,"date":"2021-12-17T11:46:25","date_gmt":"2021-12-17T10:46:25","guid":{"rendered":"https:\/\/itechmedicaldivision.com\/?page_id=19581"},"modified":"2026-01-22T17:38:27","modified_gmt":"2026-01-22T16:38:27","slug":"politique-de-cookies","status":"publish","type":"page","link":"https:\/\/itechmedicaldivision.com\/fr\/politique-de-cookies\/","title":{"rendered":"Politique de Cookies"},"content":{"rendered":"\t\t<div data-elementor-type=\"wp-page\" data-elementor-id=\"19581\" class=\"elementor elementor-19581 elementor-8571\" data-elementor-post-type=\"page\">\n\t\t\t\t\t\t<section class=\"elementor-section elementor-top-section elementor-element elementor-element-17a26563 elementor-section-stretched elementor-section-boxed elementor-section-height-default elementor-section-height-default\" data-id=\"17a26563\" data-element_type=\"section\" data-settings=\"{&quot;stretch_section&quot;:&quot;section-stretched&quot;}\">\n\t\t\t\t\t\t<div class=\"elementor-container elementor-column-gap-default\">\n\t\t\t\t\t<div class=\"elementor-column elementor-col-100 elementor-top-column elementor-element elementor-element-1f4cb21c cli_pg_page_contaner\" data-id=\"1f4cb21c\" data-element_type=\"column\">\n\t\t\t<div class=\"elementor-widget-wrap elementor-element-populated\">\n\t\t\t\t\t\t<div class=\"elementor-element elementor-element-a4cd3e9 elementor-widget elementor-widget-heading\" data-id=\"a4cd3e9\" data-element_type=\"widget\" data-widget_type=\"heading.default\">\n\t\t\t\t<div class=\"elementor-widget-container\">\n\t\t\t<h3 class=\"elementor-heading-title elementor-size-default\">Politique d\u2019utilisation des cookies - preambule<\/h3>\t\t<\/div>\n\t\t\t\t<\/div>\n\t\t\t\t<div class=\"elementor-element elementor-element-69679dc7 elementor-widget elementor-widget-text-editor\" data-id=\"69679dc7\" data-element_type=\"widget\" data-widget_type=\"text-editor.default\">\n\t\t\t\t<div class=\"elementor-widget-container\">\n\t\t\t\t\t\t\t<p>Conform\u00e9ment \u00e0 ce que pr\u00e9voit la r\u00e9glementation en vigueur cette Politique d\u2019utilisation des cookies explique ce que sont les cookies et comment ils sont utilis\u00e9s par le site internet itechmedicaldivision.com. <br \/>Cette Politique d\u2019utilisation, dont le champ d\u2019application est limit\u00e9 au site internet indiqu\u00e9, fait partie int\u00e9grante de la politique de confidentialit\u00e9 correspondante, \u00e0 laquelle nous vous renvoyons pour de plus amples informations.<br \/>Il est possible de modifier ou r\u00e9voquer votre consentement \u00e0 tout moment \u00e0 partir de la d\u00e9claration relative aux cookies sur notre site internet.<\/p>\t\t\t\t\t\t<\/div>\n\t\t\t\t<\/div>\n\t\t\t\t<div class=\"elementor-element elementor-element-fcfaaa3 elementor-widget elementor-widget-heading\" data-id=\"fcfaaa3\" data-element_type=\"widget\" data-widget_type=\"heading.default\">\n\t\t\t\t<div class=\"elementor-widget-container\">\n\t\t\t<h3 class=\"elementor-heading-title elementor-size-default\">Titulaire du traitement<\/h3>\t\t<\/div>\n\t\t\t\t<\/div>\n\t\t\t\t<div class=\"elementor-element elementor-element-103f02f elementor-widget elementor-widget-text-editor\" data-id=\"103f02f\" data-element_type=\"widget\" data-widget_type=\"text-editor.default\">\n\t\t\t\t<div class=\"elementor-widget-container\">\n\t\t\t\t\t\t\t<p>IACER S.r.l., dont le si\u00e8ge se situe Via Enzo Ferrari n. 2, 30037 Scorz\u00e8 (VE), C.F.\/N\u00b0 TVA intracomm. 00185480274, REA : VE 120250, peut \u00eatre contact\u00e9 par mail \u00e0 iacer@iacer.it.<\/p>\t\t\t\t\t\t<\/div>\n\t\t\t\t<\/div>\n\t\t\t\t<div class=\"elementor-element elementor-element-2b3f8b8 elementor-widget elementor-widget-heading\" data-id=\"2b3f8b8\" data-element_type=\"widget\" data-widget_type=\"heading.default\">\n\t\t\t\t<div class=\"elementor-widget-container\">\n\t\t\t<h3 class=\"elementor-heading-title elementor-size-default\">D\u00e9l\u00e9gu\u00e9 \u00e0 la protection des donn\u00e9es - Identit\u00e9 et coordonn\u00e9es<\/h3>\t\t<\/div>\n\t\t\t\t<\/div>\n\t\t\t\t<div class=\"elementor-element elementor-element-71f56d4 elementor-widget elementor-widget-text-editor\" data-id=\"71f56d4\" data-element_type=\"widget\" data-widget_type=\"text-editor.default\">\n\t\t\t\t<div class=\"elementor-widget-container\">\n\t\t\t\t\t\t\t<p>Veuillez noter que le responsable du traitement a d\u00e9sign\u00e9, conform\u00e9ment \u00e0 l&#8217;article 37 du RGPD, le d\u00e9l\u00e9gu\u00e9 \u00e0 la protection des donn\u00e9es, Maria Antonietta Sacheli, qui peut \u00eatre contact\u00e9e par les canaux suivants : courrier \u00e9lectronique mariaantonietta@fiscleg.it &#8211; t\u00e9l. (+39) 049 877161.<\/p>\t\t\t\t\t\t<\/div>\n\t\t\t\t<\/div>\n\t\t\t\t<div class=\"elementor-element elementor-element-b85d47f elementor-widget elementor-widget-heading\" data-id=\"b85d47f\" data-element_type=\"widget\" data-widget_type=\"heading.default\">\n\t\t\t\t<div class=\"elementor-widget-container\">\n\t\t\t<h3 class=\"elementor-heading-title elementor-size-default\">Qu'est-ce qu'un cookie?<\/h3>\t\t<\/div>\n\t\t\t\t<\/div>\n\t\t\t\t<div class=\"elementor-element elementor-element-093f3bf elementor-widget elementor-widget-text-editor\" data-id=\"093f3bf\" data-element_type=\"widget\" data-widget_type=\"text-editor.default\">\n\t\t\t\t<div class=\"elementor-widget-container\">\n\t\t\t\t\t\t\t<p>Les cookies sont de petits fichiers texte qui sont utilis\u00e9s afin de m\u00e9moriser des informations. En particulier, les cookies sont m\u00e9moris\u00e9s sur le dispositif utilis\u00e9 par l\u2019utilisateur pour visiter le site internet, pour \u00eatre ensuite retransmis \u00e0 ces m\u00eames sites lors de la visite suivante. <br \/>Ces cookies nous aident \u00e0 faire fonctionner correctement le site internet, \u00e0 le rendre plus s\u00fbr, \u00e0 fournir une meilleure exp\u00e9rience utilisateur et \u00e0 comprendre comment fonctionne le site internet et \u00e0 analyser ce qui fonctionne et l\u00e0 o\u00f9 des am\u00e9liorations sont n\u00e9cessaires.<\/p>\t\t\t\t\t\t<\/div>\n\t\t\t\t<\/div>\n\t\t\t\t<div class=\"elementor-element elementor-element-5f2f8b5 elementor-widget elementor-widget-heading\" data-id=\"5f2f8b5\" data-element_type=\"widget\" data-widget_type=\"heading.default\">\n\t\t\t\t<div class=\"elementor-widget-container\">\n\t\t\t<h3 class=\"elementor-heading-title elementor-size-default\">Comment utilisons-nous les cookies?<\/h3>\t\t<\/div>\n\t\t\t\t<\/div>\n\t\t\t\t<div class=\"elementor-element elementor-element-e65e044 elementor-widget elementor-widget-text-editor\" data-id=\"e65e044\" data-element_type=\"widget\" data-widget_type=\"text-editor.default\">\n\t\t\t\t<div class=\"elementor-widget-container\">\n\t\t\t\t\t\t\t<p>Le site internet susmentionn\u00e9 utilise des cookies propri\u00e9taires (c-\u00e0-d des cookies de premi\u00e8re partie) et des cookies tiers pour un ensemble de buts qui seront davantage d\u00e9taill\u00e9s par la suite. <br \/>Les cookies de premi\u00e8re partie sont n\u00e9cessaires pour le bon fonctionnement du site internet et ils ne collectent aucune donn\u00e9e d\u2019identification personnelle.<\/p><p>Les cookies tiers, utilis\u00e9s par notre site internet, sont employ\u00e9s principalement pour comprendre comment fonctionne le site internet, comment l\u2019utilisateur interagit avec notre site internet, tout en conservant nos services de mani\u00e8re sure, et en fournissant des annonces publicitaires pertinentes et, enfin, en fournissant un meilleur service en rendant plus rapides les futures interactions avec notre site internet.<\/p>\t\t\t\t\t\t<\/div>\n\t\t\t\t<\/div>\n\t\t\t\t<div class=\"elementor-element elementor-element-b6eebae elementor-widget elementor-widget-heading\" data-id=\"b6eebae\" data-element_type=\"widget\" data-widget_type=\"heading.default\">\n\t\t\t\t<div class=\"elementor-widget-container\">\n\t\t\t<h3 class=\"elementor-heading-title elementor-size-default\">Quels types de cookies utilisons-nous?<\/h3>\t\t<\/div>\n\t\t\t\t<\/div>\n\t\t\t\t<div class=\"elementor-element elementor-element-5e044ad elementor-widget elementor-widget-text-editor\" data-id=\"5e044ad\" data-element_type=\"widget\" data-widget_type=\"text-editor.default\">\n\t\t\t\t<div class=\"elementor-widget-container\">\n\t\t\t\t\t\t\t<p>Les cookies utilis\u00e9s sur notre site internet sont regroup\u00e9s dans les cat\u00e9gories suivantes.<\/p>\t\t\t\t\t\t<\/div>\n\t\t\t\t<\/div>\n\t\t\t\t<div class=\"elementor-element elementor-element-f9a2ff5 elementor-widget elementor-widget-shortcode\" data-id=\"f9a2ff5\" data-element_type=\"widget\" data-widget_type=\"shortcode.default\">\n\t\t\t\t<div class=\"elementor-widget-container\">\n\t\t\t\t\t<div class=\"elementor-shortcode\">[wcc_category_list]<\/div>\n\t\t\t\t<\/div>\n\t\t\t\t<\/div>\n\t\t\t\t<div class=\"elementor-element elementor-element-a4d14fc elementor-widget elementor-widget-heading\" data-id=\"a4d14fc\" data-element_type=\"widget\" data-widget_type=\"heading.default\">\n\t\t\t\t<div class=\"elementor-widget-container\">\n\t\t\t<h3 class=\"elementor-heading-title elementor-size-default\">Comment puis-je contr\u00f4ler mes pr\u00e9f\u00e9rences en mati\u00e8re de cookies?<\/h3>\t\t<\/div>\n\t\t\t\t<\/div>\n\t\t\t\t<div class=\"elementor-element elementor-element-286fd3a elementor-widget elementor-widget-text-editor\" data-id=\"286fd3a\" data-element_type=\"widget\" data-widget_type=\"text-editor.default\">\n\t\t\t\t<div class=\"elementor-widget-container\">\n\t\t\t\t\t\t\t<p>Vous pouvez g\u00e9rer vos pr\u00e9f\u00e9rences en mati\u00e8re de cookies en cliquant sur le bouton \u00ab\u00a0Param\u00e8tres\u00a0\u00bb et en activant ou d\u00e9sactivant les cat\u00e9gories de cookies dans la fen\u00eatre contextuelle en fonction de vos pr\u00e9f\u00e9rences.<\/p><p>Si vous d\u00e9cidez de modifier vos pr\u00e9f\u00e9rences plus tard au cours de la session de navigation, vous pouvez cliquer sur l&#8217;onglet \u00ab\u00a0<strong><em>Gestion des cookies<\/em><\/strong> \u00bb sur l&#8217;\u00e9cran. L&#8217;avis de consentement s&#8217;affichera \u00e0 nouveau, ce qui vous permettra de modifier vos pr\u00e9f\u00e9rences ou de retirer compl\u00e8tement votre consentement.<\/p><p>En fonction du type de navigateur utilis\u00e9 pour la navigation, veuillez consulter la documentation sp\u00e9cifique fournie par le fabricant sur la mani\u00e8re de restreindre ou de bloquer l&#8217;utilisation des cookies.<\/p><p style=\"text-align: right;\"><small><em>Derni\u00e8re actualisation: 8 juillet 2024<\/em><\/small><\/p>\t\t\t\t\t\t<\/div>\n\t\t\t\t<\/div>\n\t\t\t\t\t<\/div>\n\t\t<\/div>\n\t\t\t\t\t<\/div>\n\t\t<\/section>\n\t\t\t\t<\/div>\n\t\t","protected":false},"excerpt":{"rendered":"<p>Politique d\u2019utilisation des cookies &#8211; preambule Conform\u00e9ment \u00e0 ce que pr\u00e9voit la r\u00e9glementation en vigueur cette Politique d\u2019utilisation des cookies [&hellip;]<\/p>\n","protected":false},"author":7,"featured_media":0,"parent":0,"menu_order":51,"comment_status":"closed","ping_status":"closed","template":"page-templates\/template_fullwidth.php","meta":{"_acf_changed":false,"footnotes":""},"class_list":["post-19581","page","type-page","status-publish","hentry","col-lg-4 col-md-6"],"acf":[],"_links":{"self":[{"href":"https:\/\/itechmedicaldivision.com\/fr\/wp-json\/wp\/v2\/pages\/19581","targetHints":{"allow":["GET"]}}],"collection":[{"href":"https:\/\/itechmedicaldivision.com\/fr\/wp-json\/wp\/v2\/pages"}],"about":[{"href":"https:\/\/itechmedicaldivision.com\/fr\/wp-json\/wp\/v2\/types\/page"}],"author":[{"embeddable":true,"href":"https:\/\/itechmedicaldivision.com\/fr\/wp-json\/wp\/v2\/users\/7"}],"replies":[{"embeddable":true,"href":"https:\/\/itechmedicaldivision.com\/fr\/wp-json\/wp\/v2\/comments?post=19581"}],"version-history":[{"count":9,"href":"https:\/\/itechmedicaldivision.com\/fr\/wp-json\/wp\/v2\/pages\/19581\/revisions"}],"predecessor-version":[{"id":72779,"href":"https:\/\/itechmedicaldivision.com\/fr\/wp-json\/wp\/v2\/pages\/19581\/revisions\/72779"}],"wp:attachment":[{"href":"https:\/\/itechmedicaldivision.com\/fr\/wp-json\/wp\/v2\/media?parent=19581"}],"curies":[{"name":"wp","href":"https:\/\/api.w.org\/{rel}","templated":true}]}}