{"id":19579,"date":"2021-12-17T11:45:01","date_gmt":"2021-12-17T10:45:01","guid":{"rendered":"https:\/\/itechmedicaldivision.com\/?page_id=19579"},"modified":"2024-10-21T11:37:11","modified_gmt":"2024-10-21T09:37:11","slug":"politique-de-confidentialite","status":"publish","type":"page","link":"https:\/\/itechmedicaldivision.com\/fr\/politique-de-confidentialite\/","title":{"rendered":"Politique de Confidentialit\u00e9"},"content":{"rendered":"\t\t<div data-elementor-type=\"wp-page\" data-elementor-id=\"19579\" class=\"elementor elementor-19579 elementor-3\" data-elementor-post-type=\"page\">\n\t\t\t\t\t\t<section class=\"elementor-section elementor-top-section elementor-element elementor-element-cd3979b elementor-section-full_width elementor-section-stretched elementor-section-height-default elementor-section-height-default\" data-id=\"cd3979b\" data-element_type=\"section\" data-settings=\"{&quot;stretch_section&quot;:&quot;section-stretched&quot;}\">\n\t\t\t\t\t\t<div class=\"elementor-container elementor-column-gap-default\">\n\t\t\t\t\t<div class=\"elementor-column elementor-col-100 elementor-top-column elementor-element elementor-element-556a854\" data-id=\"556a854\" data-element_type=\"column\">\n\t\t\t<div class=\"elementor-widget-wrap elementor-element-populated\">\n\t\t\t\t\t\t<section class=\"elementor-section elementor-inner-section elementor-element elementor-element-7faae1a elementor-section-boxed elementor-section-height-default elementor-section-height-default\" data-id=\"7faae1a\" data-element_type=\"section\">\n\t\t\t\t\t\t<div class=\"elementor-container elementor-column-gap-default\">\n\t\t\t\t\t<div class=\"elementor-column elementor-col-100 elementor-inner-column elementor-element elementor-element-865d517\" data-id=\"865d517\" data-element_type=\"column\">\n\t\t\t<div class=\"elementor-widget-wrap elementor-element-populated\">\n\t\t\t\t\t\t<div class=\"elementor-element elementor-element-ed9f3a5 elementor-widget elementor-widget-heading\" data-id=\"ed9f3a5\" data-element_type=\"widget\" data-widget_type=\"heading.default\">\n\t\t\t\t<div class=\"elementor-widget-container\">\n\t\t\t<h1 class=\"elementor-heading-title elementor-size-default\">Politique de confidentialit\u00e9 de itechmedicaldivision.com<\/h1>\t\t<\/div>\n\t\t\t\t<\/div>\n\t\t\t\t<div class=\"elementor-element elementor-element-2b33b08 elementor-widget elementor-widget-text-editor\" data-id=\"2b33b08\" data-element_type=\"widget\" data-widget_type=\"text-editor.default\">\n\t\t\t\t<div class=\"elementor-widget-container\">\n\t\t\t\t\t\t\t<p><strong>conform\u00e9ment \u00e0 l\u2019art. 13, paragraphe 1, R\u00c8GLEMENT UE 679\/2016 pour la protection des donn\u00e9es personnelles (RGPD)<\/strong><\/p><p>I.A.C.E.R. S.r.l., conform\u00e9ment \u00e0 ce que pr\u00e9voit l\u2019art. 13, paragraphe 1, du R\u00e8glement UE 679\/2016 (ci-apr\u00e8s RGPD), informe les utilisateurs du portail internet https:\/\/itechmedicaldivision.com\/ et les acheteurs ou acheteurs potentiels des produits de la marque I-Tech Medical Division, en leur qualit\u00e9 d\u2019int\u00e9ress\u00e9s, sur les finalit\u00e9s de la collecte et sur les modalit\u00e9s de traitement des donn\u00e9es personnelles.<\/p><p><strong>Titulaire du traitement des donn\u00e9es<\/strong> <br \/>I.A.C.E.R. S.R.L., Via Enzo Ferrari n. 2, 30037 Scorz\u00e8 (VE) Italia- Adresse-mail du titulaire : iacer@iacer.it\u00a0<\/p><p><strong>D\u00e9l\u00e9gu\u00e9 \u00e0 la protection des donn\u00e9es &#8211; Identit\u00e9 et coordonn\u00e9es<\/strong><\/p><p>Veuillez noter que le responsable du traitement a d\u00e9sign\u00e9, conform\u00e9ment \u00e0 l&#8217;article 37 du RGPD, le d\u00e9l\u00e9gu\u00e9 \u00e0 la protection des donn\u00e9es, Maria Antonietta Sacheli, qui peut \u00eatre contact\u00e9e par les canaux suivants : courrier \u00e9lectronique m.sacheli@fiscleg.it &#8211; t\u00e9l. (+39) 049 877161.<\/p><p><strong>Types de donn\u00e9es collect\u00e9es<\/strong> <br \/>Les donn\u00e9es personnelles collect\u00e9es tant par les syst\u00e8mes informatiques et les proc\u00e9dures d&#8217;application en charge du fonctionnement du site web susmentionn\u00e9 que par d&#8217;autres canaux (mieux sp\u00e9cifi\u00e9s au point 4) du pr\u00e9sent document), concernent:<br \/><br \/>&#8211;\u00a0 les donn\u00e9es communes : nom, pr\u00e9nom, num\u00e9ro de t\u00e9l\u00e9phone, adresse, province, courrier \u00e9lectronique ; toute donn\u00e9e particuli\u00e8re fournie par l&#8217;utilisateur ;<\/p><p>&#8211; des donn\u00e9es de navigation collect\u00e9es au cours de la visite sur le site, dont la transmission est implicite dans l\u2019utilisation des protocoles de communication d\u2019internet. \u00c0 titre d\u2019exemple : l\u2019adresse IP du dispositif connect\u00e9 au site, le type de navigateur utilis\u00e9, le nom du fournisseur internet (ISP), la date et l\u2019heure de la visite, la page internet de provenance et de sortie du visiteur etc. ;<\/p><p>&#8211; des donn\u00e9es collect\u00e9es lors des activit\u00e9s de navigation sur le site par les utilisateurs. Pour de plus amples approfondissements concernant les cookies utilis\u00e9s par la portail internet, veuillez consulter la politique d\u2019utilisation des cookies dans sa globalit\u00e9 et qui est annex\u00e9e au pr\u00e9sent document.<\/p><p>L&#8217;utilisateur assume la responsabilit\u00e9 des donn\u00e9es personnelles de tiers obtenues, publi\u00e9es ou partag\u00e9es \u00e0 travers ce site internet et garantit qu&#8217;il a le droit de les communiquer ou de les diffuser, d\u00e9gageant ainsi le titulaire de toute responsabilit\u00e9 envers des tiers.<\/p><p><strong>Finalit\u00e9s du traitement des donn\u00e9es collect\u00e9es<\/strong> <br \/>Les donn\u00e9es de l\u2019utilisateur sont collect\u00e9es par le titulaire pour les finalit\u00e9s sp\u00e9cifiques suivantes :<\/p><p>a) permettre la navigation du portail internet de https:\/\/itechmedicaldivision.com\/<\/p><p>b) contacter l\u2019utilisateur suite \u00e0 la demande de contact formul\u00e9e \u00e0 travers le formulaire \u00ab Formulaire de contact \u00bb (informations techniques-commerciales-apr\u00e8s-vente) ;<\/p><p>c) fournir \u00e0 l\u2019utilisateur les informations et les services demand\u00e9s m\u00eame suite au contact \u00e9tabli par le biais du service du standard :<br \/><br \/>d) fournir \u00e0 l&#8217;utilisateur les informations et les services demand\u00e9s, en suivant \u00e9galement le contact \u00e9tabli par l&#8217;interm\u00e9diaire de l&#8217;informateur m\u00e9dical et\/ou de l&#8217;agent d\u00e9sign\u00e9 ;<br \/><br \/>e) Interaction avec des plates-formes d&#8217;enqu\u00eates, de questionnaires en ligne, de validation et d&#8217;extension de la garantie du produit achet\u00e9 ;<\/p><p>f) Visualisation et interaction avec les r\u00e9seaux sociaux et les plateformes externes.<\/p><p>g) optimisation et distribution du trafic ;\u00a0gestion des tag ;<\/p><p>h) extraire des informations statistiques anonymes sur l\u2019utilisation du portail internet ou des services li\u00e9s, en contr\u00f4ler le bon fonctionnement, effectuer des activit\u00e9s de surveillance concernant la s\u00e9curit\u00e9 et identifier les actions qui aideront \u00e0 son am\u00e9lioration ;<\/p><p>i) interaction avec des plateformes de collecte de donn\u00e9es et autres tiers ;<\/p><p>j) Liste de diffusion ou newsletter : le traitement sp\u00e9cifique des donn\u00e9es est r\u00e9gi par une <a href=\"https:\/\/itechmedicaldivision.com\/fr\/information-consentement-newsletter\/\">r\u00e9glementation sp\u00e9ciale<\/a>. Veuillez la consulter au besoin ;<\/p><p>k) profilage g\u00e9n\u00e9ral : les donn\u00e9es collect\u00e9es via nos formulaires, lors de la navigation sur le site ou obtenues gr\u00e2ce au type de vos achats, pourraient \u00eatre utilis\u00e9es, afin d\u2019identifier et de d\u00e9finir vos go\u00fbts, pr\u00e9f\u00e9rences, habitudes et choix de consommation ;<\/p><p>l) r\u00e9pondre \u00e0 des obligations l\u00e9gales, obtemp\u00e9rer \u00e0 un ordre de l\u2019autorit\u00e9 publique, d\u00e9terminer d\u2019\u00e9ventuelles responsabilit\u00e9s en cas de d\u00e9lits informatiques hypoth\u00e9tiques li\u00e9s \u00e0 des dommages du site ou de ses utilisateurs.<\/p><p><strong>Base juridique du traitement<\/strong><br \/>Les bases juridiques tu traitement sont celles vis\u00e9es \u00e0 l\u2019art. 6, paragraphe 1, RGPD<\/p><p>&#8211; lett. a (\u00ab consentement \u00bb) concernant la transmission d\u2019offres de services et de produits, activit\u00e9s de profilage et le traitement de donn\u00e9es particuli\u00e8res ;<\/p><p>&#8211; lett. b (\u00ab ex\u00e9cution d\u2019un contrat dont l\u2019int\u00e9ress\u00e9 fait partie \u00bb ou \u00ab ex\u00e9cution de mesures pr\u00e9contractuelles \u00bb) ;<\/p><p>&#8211; lettre c) \u00ab n\u00e9cessaire pour r\u00e9pondre \u00e0 une obligation l\u00e9gale \u00e0 laquelle le sujet est titulaire \u00bb ;<\/p><p>&#8211; lettre f) le traitement est n\u00e9cessaire pour la poursuite de l\u2019int\u00e9r\u00eat l\u00e9gitime du titulaire ou de tiers.<\/p><p>L\u2019utilisateur peut refuser son consentement et peut r\u00e9voquer \u00e0 tout moment un consentement d\u00e9j\u00e0 accord\u00e9.<\/p><p>Cependant, refuser son consentement peut entra\u00eener l\u2019impossibilit\u00e9 de fournir certains services et l\u2019exp\u00e9rience de navigation pourrait \u00eatre compromise.<\/p><p><strong>Modalit\u00e9s de traitement des donn\u00e9es collect\u00e9es<\/strong> <br \/>Les donn\u00e9es personnelles collect\u00e9es sont trait\u00e9es conform\u00e9ment aux principes d&#8217;exactitude, de l\u00e9galit\u00e9, de transparence pr\u00e9vus par l\u2019art. 5 RGPD, m\u00eame avec l\u2019aide d\u2019instruments informatiques et t\u00e9l\u00e9matiques, aptes \u00e0 m\u00e9moriser et \u00e0 g\u00e9rer ces donn\u00e9es et, quoi qu\u2019il en soit, afin d\u2019en garantir la s\u00e9curit\u00e9 et d\u2019assurer la plus grande confidentialit\u00e9 de l\u2019int\u00e9ress\u00e9.<\/p><p><strong>Cat\u00e9gories de sujets autoris\u00e9s au traitement et auxquels les donn\u00e9es peuvent \u00eatre communiqu\u00e9es<\/strong> <br \/>En plus du titulaire, dans certains cas, les donn\u00e9es personnelles des utilisateurs seront connues et trait\u00e9es, dans le respect de la loi en vigueur en la mati\u00e8re, par d\u2019autres sujets impliqu\u00e9s dans l\u2019organisation de ce site internet :<\/p><p>&#8211; du personnel dans le secteur administratif, commercial, marketing, juridique, des administrateurs de syst\u00e8me ou des sujets ext\u00e9rieurs (comme des fournisseurs de services techniques, des courriers postaux, des fournisseurs d\u2019h\u00e9bergement, des soci\u00e9t\u00e9s informatiques, des agences de communication) d\u00e9sign\u00e9s, dans ce cas, comme responsables du traitement par le titulaire ex art. 28 du RGPD. La liste mise \u00e0 jour des Responsables pourra toujours \u00eatre demand\u00e9e au titulaire du traitement ;<\/p><p>&#8211; aux autorit\u00e9s de s\u00e9curit\u00e9 publique ou \u00e0 d\u2019autres sujets publics \u00e0 des fins de d\u00e9fense, de s\u00e9curit\u00e9 de l\u2019\u00c9tat et de d\u00e9tection des d\u00e9lits ou \u00e0 l\u2019autorit\u00e9 juridique conform\u00e9ment aux obligations l\u00e9gales, en cas de soup\u00e7on de d\u00e9lit.<\/p><p>Les donn\u00e9es sont trait\u00e9es au si\u00e8ge du titulaire et dans tout autre lieu dans lequel les parties impliqu\u00e9es dans le traitement sont localis\u00e9es.<\/p><p>Hormis les cas cit\u00e9s ci-dessus, les donn\u00e9es personnelles ne sont, en aucune mani\u00e8re et pour aucun motif, communiqu\u00e9es ou diffus\u00e9es \u00e0 des tiers. Enfin, aucune donn\u00e9e personnelle ne sera transf\u00e9r\u00e9e vers des pays tiers ou des organisations internationales \u00e0 moins que cela ne soit strictement li\u00e9 \u00e0 des demandes sp\u00e9cifiques provenant de l\u2019utilisateur, et pour lesquelles un consentement sp\u00e9cifique sera demand\u00e9.<\/p><p>L\u2019utilisateur a le droit d\u2019obtenir des informations concernant la base juridique du transfert de donn\u00e9es hors de l\u2019Union Europ\u00e9enne ou \u00e0 une organisation internationale de droit international public ou constitu\u00e9e de deux ou plusieurs pays, comme par exemple l\u2019ONU. Il en va de m\u00eame pour les mesures de s\u00e9curit\u00e9 adopt\u00e9es par le titulaire pour prot\u00e9ger les donn\u00e9es.<\/p><p><strong>P\u00e9riode de conservation<\/strong> <br \/>En lien avec les diff\u00e9rentes finalit\u00e9s et les buts pour lesquels les donn\u00e9es ont \u00e9t\u00e9 collect\u00e9es, ces derni\u00e8res seront conserv\u00e9es pendant le temps pr\u00e9vu par la r\u00e9glementation en vigueur ou durant le temps n\u00e9cessaire \u00e0 la poursuite des finalit\u00e9s. Plus pr\u00e9cis\u00e9ment :<\/p><p>&#8211; les donn\u00e9es de navigation seront conserv\u00e9es pour une dur\u00e9e maximale de 365 jours ;<\/p><p>&#8211; les donn\u00e9es collect\u00e9es \u00e0 travers les cookies seront conserv\u00e9es pour une p\u00e9riode n\u2019exc\u00e9dant pas celle indiqu\u00e9e dans la <a href=\"https:\/\/itechmedicaldivision.com\/fr\/politique-de-cookies\/\">notice d&#8217;information<\/a> d\u00e9taill\u00e9e disponible sur le site web ;<\/p><p>&#8211; les donn\u00e9es personnelles collect\u00e9es pour des fins li\u00e9es \u00e0 l\u2019ex\u00e9cution d\u2019un contrat entre le titulaire et l\u2019utilisateur seront conserv\u00e9es jusqu\u2019\u00e0 ce que s\u2019ach\u00e8ve l\u2019ex\u00e9cution de ce contrat ;<\/p><p>&#8211; Pour des fins commerciales et de profilage, les donn\u00e9es seront conserv\u00e9es pour une dur\u00e9e de 5 (cinq) ans.<\/p><p>&#8211; Les donn\u00e9es personnelles collect\u00e9es \u00e0 des fins li\u00e9es \u00e0 l\u2019int\u00e9r\u00eat l\u00e9gitime du titulaire seront conserv\u00e9es tant que cet int\u00e9r\u00eat perdure.<\/p><p>Lorsque le traitement est bas\u00e9 sur le consentement de l\u2019utilisateur, le titulaire peut conserver les donn\u00e9es personnelles pour une plus longue dur\u00e9e jusqu\u2019\u00e0 la r\u00e9vocation de ce consentement. En outre, le responsable du traitement peut \u00eatre tenu de conserver les donn\u00e9es \u00e0 caract\u00e8re personnel pendant une p\u00e9riode plus longue en conformit\u00e9 avec une obligation l\u00e9gale ou par ordre d&#8217;une autorit\u00e9.<\/p><p>\u00c0 la fin de la p\u00e9riode de conservation, les donn\u00e9es personnelles seront supprim\u00e9es. Par cons\u00e9quent, lorsque ce d\u00e9lai expire, les droits d\u2019acc\u00e8s, de suppression, de rectification et le droit \u00e0 la portabilit\u00e9 des sonn\u00e9es ne pourront plus \u00eatre exerc\u00e9s.<\/p><p><strong>Droits de l\u2019utilisateur<\/strong> <br \/>Nous vous informons que, en votre qualit\u00e9 d\u2019int\u00e9ress\u00e9, concernant toutes les donn\u00e9es personnelles trait\u00e9es, les droits pr\u00e9vus par le RGPD pourront \u00eatre exerc\u00e9s, et en particulier :<\/p><p>&#8211; Droit d\u2019acc\u00e8s aux donn\u00e9es collect\u00e9es et trait\u00e9es (art. 15) ;<\/p><p>&#8211; droit d\u2019obtenir la rectification des donn\u00e9es (art. 16) ;<\/p><p>&#8211; droit d\u2019obtenir la suppression des donn\u00e9es et droit \u00e0 l\u2019oubli (art. 17) ;<\/p><p>&#8211; droit d\u2019obtenir la limitation du traitement (art. 18) ;<\/p><p>&#8211; droit \u00e0 la portabilit\u00e9 des donn\u00e9es \u00e0 un autre titulaire (art. 20) ;<\/p><p>&#8211; droit d\u2019opposition au traitement (art. 21) ;<\/p><p>&#8211; droit de r\u00e9vocation du consentement (si le traitement se base sur le consentement), sans compromettre la nature l\u00e9gale du traitement bas\u00e9e sur le consentement accord\u00e9 avant la r\u00e9vocation (art. 7) ;<\/p><p>&#8211; droit d\u2019introduire une r\u00e9clamation \u00e0 l\u2019autorit\u00e9 de contr\u00f4le (art. 77) ;<\/p><p>&#8211; droit de d\u00e9poser un recours juridictionnel contre l\u2019autorit\u00e9 de contr\u00f4le (art. 78) et contre le titulaire ou le responsable du traitement (art. 79).<\/p><p>Pour exercer les droits \u00e9nonc\u00e9s, les utilisateurs peuvent adresser une demande aux coordonn\u00e9es du titulaire indiqu\u00e9es dans ce document. Les demandes sont d\u00e9pos\u00e9es \u00e0 titre gratuit et trait\u00e9es par le titulaire dans les plus brefs d\u00e9lais, et dans tous les cas dans un d\u00e9lai maximum d\u2019un mois.<\/p><p><strong>Droit de r\u00e9clamation<\/strong><br \/>Les int\u00e9ress\u00e9s qui estiment que le traitement des donn\u00e9es personnelles les concernant et qui a \u00e9t\u00e9 effectu\u00e9 \u00e0 travers ce site s\u2019est fait en violation de ce que pr\u00e9voit le R\u00e8glement, ont le droit d\u2019introduire une r\u00e9clamation au garant, comme pr\u00e9vu par l\u2019art. 77 de ce m\u00eame R\u00e8glement, ou de recourir aux voies l\u00e9gales (art. 79 du R\u00e8glement).<\/p><p><strong>Traitement automatis\u00e9 et profilage<\/strong><br \/>En fournissant votre consentement pour le traitement des donn\u00e9es personnelles pour les fins indiqu\u00e9es dans la section correspondante, les donn\u00e9es collect\u00e9es pourront faire l\u2019objet d\u2019un processus d\u00e9cisionnel automatis\u00e9, par le biais d\u2019un algorithme sp\u00e9cifique qui d\u00e9cidera quelles communications sont les plus adapt\u00e9es \u00e0 votre profil ou lesquelles pourraient vous int\u00e9resser davantage.<\/p><p>Rien de ce qui est propos\u00e9 ne sera contraignant pour l\u2019utilisateur.<\/p><p>L\u2019int\u00e9ress\u00e9 a, dans tous les cas, le droit d\u2019obtenir l\u2019intervention humaine dans le processus d\u00e9cisionnel de la part du titulaire, d\u2019exprimer sa propre opinion, d\u2019obtenir une explication de la d\u00e9cision obtenue et de contester cette d\u00e9cision.<\/p><p><strong>Politique d\u2019utilisation des cookies<\/strong> <br \/>Ce site Web utilise des Outils de suivi. Pour en savoir plus, l\u2019utilisateur peut consulter la Politique d\u2019utilisation des cookies.<\/p><p><strong>Modifications \u00e0 la pr\u00e9sente politique de confidentialit\u00e9<\/strong> <br \/>Le titulaire du traitement se r\u00e9serve le droit d\u2019apporter des modifications \u00e0 la pr\u00e9sente politique de confidentialit\u00e9 \u00e0 tout moment en informant les utilisateurs sur cette page et, si possible, sur ce site internet ainsi que, lorsque cela est techniquement et juridiquement faisable, en envoyant une notification aux utilisateurs en utilisant l\u2019une des donn\u00e9es de contact en sa possession. Nous vous prions par cons\u00e9quent de consulter fr\u00e9quemment cette page, en vous r\u00e9f\u00e9rant \u00e0 la date de la derni\u00e8re modification indiqu\u00e9e au bas de la page.<br \/>Si les modifications concernent des traitement dont la base juridique est le consentement, le titulaire veillera \u00e0 demander \u00e0 nouveau son consentement \u00e0 l\u2019utilisateur.<\/p>\t\t\t\t\t\t<\/div>\n\t\t\t\t<\/div>\n\t\t\t\t<div class=\"elementor-element elementor-element-796ef84 elementor-widget elementor-widget-heading\" data-id=\"796ef84\" data-element_type=\"widget\" data-widget_type=\"heading.default\">\n\t\t\t\t<div class=\"elementor-widget-container\">\n\t\t\t<div class=\"elementor-heading-title elementor-size-small\">Derni\u00e8re modification: <em>21 octobre 2024<\/em><\/div>\t\t<\/div>\n\t\t\t\t<\/div>\n\t\t\t\t\t<\/div>\n\t\t<\/div>\n\t\t\t\t\t<\/div>\n\t\t<\/section>\n\t\t\t\t\t<\/div>\n\t\t<\/div>\n\t\t\t\t\t<\/div>\n\t\t<\/section>\n\t\t\t\t<\/div>\n\t\t","protected":false},"excerpt":{"rendered":"<p>Politique de confidentialit\u00e9 de itechmedicaldivision.com conform\u00e9ment \u00e0 l\u2019art. 13, paragraphe 1, R\u00c8GLEMENT UE 679\/2016 pour la protection des donn\u00e9es personnelles [&hellip;]<\/p>\n","protected":false},"author":7,"featured_media":0,"parent":0,"menu_order":50,"comment_status":"closed","ping_status":"closed","template":"page-templates\/template_fullwidth.php","meta":{"_acf_changed":false,"footnotes":""},"class_list":["post-19579","page","type-page","status-publish","hentry","col-lg-4 col-md-6"],"acf":[],"_links":{"self":[{"href":"https:\/\/itechmedicaldivision.com\/fr\/wp-json\/wp\/v2\/pages\/19579","targetHints":{"allow":["GET"]}}],"collection":[{"href":"https:\/\/itechmedicaldivision.com\/fr\/wp-json\/wp\/v2\/pages"}],"about":[{"href":"https:\/\/itechmedicaldivision.com\/fr\/wp-json\/wp\/v2\/types\/page"}],"author":[{"embeddable":true,"href":"https:\/\/itechmedicaldivision.com\/fr\/wp-json\/wp\/v2\/users\/7"}],"replies":[{"embeddable":true,"href":"https:\/\/itechmedicaldivision.com\/fr\/wp-json\/wp\/v2\/comments?post=19579"}],"version-history":[{"count":3,"href":"https:\/\/itechmedicaldivision.com\/fr\/wp-json\/wp\/v2\/pages\/19579\/revisions"}],"predecessor-version":[{"id":64493,"href":"https:\/\/itechmedicaldivision.com\/fr\/wp-json\/wp\/v2\/pages\/19579\/revisions\/64493"}],"wp:attachment":[{"href":"https:\/\/itechmedicaldivision.com\/fr\/wp-json\/wp\/v2\/media?parent=19579"}],"curies":[{"name":"wp","href":"https:\/\/api.w.org\/{rel}","templated":true}]}}