{"id":19249,"date":"2021-12-15T12:27:45","date_gmt":"2021-12-15T11:27:45","guid":{"rendered":"https:\/\/itechmedicaldivision.com\/?page_id=19249"},"modified":"2025-09-19T10:39:33","modified_gmt":"2025-09-19T08:39:33","slug":"qui-sommes-nous","status":"publish","type":"page","link":"https:\/\/itechmedicaldivision.com\/fr\/qui-sommes-nous\/","title":{"rendered":"Qui sommes-nous"},"content":{"rendered":"\t\t<div data-elementor-type=\"wp-post\" data-elementor-id=\"19249\" class=\"elementor elementor-19249 elementor-307\" data-elementor-post-type=\"page\">\n\t\t\t\t\t\t<section class=\"elementor-section elementor-top-section elementor-element elementor-element-17d024a4 elementor-section-boxed elementor-section-height-default elementor-section-height-default\" data-id=\"17d024a4\" data-element_type=\"section\">\n\t\t\t\t\t\t<div class=\"elementor-container elementor-column-gap-default\">\n\t\t\t\t\t<div class=\"elementor-column elementor-col-100 elementor-top-column elementor-element elementor-element-1bdc0d77\" data-id=\"1bdc0d77\" data-element_type=\"column\">\n\t\t\t<div class=\"elementor-widget-wrap elementor-element-populated\">\n\t\t\t\t\t\t<div class=\"elementor-element elementor-element-cb4fac0 fixfnt elementor-widget elementor-widget-heading\" data-id=\"cb4fac0\" data-element_type=\"widget\" data-widget_type=\"heading.default\">\n\t\t\t\t<div class=\"elementor-widget-container\">\n\t\t\t<p class=\"elementor-heading-title elementor-size-default\">QUI SOMMES-NOUS<\/p>\t\t<\/div>\n\t\t\t\t<\/div>\n\t\t\t\t<div class=\"elementor-element elementor-element-dbe8136 elementor-widget elementor-widget-heading\" data-id=\"dbe8136\" data-element_type=\"widget\" data-widget_type=\"heading.default\">\n\t\t\t\t<div class=\"elementor-widget-container\">\n\t\t\t<h1 class=\"elementor-heading-title elementor-size-default\">L'entreprise<\/h1>\t\t<\/div>\n\t\t\t\t<\/div>\n\t\t\t\t\t<\/div>\n\t\t<\/div>\n\t\t\t\t\t<\/div>\n\t\t<\/section>\n\t\t\t\t<section class=\"elementor-section elementor-top-section elementor-element elementor-element-7b4ce419 elementor-section-boxed elementor-section-height-default elementor-section-height-default\" data-id=\"7b4ce419\" data-element_type=\"section\">\n\t\t\t\t\t\t<div class=\"elementor-container elementor-column-gap-default\">\n\t\t\t\t\t<div class=\"elementor-column elementor-col-100 elementor-top-column elementor-element elementor-element-38fc3dd\" data-id=\"38fc3dd\" data-element_type=\"column\">\n\t\t\t<div class=\"elementor-widget-wrap elementor-element-populated\">\n\t\t\t\t\t\t<div class=\"elementor-element elementor-element-4d8d0b55 elementor-widget elementor-widget-spacer\" data-id=\"4d8d0b55\" data-element_type=\"widget\" data-widget_type=\"spacer.default\">\n\t\t\t\t<div class=\"elementor-widget-container\">\n\t\t\t\t\t<div class=\"elementor-spacer\">\n\t\t\t<div class=\"elementor-spacer-inner\"><\/div>\n\t\t<\/div>\n\t\t\t\t<\/div>\n\t\t\t\t<\/div>\n\t\t\t\t<div class=\"elementor-element elementor-element-c5f5d5a elementor-widget elementor-widget-text-editor\" data-id=\"c5f5d5a\" data-element_type=\"widget\" data-widget_type=\"text-editor.default\">\n\t\t\t\t<div class=\"elementor-widget-container\">\n\t\t\t\t\t\t\t<p>Le syst\u00e8me de sant\u00e9 dans le domaine de la\u00a0<strong>th\u00e9rapie de la douleur<\/strong>\u00a0et de la\u00a0<strong>r\u00e9\u00e9ducation<\/strong>\u00a0est en pleine mutation. Les institutions du monde entier pr\u00e9conisent la d\u00e9centralisation des services de sant\u00e9 de base, en faveur de la\u00a0<strong>th\u00e9rapie \u00e0 domicile<\/strong>, au sein d&#8217;un \u00e9cosyst\u00e8me guid\u00e9 par la <strong>m\u00e9decine num\u00e9rique<\/strong>.<\/p><p>Dans ce contexte, I-Tech Medical Division est \u00e0 l&#8217;avant-garde de l&#8217;am\u00e9lioration de la sant\u00e9 et de la qualit\u00e9 de vie des patients, ainsi que du soutien aux soignants.<\/p><p>Nous sommes sp\u00e9cialis\u00e9s dans la <strong>conception et la fabrication de dispositifs \u00e9lectrom\u00e9dicaux<\/strong>, mais nous ne sommes pas de simples fabricants. Nous g\u00e9rons la <strong>prise en charge du patient<\/strong>, de la conception et du d\u00e9veloppement des dispositifs \u00e0 l&#8217;assistance Clients. Avant, pendant, et apr\u00e8s l\u2019achat. En effet, <strong>nous vous accompagnons tout au long du processus de traitement<\/strong>\u00a0jusqu&#8217;\u00e0 la r\u00e9solution du probl\u00e8me, en vous fournissant des appareils faciles \u00e0 utiliser et en vous guidant dans leur utilisation.<\/p>\t\t\t\t\t\t<\/div>\n\t\t\t\t<\/div>\n\t\t\t\t<div class=\"elementor-element elementor-element-cf8d5f3 elementor-widget elementor-widget-image\" data-id=\"cf8d5f3\" data-element_type=\"widget\" data-widget_type=\"image.default\">\n\t\t\t\t<div class=\"elementor-widget-container\">\n\t\t\t\t\t\t\t\t\t\t\t\t\t\t<a href=\"https:\/\/itechmedicaldivision.com\/wp-content\/uploads\/exp-1.jpg\" data-elementor-open-lightbox=\"yes\" data-elementor-lightbox-title=\"exp\" data-e-action-hash=\"#elementor-action%3Aaction%3Dlightbox%26settings%3DeyJpZCI6NjAyNzUsInVybCI6Imh0dHBzOlwvXC9pdGVjaG1lZGljYWxkaXZpc2lvbi5jb21cL3dwLWNvbnRlbnRcL3VwbG9hZHNcL2V4cC0xLmpwZyJ9\">\n\t\t\t\t\t\t\t<img fetchpriority=\"high\" decoding=\"async\" width=\"1920\" height=\"1440\" src=\"https:\/\/itechmedicaldivision.com\/wp-content\/uploads\/exp-1.jpg\" class=\"attachment-full size-full wp-image-60275\" alt=\"\" srcset=\"https:\/\/itechmedicaldivision.com\/wp-content\/uploads\/exp-1.jpg 1920w, https:\/\/itechmedicaldivision.com\/wp-content\/uploads\/exp-1-600x450.jpg 600w, https:\/\/itechmedicaldivision.com\/wp-content\/uploads\/exp-1-1024x768.jpg 1024w, https:\/\/itechmedicaldivision.com\/wp-content\/uploads\/exp-1-768x576.jpg 768w, https:\/\/itechmedicaldivision.com\/wp-content\/uploads\/exp-1-1536x1152.jpg 1536w, https:\/\/itechmedicaldivision.com\/wp-content\/uploads\/exp-1-500x375.jpg 500w, https:\/\/itechmedicaldivision.com\/wp-content\/uploads\/exp-1-720x540.jpg 720w\" sizes=\"(max-width: 1920px) 100vw, 1920px\" \/>\t\t\t\t\t\t\t\t<\/a>\n\t\t\t\t\t\t\t\t\t\t\t\t\t<\/div>\n\t\t\t\t<\/div>\n\t\t\t\t<div class=\"elementor-element elementor-element-43ac4d8 elementor-widget elementor-widget-text-editor\" data-id=\"43ac4d8\" data-element_type=\"widget\" data-widget_type=\"text-editor.default\">\n\t\t\t\t<div class=\"elementor-widget-container\">\n\t\t\t\t\t\t\t<p>Tous nos\u00a0<strong>produits\u00a0sont<\/strong>\u00a0<strong>homologu\u00e9s\u00a0par le Minist\u00e8re de la sant\u00e9 italien<\/strong>.<\/p><p>De plus, nous soutenons et formons nos partenaires afin de vous offrir la meilleure exp\u00e9rience d\u2019achat possible. Nous accompagnons les m\u00e9decins et les professionnels de sant\u00e9 \u00e0 travers\u00a0des \u00e9tudes cliniques de valeur internationale et nous investissons constamment dans la\u00a0recherche\u00a0et la\u00a0formation\u00a0sp\u00e9cifique sur les techniques th\u00e9rapeutiques.<\/p><p>Tout cela devient possible gr\u00e2ce au travail d&#8217;une \u00e9quipe de plus de 80 personnes compos\u00e9e d&#8217;employ\u00e9s, d&#8217;agents et de visiteurs m\u00e9dicaux (en compl\u00e9ment du soutien de nos revendeurs, fournisseurs et partenaires).<\/p><p>Mais nous ne pourrions pas atteindre tous nos objectifs sans la pr\u00e9sence et l\u2019adh\u00e9sion \u00e0 nos propres valeurs de nombreux m\u00e9decins, kin\u00e9sith\u00e9rapeutes et professionnels de la sant\u00e9, du sport et du v\u00e9t\u00e9rinaire.<\/p>\t\t\t\t\t\t<\/div>\n\t\t\t\t<\/div>\n\t\t\t\t\t<\/div>\n\t\t<\/div>\n\t\t\t\t\t<\/div>\n\t\t<\/section>\n\t\t\t\t<section class=\"elementor-section elementor-top-section elementor-element elementor-element-ce36440 elementor-section-stretched elementor-section-boxed elementor-section-height-default elementor-section-height-default\" data-id=\"ce36440\" data-element_type=\"section\" data-settings=\"{&quot;stretch_section&quot;:&quot;section-stretched&quot;}\">\n\t\t\t\t\t\t<div class=\"elementor-container elementor-column-gap-wider\">\n\t\t\t\t\t<div class=\"elementor-column elementor-col-100 elementor-top-column elementor-element elementor-element-5d20a24\" data-id=\"5d20a24\" data-element_type=\"column\">\n\t\t\t<div class=\"elementor-widget-wrap elementor-element-populated\">\n\t\t\t\t\t\t<div class=\"elementor-element elementor-element-25be5da elementor-widget elementor-widget-heading\" data-id=\"25be5da\" data-element_type=\"widget\" data-widget_type=\"heading.default\">\n\t\t\t\t<div class=\"elementor-widget-container\">\n\t\t\t<h2 class=\"elementor-heading-title elementor-size-default\">L'HISTOIRE DE LA DIVISION M\u00c9DICALE I-TECH<\/h2>\t\t<\/div>\n\t\t\t\t<\/div>\n\t\t\t\t\t<\/div>\n\t\t<\/div>\n\t\t\t\t\t<\/div>\n\t\t<\/section>\n\t\t\t\t<section class=\"elementor-section elementor-top-section elementor-element elementor-element-d07ba6c elementor-section-stretched elementor-section-boxed elementor-section-height-default elementor-section-height-default\" data-id=\"d07ba6c\" data-element_type=\"section\" data-settings=\"{&quot;background_background&quot;:&quot;classic&quot;,&quot;stretch_section&quot;:&quot;section-stretched&quot;}\">\n\t\t\t\t\t\t<div class=\"elementor-container elementor-column-gap-default\">\n\t\t\t\t\t<div class=\"elementor-column elementor-col-50 elementor-top-column elementor-element elementor-element-1be0ceff\" data-id=\"1be0ceff\" data-element_type=\"column\">\n\t\t\t<div class=\"elementor-widget-wrap elementor-element-populated\">\n\t\t\t\t\t\t<div class=\"elementor-element elementor-element-afaa4fe elementor-widget elementor-widget-heading\" data-id=\"afaa4fe\" data-element_type=\"widget\" data-widget_type=\"heading.default\">\n\t\t\t\t<div class=\"elementor-widget-container\">\n\t\t\t<h3 class=\"elementor-heading-title elementor-size-default\">1963 - 1995 <br \/>La naissance d'IACER<\/h3>\t\t<\/div>\n\t\t\t\t<\/div>\n\t\t\t\t\t<\/div>\n\t\t<\/div>\n\t\t\t\t<div class=\"elementor-column elementor-col-50 elementor-top-column elementor-element elementor-element-76eec15a\" data-id=\"76eec15a\" data-element_type=\"column\">\n\t\t\t<div class=\"elementor-widget-wrap elementor-element-populated\">\n\t\t\t\t\t\t<div class=\"elementor-element elementor-element-2f8ca55 elementor-widget elementor-widget-text-editor\" data-id=\"2f8ca55\" data-element_type=\"widget\" data-widget_type=\"text-editor.default\">\n\t\t\t\t<div class=\"elementor-widget-container\">\n\t\t\t\t\t\t\t<p>I.A.C.E.R. Srl \u2013 soci\u00e9t\u00e9 propri\u00e9taire de la marque I-Tech Medical Division \u2013 voit le jour en 1963 gr\u00e2ce \u00e0 l&#8217;entrepreneur v\u00e9nitien Mario Caprara. Il se consacre d&#8217;abord \u00e0 la vente de syst\u00e8mes de climatisation et de chauffage, puis acc\u00e8de au march\u00e9 de la t\u00e9l\u00e9phonie mobile et y reste jusqu&#8217;au milieu des ann\u00e9es 90.<\/p>\t\t\t\t\t\t<\/div>\n\t\t\t\t<\/div>\n\t\t\t\t\t<\/div>\n\t\t<\/div>\n\t\t\t\t\t<\/div>\n\t\t<\/section>\n\t\t\t\t<section class=\"elementor-section elementor-top-section elementor-element elementor-element-4ce9a8b elementor-section-stretched elementor-section-boxed elementor-section-height-default elementor-section-height-default\" data-id=\"4ce9a8b\" data-element_type=\"section\" data-settings=\"{&quot;background_background&quot;:&quot;classic&quot;,&quot;stretch_section&quot;:&quot;section-stretched&quot;}\">\n\t\t\t\t\t\t<div class=\"elementor-container elementor-column-gap-default\">\n\t\t\t\t\t<div class=\"elementor-column elementor-col-50 elementor-top-column elementor-element elementor-element-e0f5b2b\" data-id=\"e0f5b2b\" data-element_type=\"column\">\n\t\t\t<div class=\"elementor-widget-wrap elementor-element-populated\">\n\t\t\t\t\t\t<div class=\"elementor-element elementor-element-3d13e60 elementor-widget elementor-widget-text-editor\" data-id=\"3d13e60\" data-element_type=\"widget\" data-widget_type=\"text-editor.default\">\n\t\t\t\t<div class=\"elementor-widget-container\">\n\t\t\t\t\t\t\t<p>En 1995, IACER commence \u00e0 distribuer des appareils \u00e9lectrom\u00e9dicaux sur tout le territoire italien. <strong>En 2004<\/strong>, avec l\u2019arriv\u00e9e dans l&#8217;entreprise de Massimo Marcon, alors directeur commercial, <strong>IACER devient enfin fabricant<\/strong>. Cette transformation l&#8217;am\u00e8ne \u00e0 cr\u00e9er la marque I-Tech Medical Division en 2008, ann\u00e9e qui co\u00efncide avec l\u2019arriv\u00e9e de Matteo Zennaro \u00e0 la t\u00eate du d\u00e9partement technique.<\/p><p>En quelques ann\u00e9es, <strong>I-Tech Medical Division<\/strong> se positionne parmi les <strong>principaux acteurs du secteur m\u00e9dical au niveau international<\/strong>.<\/p>\t\t\t\t\t\t<\/div>\n\t\t\t\t<\/div>\n\t\t\t\t\t<\/div>\n\t\t<\/div>\n\t\t\t\t<div class=\"elementor-column elementor-col-50 elementor-top-column elementor-element elementor-element-64b8a4c\" data-id=\"64b8a4c\" data-element_type=\"column\">\n\t\t\t<div class=\"elementor-widget-wrap elementor-element-populated\">\n\t\t\t\t\t\t<div class=\"elementor-element elementor-element-d84d21e elementor-widget elementor-widget-heading\" data-id=\"d84d21e\" data-element_type=\"widget\" data-widget_type=\"heading.default\">\n\t\t\t\t<div class=\"elementor-widget-container\">\n\t\t\t<h3 class=\"elementor-heading-title elementor-size-default\">1995 - 2017 <br \/>L'arriv\u00e9e sur le march\u00e9 des dispositifs \u00e9lectrom\u00e9dicaux<\/h3>\t\t<\/div>\n\t\t\t\t<\/div>\n\t\t\t\t\t<\/div>\n\t\t<\/div>\n\t\t\t\t\t<\/div>\n\t\t<\/section>\n\t\t\t\t<section class=\"elementor-section elementor-top-section elementor-element elementor-element-5c37a7f elementor-section-stretched elementor-section-boxed elementor-section-height-default elementor-section-height-default\" data-id=\"5c37a7f\" data-element_type=\"section\" data-settings=\"{&quot;stretch_section&quot;:&quot;section-stretched&quot;,&quot;background_background&quot;:&quot;classic&quot;}\">\n\t\t\t\t\t\t<div class=\"elementor-container elementor-column-gap-default\">\n\t\t\t\t\t<div class=\"elementor-column elementor-col-50 elementor-top-column elementor-element elementor-element-4e2dbf3\" data-id=\"4e2dbf3\" data-element_type=\"column\">\n\t\t\t<div class=\"elementor-widget-wrap elementor-element-populated\">\n\t\t\t\t\t\t<div class=\"elementor-element elementor-element-eb8513d elementor-widget elementor-widget-heading\" data-id=\"eb8513d\" data-element_type=\"widget\" data-widget_type=\"heading.default\">\n\t\t\t\t<div class=\"elementor-widget-container\">\n\t\t\t<h3 class=\"elementor-heading-title elementor-size-default\">2017 \u00e0 aujourd'hui <br \/>Une nouvelle \u00e8re<\/h3>\t\t<\/div>\n\t\t\t\t<\/div>\n\t\t\t\t<div class=\"elementor-element elementor-element-351c229 elementor-widget elementor-widget-text-editor\" data-id=\"351c229\" data-element_type=\"widget\" data-settings=\"{&quot;_animation&quot;:&quot;none&quot;}\" data-widget_type=\"text-editor.default\">\n\t\t\t\t<div class=\"elementor-widget-container\">\n\t\t\t\t\t\t\t<p><strong>2017<\/strong> marque le d\u00e9but d&#8217;une nouvelle \u00e9poque avec le changement d&#8217;entreprise. <strong>Massimo Marcon et Matteo Zennaro prennent la direction de l&#8217;entreprise en qualit\u00e9 de pr\u00e9sident et directeur g\u00e9n\u00e9ral et<\/strong>, en seulement 5 ans, ils la r\u00e9volutionnent.<\/p><p>Entre-temps, une pand\u00e9mie a r\u00e9v\u00e9l\u00e9 <strong>les atouts d&#8217;IACER\u00a0: courage et d\u00e9termination<\/strong>. L\u2019investissement massif dans les appareils de diagnostic et de protection individuelle fait d&#8217;elle l&#8217;une des rares soci\u00e9t\u00e9s \u00e0 disposer d&#8217;un stock important de saturom\u00e8tres et de thermom\u00e8tres num\u00e9riques. <strong>Pendant le confinement, IACER donne environ 5 000 saturom\u00e8tres et thermom\u00e8tres aux h\u00f4pitaux, aux r\u00e9gions, \u00e0 la protection civile, aux \u00e9coles, aux associations b\u00e9n\u00e9voles et \u00e0 but non lucratif<\/strong>, mettant \u00e0 la disposition des citoyens les plus en difficult\u00e9 des appareils difficiles \u00e0 trouver \u00e0 l&#8217;\u00e9poque. Au cours de cette p\u00e9riode, elle devient une r\u00e9f\u00e9rence pour des milliers de pharmacies.<\/p><p><strong>En 2022, le nouveau si\u00e8ge social<\/strong> de 3200 m\u00e8tres carr\u00e9s <strong>est inaugur\u00e9 \u00e0 Scorz\u00e8 (VE)<\/strong>. Ce site repr\u00e9sente aussi un vaste espace \u00e9ducatif destin\u00e9 \u00e0 accueillir des \u00e9v\u00e9nements et des conf\u00e9rences d&#8217;universit\u00e9s et de professionnels de la sant\u00e9. Une base solide sur laquelle d\u00e9velopper <strong>les futurs projets d&#8217;I-Tech Medical Division<\/strong>, y compris les projets li\u00e9s au monde de la <strong>m\u00e9decine num\u00e9rique et de la r\u00e9\u00e9ducation \u00e0 distance<\/strong>.<\/p>\t\t\t\t\t\t<\/div>\n\t\t\t\t<\/div>\n\t\t\t\t\t<\/div>\n\t\t<\/div>\n\t\t\t\t<div class=\"elementor-column elementor-col-50 elementor-top-column elementor-element elementor-element-80c8518\" data-id=\"80c8518\" data-element_type=\"column\">\n\t\t\t<div class=\"elementor-widget-wrap elementor-element-populated\">\n\t\t\t\t\t\t<div class=\"elementor-element elementor-element-e773830 elementor-widget elementor-widget-image\" data-id=\"e773830\" data-element_type=\"widget\" data-widget_type=\"image.default\">\n\t\t\t\t<div class=\"elementor-widget-container\">\n\t\t\t\t\t\t\t\t\t\t\t\t\t\t<a href=\"https:\/\/itechmedicaldivision.com\/wp-content\/uploads\/massimo-e-matteo.jpg\" data-elementor-open-lightbox=\"yes\" data-elementor-lightbox-title=\"massimo e matteo\" data-e-action-hash=\"#elementor-action%3Aaction%3Dlightbox%26settings%3DeyJpZCI6NTcwODUsInVybCI6Imh0dHBzOlwvXC9pdGVjaG1lZGljYWxkaXZpc2lvbi5jb21cL3dwLWNvbnRlbnRcL3VwbG9hZHNcL21hc3NpbW8tZS1tYXR0ZW8uanBnIn0%3D\">\n\t\t\t\t\t\t\t<img decoding=\"async\" width=\"1143\" height=\"1600\" src=\"https:\/\/itechmedicaldivision.com\/wp-content\/uploads\/massimo-e-matteo.jpg\" class=\"attachment-full size-full wp-image-57085\" alt=\"Massimo Marcon Presidente Matteo Zennaro CEO IACER\" srcset=\"https:\/\/itechmedicaldivision.com\/wp-content\/uploads\/massimo-e-matteo.jpg 1143w, https:\/\/itechmedicaldivision.com\/wp-content\/uploads\/massimo-e-matteo-429x600.jpg 429w, https:\/\/itechmedicaldivision.com\/wp-content\/uploads\/massimo-e-matteo-732x1024.jpg 732w, https:\/\/itechmedicaldivision.com\/wp-content\/uploads\/massimo-e-matteo-768x1075.jpg 768w, https:\/\/itechmedicaldivision.com\/wp-content\/uploads\/massimo-e-matteo-1097x1536.jpg 1097w, https:\/\/itechmedicaldivision.com\/wp-content\/uploads\/massimo-e-matteo-500x700.jpg 500w, https:\/\/itechmedicaldivision.com\/wp-content\/uploads\/massimo-e-matteo-720x1008.jpg 720w\" sizes=\"(max-width: 1143px) 100vw, 1143px\" \/>\t\t\t\t\t\t\t\t<\/a>\n\t\t\t\t\t\t\t\t\t\t\t\t\t<\/div>\n\t\t\t\t<\/div>\n\t\t\t\t\t<\/div>\n\t\t<\/div>\n\t\t\t\t\t<\/div>\n\t\t<\/section>\n\t\t\t\t<section class=\"elementor-section elementor-top-section elementor-element elementor-element-0329a94 elementor-section-stretched elementor-section-boxed elementor-section-height-default elementor-section-height-default\" data-id=\"0329a94\" data-element_type=\"section\" data-settings=\"{&quot;stretch_section&quot;:&quot;section-stretched&quot;,&quot;background_background&quot;:&quot;classic&quot;}\">\n\t\t\t\t\t\t<div class=\"elementor-container elementor-column-gap-default\">\n\t\t\t\t\t<div class=\"elementor-column elementor-col-100 elementor-top-column elementor-element elementor-element-3373c8b\" data-id=\"3373c8b\" data-element_type=\"column\">\n\t\t\t<div class=\"elementor-widget-wrap elementor-element-populated\">\n\t\t\t\t\t\t<section class=\"elementor-section elementor-inner-section elementor-element elementor-element-78aa9b0 elementor-section-boxed elementor-section-height-default elementor-section-height-default\" data-id=\"78aa9b0\" data-element_type=\"section\">\n\t\t\t\t\t\t<div class=\"elementor-container elementor-column-gap-default\">\n\t\t\t\t\t<div class=\"elementor-column elementor-col-100 elementor-inner-column elementor-element elementor-element-8b2965f\" data-id=\"8b2965f\" data-element_type=\"column\">\n\t\t\t<div class=\"elementor-widget-wrap elementor-element-populated\">\n\t\t\t\t\t\t<div class=\"elementor-element elementor-element-47a70bc elementor-align-left fixfnt elementor-widget elementor-widget-button\" data-id=\"47a70bc\" data-element_type=\"widget\" data-widget_type=\"button.default\">\n\t\t\t\t<div class=\"elementor-widget-container\">\n\t\t\t\t\t\t\t<div class=\"elementor-button-wrapper\">\n\t\t\t\t\t<a class=\"elementor-button elementor-button-link elementor-size-sm\" href=\"https:\/\/itechmedicaldivision.com\/wp-content\/uploads\/A14_b_MD88-05-Quality-policy-EN.pdf\" target=\"_blank\">\n\t\t\t\t\t\t<span class=\"elementor-button-content-wrapper\">\n\t\t\t\t\t\t\t\t\t<span class=\"elementor-button-text\">POLITIQUE DE QUALIT\u00c9<\/span>\n\t\t\t\t\t<\/span>\n\t\t\t\t\t<\/a>\n\t\t\t\t<\/div>\n\t\t\t\t\t\t<\/div>\n\t\t\t\t<\/div>\n\t\t\t\t\t<\/div>\n\t\t<\/div>\n\t\t\t\t\t<\/div>\n\t\t<\/section>\n\t\t\t\t\t<\/div>\n\t\t<\/div>\n\t\t\t\t\t<\/div>\n\t\t<\/section>\n\t\t\t\t<\/div>\n\t\t","protected":false},"excerpt":{"rendered":"<p>QUI SOMMES-NOUS L&#8217;entreprise Le syst\u00e8me de sant\u00e9 dans le domaine de la\u00a0th\u00e9rapie de la douleur\u00a0et de la\u00a0r\u00e9\u00e9ducation\u00a0est en pleine mutation. [&hellip;]<\/p>\n","protected":false},"author":11,"featured_media":57123,"parent":0,"menu_order":20,"comment_status":"closed","ping_status":"closed","template":"page-templates\/template_fullwidth.php","meta":{"_acf_changed":false,"footnotes":""},"class_list":["post-19249","page","type-page","status-publish","has-post-thumbnail","hentry","col-lg-4 col-md-6"],"acf":[],"_links":{"self":[{"href":"https:\/\/itechmedicaldivision.com\/fr\/wp-json\/wp\/v2\/pages\/19249","targetHints":{"allow":["GET"]}}],"collection":[{"href":"https:\/\/itechmedicaldivision.com\/fr\/wp-json\/wp\/v2\/pages"}],"about":[{"href":"https:\/\/itechmedicaldivision.com\/fr\/wp-json\/wp\/v2\/types\/page"}],"author":[{"embeddable":true,"href":"https:\/\/itechmedicaldivision.com\/fr\/wp-json\/wp\/v2\/users\/11"}],"replies":[{"embeddable":true,"href":"https:\/\/itechmedicaldivision.com\/fr\/wp-json\/wp\/v2\/comments?post=19249"}],"version-history":[{"count":6,"href":"https:\/\/itechmedicaldivision.com\/fr\/wp-json\/wp\/v2\/pages\/19249\/revisions"}],"predecessor-version":[{"id":70776,"href":"https:\/\/itechmedicaldivision.com\/fr\/wp-json\/wp\/v2\/pages\/19249\/revisions\/70776"}],"wp:featuredmedia":[{"embeddable":true,"href":"https:\/\/itechmedicaldivision.com\/fr\/wp-json\/wp\/v2\/media\/57123"}],"wp:attachment":[{"href":"https:\/\/itechmedicaldivision.com\/fr\/wp-json\/wp\/v2\/media?parent=19249"}],"curies":[{"name":"wp","href":"https:\/\/api.w.org\/{rel}","templated":true}]}}