{"id":35919,"date":"2022-11-30T17:46:14","date_gmt":"2022-11-30T16:46:14","guid":{"rendered":"https:\/\/itechmedicaldivision.com\/?page_id=35919"},"modified":"2025-12-02T13:13:09","modified_gmt":"2025-12-02T12:13:09","slug":"terminos-y-condiciones","status":"publish","type":"page","link":"https:\/\/itechmedicaldivision.com\/es\/terminos-y-condiciones\/","title":{"rendered":"T\u00e9rminos y condiciones"},"content":{"rendered":"\t\t<div data-elementor-type=\"wp-page\" data-elementor-id=\"35919\" class=\"elementor elementor-35919 elementor-35300\" data-elementor-post-type=\"page\">\n\t\t\t\t\t\t<section class=\"elementor-section elementor-top-section elementor-element elementor-element-092f79a elementor-section-full_width elementor-section-stretched elementor-section-height-default elementor-section-height-default\" data-id=\"092f79a\" data-element_type=\"section\" data-settings=\"{&quot;stretch_section&quot;:&quot;section-stretched&quot;}\">\n\t\t\t\t\t\t<div class=\"elementor-container elementor-column-gap-default\">\n\t\t\t\t\t<div class=\"elementor-column elementor-col-100 elementor-top-column elementor-element elementor-element-e61f994\" data-id=\"e61f994\" data-element_type=\"column\">\n\t\t\t<div class=\"elementor-widget-wrap elementor-element-populated\">\n\t\t\t\t\t\t<section class=\"elementor-section elementor-inner-section elementor-element elementor-element-7d36c58 elementor-section-boxed elementor-section-height-default elementor-section-height-default\" data-id=\"7d36c58\" data-element_type=\"section\">\n\t\t\t\t\t\t<div class=\"elementor-container elementor-column-gap-default\">\n\t\t\t\t\t<div class=\"elementor-column elementor-col-100 elementor-inner-column elementor-element elementor-element-6b6124d\" data-id=\"6b6124d\" data-element_type=\"column\">\n\t\t\t<div class=\"elementor-widget-wrap elementor-element-populated\">\n\t\t\t\t\t\t<div class=\"elementor-element elementor-element-15b90c1 elementor-widget elementor-widget-heading\" data-id=\"15b90c1\" data-element_type=\"widget\" data-widget_type=\"heading.default\">\n\t\t\t\t<div class=\"elementor-widget-container\">\n\t\t\t<h1 class=\"elementor-heading-title elementor-size-default\">T\u00e9rminos y Condiciones del SITIO WEB https:\/\/itechmedicaldivision.com\/<\/h1>\t\t<\/div>\n\t\t\t\t<\/div>\n\t\t\t\t\t<\/div>\n\t\t<\/div>\n\t\t\t\t\t<\/div>\n\t\t<\/section>\n\t\t\t\t\t<\/div>\n\t\t<\/div>\n\t\t\t\t\t<\/div>\n\t\t<\/section>\n\t\t\t\t<section class=\"elementor-section elementor-top-section elementor-element elementor-element-a14b53d elementor-section-boxed elementor-section-height-default elementor-section-height-default\" data-id=\"a14b53d\" data-element_type=\"section\">\n\t\t\t\t\t\t<div class=\"elementor-container elementor-column-gap-default\">\n\t\t\t\t\t<div class=\"elementor-column elementor-col-100 elementor-top-column elementor-element elementor-element-6f852e0\" data-id=\"6f852e0\" data-element_type=\"column\">\n\t\t\t<div class=\"elementor-widget-wrap elementor-element-populated\">\n\t\t\t\t\t\t<div class=\"elementor-element elementor-element-1d01815 elementor-widget elementor-widget-text-editor\" data-id=\"1d01815\" data-element_type=\"widget\" data-widget_type=\"text-editor.default\">\n\t\t\t\t<div class=\"elementor-widget-container\">\n\t\t\t\t\t\t\t<p><strong>1. INTRODUCCI\u00d3N<\/strong><br \/>Este documento define, con referencia al sitio web https:\/\/itechmedicaldivision.com\/ (en adelante, <em>el Sitio<\/em>) los t\u00e9rminos y condiciones de uso correspondientes. <br \/>Al acceder y navegar por <em>el Sitio<\/em> a trav\u00e9s de cualquier ordenador, tel\u00e9fono inteligente, tableta u otro dispositivo, el usuario confirma que ha le\u00eddo atentamente y acepta este documento, que contiene los T\u00e9rminos y Condiciones de Uso del sitio web https:\/\/itechmedicaldivision.com\/.<\/p><p><strong>2. OBJETO DEL SERVICIO PRESTADO A TRAV\u00c9S DE LA NAVEGACI\u00d3N POR EL SITIO<\/strong> <br \/>El <em>Sitio<\/em> proporciona indicaciones t\u00e9cnicas sobre los dispositivos vendidos por el Titular y sobre las patolog\u00edas que se tratan y permite a los usuarios, mediante la cumplimentaci\u00f3n de un formato espec\u00edfico (formulario de contacto de naturaleza comercial, t\u00e9cnica, asistencia posventa) ser contactados para satisfacer sus solicitudes espec\u00edficas (<em>el Servicio<\/em> &#8211; opcional). <br \/>Tambi\u00e9n permite a los usuarios interesados suscribirse al bolet\u00edn informativo y ver el contenido incluido en la p\u00e1gina dedicada al blog. <br \/>Consulte la pol\u00edtica de privacidad indicada en la p\u00e1gina 7 de este documento para obtener informaci\u00f3n espec\u00edfica sobre el tratamiento de los Datos Personales.<\/p><p><strong>3. TITULAR DE LOS DERECHOS RELATIVOS AL SITIO<\/strong><br \/>El titular del sitio es: <strong>I.A.C.E.R. Srl, via Enzo Ferrari n. 2, 30037 Scorz\u00e8 (VE), CF: 00185480274<\/strong>&#8211; Direcci\u00f3n de correo electr\u00f3nico del titular: <strong>iacer@iacer.it<\/strong><br \/>La licencia no incluye ning\u00fan derecho de acceso, uso o revelaci\u00f3n del c\u00f3digo fuente original al Usuario. Las t\u00e9cnicas, algoritmos y procedimientos contenidos en el Sitio web y la documentaci\u00f3n relacionada son propiedad exclusiva del Titular o de su licenciante.<\/p><p><strong>4. CONDICIONES PARA LA NAVEGACI\u00d3N EN EL SITIO<\/strong> <br \/>El Usuario declara que cumple con los siguientes requisitos:<\/p><p>\u2022 el Usuario es mayor de edad o, si es menor de edad, tiene la edad m\u00ednima exigida por la legislaci\u00f3n aplicable (14 a\u00f1os). No se permite la navegaci\u00f3n a menores de 14 a\u00f1os. <br \/>\u2022 el Usuario no est\u00e1 ubicado en un pa\u00eds sujeto a un embargo gubernamental por parte de los Estados Unidos de Am\u00e9rica o en un pa\u00eds incluido en la lista de Estados que patrocinan el terrorismo por parte del Gobierno de los Estados Unidos de Am\u00e9rica;<br \/>\u2022 el Usuario no est\u00e1 incluido en ninguna lista de contratistas no admitidos por el Gobierno de los Estados Unidos de Am\u00e9rica;<\/p><p><strong>5. ACTUALIZACI\u00d3N DEL SITIO. CONFORMIDAD CON LA NORMATIVA APLICABLE<\/strong> <br \/>El Titular toma el m\u00e1ximo cuidado para que el contenido disponible en el Sitio no infrinja la normativa aplicable o los derechos de terceros. Sin embargo, no siempre es posible lograr este resultado.<br \/>En tales casos, sin perjuicio de los derechos y reclamaciones que se puedan ejercer legalmente, se ruega a los Usuarios que dirijan sus reclamaciones a las direcciones especificadas en este documento.<\/p><p><strong>6. USO Y L\u00cdMITES<\/strong> <br \/>Los Usuarios no est\u00e1n autorizados a utilizar los contenidos de ninguna manera que no sea necesaria o est\u00e9 impl\u00edcita en el uso correcto del Servicio.<br \/>En particular, pero sin exclusiones, se proh\u00edbe a los Usuarios copiar, descargar, compartir m\u00e1s all\u00e1 de los l\u00edmites especificados a continuaci\u00f3n, modificar, traducir, procesar, publicar, transmitir, vender, licenciar, transformar, transferir\/enajenar a terceros o crear obras derivadas a partir del contenido disponible en el Sitio, ni permitir a terceros llevar a cabo tales actividades a trav\u00e9s de su cuenta de Usuario o dispositivo, incluso sin su conocimiento.<br \/>Donde se permita expresamente, el Usuario est\u00e1 autorizado a descargar, copiar y\/o compartir determinados contenidos disponibles en la p\u00e1gina de navegaci\u00f3n exclusivamente para fines personales y no comerciales y siempre que se respete la atribuci\u00f3n de la autor\u00eda de la obra, as\u00ed como la indicaci\u00f3n de cualquier otra circunstancia relevante solicitada por el Titular.<br \/>Ello sin perjuicio de las limitaciones y exclusiones previstas en la legislaci\u00f3n sobre derechos de autor.<\/p><p><strong>6.1. Finalidad en el uso del Sitio y del Servicio<\/strong><br \/>El <em>Sitio<\/em> y el <em>Servicio<\/em> solo se pueden utilizar para los fines para los que se ofrecen, de acuerdo con estos T\u00e9rminos y de conformidad con la ley aplicable.<br \/>Es responsabilidad exclusiva del Usuario asegurarse de que el uso del <em>Sitio<\/em> y\/o del Servicio no infrinja la ley, los reglamentos o los derechos de terceros.<br \/>Por lo tanto, el Propietario se reserva el derecho de adoptar todas las medidas apropiadas para proteger sus intereses leg\u00edtimos, y en particular negar al Usuario el acceso al Sitio o al Servicio, rescindir contratos, denunciar cualquier actividad censurable realizada a trav\u00e9s de la navegaci\u00f3n o los Servicios accesibles a las autoridades competentes, por ejemplo, la autoridad judicial o administrativa, siempre que el Usuario realice o se sospeche que realice:<br \/>\u2022 infracciones legales, reglamentarias y\/o de los T\u00e9rminos;<br \/>\u2022 perjuicios a los derechos de terceros;<br \/>\u2022 actos que puedan perjudicar considerablemente los intereses leg\u00edtimos del Titular;<br \/>\u2022 da\u00f1os al Titular o a un tercero.<\/p><p><strong>6.2. Interrupci\u00f3n del Servicio<\/strong><br \/>Para garantizar el mejor nivel de servicio posible, el Titular se reserva el derecho de interrumpir la navegaci\u00f3n por el Sitio y\/o el Servicio con fines de mantenimiento, actualizaciones del sistema o cualquier otra modificaci\u00f3n, informando convenientemente de ello a los Usuarios.<br \/>Adem\u00e1s, el Sitio y\/o el Servicio podr\u00edan no estar disponibles por causas que escapan al control razonable del Titular, como causas de fuerza mayor (por ejemplo, huelgas, fallos de funcionamiento de la infraestructura, apagones, etc.).<\/p><p><strong>7. POL\u00cdTICA DE PRIVACIDAD<\/strong> <br \/>La informaci\u00f3n sobre el tratamiento de los Datos Personales se encuentra en la pol\u00edtica de privacidad de esta Aplicaci\u00f3n, que se puede consultar en el enlace <a href=\"https:\/\/itechmedicaldivision.com\/privacy-policy\/\">https:\/\/itechmedicaldivision.com\/privacy-policy\/<\/a> <br \/>Los usuarios deben leer la informaci\u00f3n y dar su consentimiento para el tratamiento de datos, si es necesario, antes de activar los servicios proporcionados.<\/p><p><strong>8. MODIFICACIONES DE LOS T\u00c9RMINOS<\/strong> <br \/>El Titular se reserva el derecho de modificar los T\u00e9rminos en cualquier momento si existen razones justificadas y surgen necesidades sobrevenidas. En tal caso, el Titular informar\u00e1 oportunamente a los Usuarios sobre las modificaciones. Los cambios tendr\u00e1n efectos en la relaci\u00f3n con el Usuario solo para el futuro. El uso continuado del Sitio y\/o del Servicio implica la aceptaci\u00f3n por parte del Usuario de los T\u00e9rminos actualizados. Si el Usuario no desea aceptar los cambios, debe dejar de usar el Servicio. Si no se aceptan los T\u00e9rminos actualizados, cualquiera de las partes puede rescindir el Acuerdo.<br \/>La versi\u00f3n anterior aplicable seguir\u00e1 rigiendo la relaci\u00f3n hasta la aceptaci\u00f3n del Usuario. Dicha versi\u00f3n puede solicitarse al Titular.<br \/>Si as\u00ed lo exige la ley aplicable, el Titular especificar\u00e1 la fecha en que las modificaciones de los T\u00e9rminos entrar\u00e1n en vigor.<\/p><p><strong>9. CESI\u00d3N DE LOS DERECHOS RELATIVOS AL SITIO<\/strong> <br \/>El Titular se reserva el derecho de transferir, ceder, disponer, novar o subcontratar derechos individuales o todos los derechos y obligaciones en virtud de estos T\u00e9rminos, teniendo en cuenta los intereses leg\u00edtimos de los Usuarios y el mantenimiento de la misma protecci\u00f3n de los derechos prevista en este contrato.<\/p><p><strong>10. LEGISLACI\u00d3N APLICABLE Y TRIBUNALES COMPETENTES<\/strong><br \/>Las presentes Condiciones y todas las controversias relativas a la ejecuci\u00f3n, interpretaci\u00f3n y validez est\u00e1n sujetas a la legislaci\u00f3n italiana y a la competencia exclusiva del tribunal del lugar en el que tiene su sede el Titular.<br \/>Si el Usuario es un consumidor de conformidad con el art\u00edculo 3 del C\u00f3digo del Consumo, la competencia territorial obligatoria se determina en el tribunal del lugar de residencia o domicilio del consumidor, si se encuentra en el territorio del Estado italiano, sin perjuicio de la facultad del Usuario-consumidor de recurrir a un tribunal diferente del &#8220;foro del consumidor&#8221;, de conformidad con el art. 66 bis del C\u00f3digo del Consumo, competente para el territorio de acuerdo con uno de los criterios establecidos en los art\u00edculos 18, 19 y 20 del C\u00f3digo Procesal Civil.<\/p>\t\t\t\t\t\t<\/div>\n\t\t\t\t<\/div>\n\t\t\t\t\t<\/div>\n\t\t<\/div>\n\t\t\t\t\t<\/div>\n\t\t<\/section>\n\t\t\t\t<section class=\"elementor-section elementor-top-section elementor-element elementor-element-95d4a6f elementor-section-boxed elementor-section-height-default elementor-section-height-default\" data-id=\"95d4a6f\" data-element_type=\"section\">\n\t\t\t\t\t\t<div class=\"elementor-container elementor-column-gap-default\">\n\t\t\t\t\t<div class=\"elementor-column elementor-col-100 elementor-top-column elementor-element elementor-element-b43fe87\" data-id=\"b43fe87\" data-element_type=\"column\">\n\t\t\t<div class=\"elementor-widget-wrap elementor-element-populated\">\n\t\t\t\t\t\t<div class=\"elementor-element elementor-element-04cd995 elementor-widget elementor-widget-text-editor\" data-id=\"04cd995\" data-element_type=\"widget\" data-widget_type=\"text-editor.default\">\n\t\t\t\t<div class=\"elementor-widget-container\">\n\t\t\t\t\t\t\t<p style=\"text-align: right;\"><em>\u00faltima modificaci\u00f3n: 02 <span class=\"HwtZe\" lang=\"es\"><span class=\"jCAhz ChMk0b\"><span class=\"ryNqvb\">diciembre<\/span><\/span><\/span> 2025<\/em><\/p>\t\t\t\t\t\t<\/div>\n\t\t\t\t<\/div>\n\t\t\t\t\t<\/div>\n\t\t<\/div>\n\t\t\t\t\t<\/div>\n\t\t<\/section>\n\t\t\t\t<\/div>\n\t\t","protected":false},"excerpt":{"rendered":"<p>T\u00e9rminos y Condiciones del SITIO WEB https:\/\/itechmedicaldivision.com\/ 1. INTRODUCCI\u00d3NEste documento define, con referencia al sitio web https:\/\/itechmedicaldivision.com\/ (en adelante, el [&hellip;]<\/p>\n","protected":false},"author":12,"featured_media":0,"parent":0,"menu_order":52,"comment_status":"closed","ping_status":"closed","template":"page-templates\/template_fullwidth.php","meta":{"_acf_changed":false,"footnotes":""},"class_list":["post-35919","page","type-page","status-publish","hentry","col-lg-4 col-md-6"],"acf":[],"_links":{"self":[{"href":"https:\/\/itechmedicaldivision.com\/es\/wp-json\/wp\/v2\/pages\/35919","targetHints":{"allow":["GET"]}}],"collection":[{"href":"https:\/\/itechmedicaldivision.com\/es\/wp-json\/wp\/v2\/pages"}],"about":[{"href":"https:\/\/itechmedicaldivision.com\/es\/wp-json\/wp\/v2\/types\/page"}],"author":[{"embeddable":true,"href":"https:\/\/itechmedicaldivision.com\/es\/wp-json\/wp\/v2\/users\/12"}],"replies":[{"embeddable":true,"href":"https:\/\/itechmedicaldivision.com\/es\/wp-json\/wp\/v2\/comments?post=35919"}],"version-history":[{"count":3,"href":"https:\/\/itechmedicaldivision.com\/es\/wp-json\/wp\/v2\/pages\/35919\/revisions"}],"predecessor-version":[{"id":71870,"href":"https:\/\/itechmedicaldivision.com\/es\/wp-json\/wp\/v2\/pages\/35919\/revisions\/71870"}],"wp:attachment":[{"href":"https:\/\/itechmedicaldivision.com\/es\/wp-json\/wp\/v2\/media?parent=35919"}],"curies":[{"name":"wp","href":"https:\/\/api.w.org\/{rel}","templated":true}]}}