{"id":35912,"date":"2022-11-30T17:40:12","date_gmt":"2022-11-30T16:40:12","guid":{"rendered":"https:\/\/itechmedicaldivision.com\/?page_id=35912"},"modified":"2023-05-30T16:32:20","modified_gmt":"2023-05-30T14:32:20","slug":"informacion-consentimiento-boletines-informativos","status":"publish","type":"page","link":"https:\/\/itechmedicaldivision.com\/es\/informacion-consentimiento-boletines-informativos\/","title":{"rendered":"Informaci\u00f3n y consentimiento para boletines informativos"},"content":{"rendered":"\t\t<div data-elementor-type=\"wp-page\" data-elementor-id=\"35912\" class=\"elementor elementor-35912 elementor-35306\" data-elementor-post-type=\"page\">\n\t\t\t\t\t\t<section class=\"elementor-section elementor-top-section elementor-element elementor-element-89a523d elementor-section-full_width elementor-section-stretched elementor-section-height-default elementor-section-height-default\" data-id=\"89a523d\" data-element_type=\"section\" data-settings=\"{&quot;stretch_section&quot;:&quot;section-stretched&quot;}\">\n\t\t\t\t\t\t<div class=\"elementor-container elementor-column-gap-default\">\n\t\t\t\t\t<div class=\"elementor-column elementor-col-100 elementor-top-column elementor-element elementor-element-cf890ec\" data-id=\"cf890ec\" data-element_type=\"column\">\n\t\t\t<div class=\"elementor-widget-wrap elementor-element-populated\">\n\t\t\t\t\t\t<section class=\"elementor-section elementor-inner-section elementor-element elementor-element-9a9d646 elementor-section-boxed elementor-section-height-default elementor-section-height-default\" data-id=\"9a9d646\" data-element_type=\"section\">\n\t\t\t\t\t\t<div class=\"elementor-container elementor-column-gap-default\">\n\t\t\t\t\t<div class=\"elementor-column elementor-col-100 elementor-inner-column elementor-element elementor-element-a9161a8\" data-id=\"a9161a8\" data-element_type=\"column\">\n\t\t\t<div class=\"elementor-widget-wrap elementor-element-populated\">\n\t\t\t\t\t\t<div class=\"elementor-element elementor-element-12dfec7 elementor-widget elementor-widget-heading\" data-id=\"12dfec7\" data-element_type=\"widget\" data-widget_type=\"heading.default\">\n\t\t\t\t<div class=\"elementor-widget-container\">\n\t\t\t<h1 class=\"elementor-heading-title elementor-size-default\">Informaci\u00f3n y consentimiento para boletines informativos<\/h1>\t\t<\/div>\n\t\t\t\t<\/div>\n\t\t\t\t\t<\/div>\n\t\t<\/div>\n\t\t\t\t\t<\/div>\n\t\t<\/section>\n\t\t\t\t\t<\/div>\n\t\t<\/div>\n\t\t\t\t\t<\/div>\n\t\t<\/section>\n\t\t\t\t<section class=\"elementor-section elementor-top-section elementor-element elementor-element-4a2b649 elementor-section-full_width elementor-section-height-default elementor-section-height-default\" data-id=\"4a2b649\" data-element_type=\"section\">\n\t\t\t\t\t\t<div class=\"elementor-container elementor-column-gap-default\">\n\t\t\t\t\t<div class=\"elementor-column elementor-col-100 elementor-top-column elementor-element elementor-element-0f7887d\" data-id=\"0f7887d\" data-element_type=\"column\">\n\t\t\t<div class=\"elementor-widget-wrap elementor-element-populated\">\n\t\t\t\t\t\t<div class=\"elementor-element elementor-element-c5b4b4a elementor-widget elementor-widget-text-editor\" data-id=\"c5b4b4a\" data-element_type=\"widget\" data-widget_type=\"text-editor.default\">\n\t\t\t\t<div class=\"elementor-widget-container\">\n\t\t\t\t\t\t\t<p style=\"text-align: left;\"><strong>de conformidad con el art. 13, APART. 1, REGLAMENTO UE 679\/2016 de protecci\u00f3n de datos personales (RGPD)<\/strong><\/p>\t\t\t\t\t\t<\/div>\n\t\t\t\t<\/div>\n\t\t\t\t\t<\/div>\n\t\t<\/div>\n\t\t\t\t\t<\/div>\n\t\t<\/section>\n\t\t\t\t<section class=\"elementor-section elementor-top-section elementor-element elementor-element-2791e89 elementor-section-boxed elementor-section-height-default elementor-section-height-default\" data-id=\"2791e89\" data-element_type=\"section\">\n\t\t\t\t\t\t<div class=\"elementor-container elementor-column-gap-default\">\n\t\t\t\t\t<div class=\"elementor-column elementor-col-100 elementor-top-column elementor-element elementor-element-7fcd903\" data-id=\"7fcd903\" data-element_type=\"column\">\n\t\t\t<div class=\"elementor-widget-wrap elementor-element-populated\">\n\t\t\t\t\t\t<div class=\"elementor-element elementor-element-2693dc5 elementor-widget elementor-widget-text-editor\" data-id=\"2693dc5\" data-element_type=\"widget\" data-widget_type=\"text-editor.default\">\n\t\t\t\t<div class=\"elementor-widget-container\">\n\t\t\t\t\t\t\t<p>IACER S.r.l., de conformidad con lo dispuesto en el art. 13, apart. 1, del Reglamento de la UE 679\/2016 (en adelante RGPD), le informa, en tanto que &#8220;interesado&#8221;, sobre los fines de la recopilaci\u00f3n y las modalidades de tratamiento de los datos personales adquiridos directamente de usted, para la suscripci\u00f3n y el uso del servicio de bolet\u00edn informativo.<\/p><p>Los datos personales proporcionados y adquiridos ser\u00e1n objeto de tratamiento de conformidad con lo dispuesto en el Reglamento citado.<\/p><p>En particular, se especifica lo siguiente:<\/p><p><strong>a) Responsable del Tratamiento<\/strong> <br \/>El Responsable del tratamiento es IACER S.r.l., con domicilio social en Via Enzo Ferrari n. 2, 30037 Scorz\u00e8 (VE), C.F.\/P.I. 00185480274, REA: VE 120250, correo electr\u00f3nico de contacto: iacer@iacer.it<\/p><p><strong>b) Responsable de la protecci\u00f3n de datos &#8211; Identidad y datos de contacto<\/strong><\/p><p>Le informamos de que el Responsable del Tratamiento ha designado, de conformidad con el art\u00edculo 37 del RGPD, a la Responsable de la Protecci\u00f3n de Datos, Maria Antonietta Sacheli, con quien puede ponerse en contacto a trav\u00e9s de los siguientes canales: correo electr\u00f3nico mariaantonietta@fiscleg.it &#8211; tel.: (+39) 049 877161<\/p><p><strong>c) Finalidad del tratamiento y base jur\u00eddica del tratamiento<\/strong> <br \/>&#8211; El tratamiento se lleva a cabo mediante herramientas manuales, inform\u00e1ticas y telem\u00e1ticas y est\u00e1 destinado, mediante la cumplimentaci\u00f3n previa del formulario de inscripci\u00f3n espec\u00edfico, al env\u00edo de boletines informativos, promoci\u00f3n comercial e ilustraci\u00f3n de los productos y servicios ofrecidos, con la posible transmisi\u00f3n de nuevas ofertas de servicios o productos;<\/p><p>&#8211; Elaboraci\u00f3n de perfiles generales: los datos recopilados mediante la cumplimentaci\u00f3n de nuestros formatos, durante el uso de la aplicaci\u00f3n en modo invitado o derivados del tipo de compras realizadas, tambi\u00e9n se pueden utilizar para identificar y definir los gustos, preferencias, h\u00e1bitos, necesidades y elecciones de consumo de su persona. <br \/>La aportaci\u00f3n de datos y, por lo tanto, el consentimiento para la recopilaci\u00f3n y el tratamiento de datos son opcionales. El Usuario puede denegar el consentimiento y puede revocar en cualquier momento un consentimiento ya otorgado.<\/p><p><strong>d) Modalidades del tratamiento.<\/strong><br \/>Los datos personales que le conciernen ser\u00e1n tratados de acuerdo con los principios de correcci\u00f3n, licitud, transparencia y protecci\u00f3n de su privacidad y sus derechos. <br \/>El env\u00edo de boletines informativos se realiza a trav\u00e9s de <strong>la plataforma MailChimp (MailChimp es una plataforma de marketing en l\u00ednea operada por The Rocket Science Group LLC, una empresa con sede en el Estado de Georgia, EE. UU.)<\/strong>. Para obtener informaci\u00f3n sobre el tratamiento de datos personales efectuado por esta empresa, consulte el sitio web <a href=\"https:\/\/mailchimp.com\/legal\/privacy\/.\">https:\/\/mailchimp.com\/legal\/privacy\/.<\/a> <br \/>MailChimp asume la condici\u00f3n de encargado externo del tratamiento.<\/p><p><strong>e) Comunicaci\u00f3n a terceros.<\/strong> <strong>Transferencia de datos al extranjero.<\/strong><br \/>Todos los datos recopilados y procesados pueden comunicarse dentro de la UE a otros sujetos, si es necesario para los fines del tratamiento. <br \/>Los destinatarios, en caso de que traten datos por cuenta de nuestra empresa, ser\u00e1n designados como encargados del tratamiento, mediante contrato espec\u00edfico u otro acto jur\u00eddico.<br \/>La lista actualizada de los Encargados del tratamiento est\u00e1 disponible en el domicilio social de IACER S.r.l. Usted podr\u00e1 ponerse en contacto libremente con el encargado del tratamiento para cualquier aclaraci\u00f3n o cuesti\u00f3n relativa a su privacidad.<\/p><p><strong>f) Periodo de conservaci\u00f3n de los datos.<\/strong> <br \/>La conservaci\u00f3n de los datos recopilados se llevar\u00e1 a cabo durante el periodo de tiempo necesario para el cumplimiento de los fines indicados en el punto c) y hasta que no se produzca una manifestaci\u00f3n de revocaci\u00f3n del consentimiento.<\/p><p><strong>g) Revocaci\u00f3n del consentimiento.<\/strong> <br \/>Toda persona interesada tiene derecho a revocar en cualquier momento su consentimiento sin perjuicio de la licitud del tratamiento basado en el consentimiento otorgado antes de la revocaci\u00f3n.<\/p><p><strong>h) Derechos del interesado.<\/strong><br \/>Le informamos de que, como interesado, en relaci\u00f3n con todos los datos personales tratados, puede ejercer los derechos previstos por el RGPD y espec\u00edficamente:<\/p><p>\u2013 Derecho de acceso a los datos recopilados y tratados (art. 15);<\/p><p>\u2013 derecho a obtener la rectificaci\u00f3n de los datos (art. 16);<\/p><p>\u2013 derecho a obtener la supresi\u00f3n de los datos y el derecho al olvido (art. 17);<\/p><p>\u2013 derecho a obtener la limitaci\u00f3n del tratamiento (art. 18);<\/p><p>\u2013 derecho a la portabilidad de los datos a otro responsable (art. 20);<\/p><p>\u2013 derecho de oposici\u00f3n al tratamiento (art. 21);<\/p><p>\u2013 derecho a presentar una reclamaci\u00f3n ante la Autoridad de Control (art. 77);<\/p><p>\u2013 derecho a presentar un recurso judicial ante la Autoridad de Control (art. 78) y ante el Responsable o el Encargado del tratamiento (art. 79).<\/p>\t\t\t\t\t\t<\/div>\n\t\t\t\t<\/div>\n\t\t\t\t\t<\/div>\n\t\t<\/div>\n\t\t\t\t\t<\/div>\n\t\t<\/section>\n\t\t\t\t<section class=\"elementor-section elementor-top-section elementor-element elementor-element-6d33786 elementor-section-boxed elementor-section-height-default elementor-section-height-default\" data-id=\"6d33786\" data-element_type=\"section\">\n\t\t\t\t\t\t<div class=\"elementor-container elementor-column-gap-default\">\n\t\t\t\t\t<div class=\"elementor-column elementor-col-100 elementor-top-column elementor-element elementor-element-a97bcbc\" data-id=\"a97bcbc\" data-element_type=\"column\">\n\t\t\t<div class=\"elementor-widget-wrap elementor-element-populated\">\n\t\t\t\t\t\t<div class=\"elementor-element elementor-element-ded4a75 elementor-widget elementor-widget-text-editor\" data-id=\"ded4a75\" data-element_type=\"widget\" data-widget_type=\"text-editor.default\">\n\t\t\t\t<div class=\"elementor-widget-container\">\n\t\t\t\t\t\t\t<p style=\"text-align: right;\"><em>\u00faltima modificaci\u00f3n: 30 de mayo de 2023<\/em><\/p>\t\t\t\t\t\t<\/div>\n\t\t\t\t<\/div>\n\t\t\t\t\t<\/div>\n\t\t<\/div>\n\t\t\t\t\t<\/div>\n\t\t<\/section>\n\t\t\t\t<\/div>\n\t\t","protected":false},"excerpt":{"rendered":"<p>Informaci\u00f3n y consentimiento para boletines informativos de conformidad con el art. 13, APART. 1, REGLAMENTO UE 679\/2016 de protecci\u00f3n de [&hellip;]<\/p>\n","protected":false},"author":12,"featured_media":0,"parent":0,"menu_order":53,"comment_status":"closed","ping_status":"closed","template":"page-templates\/template_fullwidth.php","meta":{"_acf_changed":false,"footnotes":""},"class_list":["post-35912","page","type-page","status-publish","hentry","col-lg-4 col-md-6"],"acf":[],"_links":{"self":[{"href":"https:\/\/itechmedicaldivision.com\/es\/wp-json\/wp\/v2\/pages\/35912","targetHints":{"allow":["GET"]}}],"collection":[{"href":"https:\/\/itechmedicaldivision.com\/es\/wp-json\/wp\/v2\/pages"}],"about":[{"href":"https:\/\/itechmedicaldivision.com\/es\/wp-json\/wp\/v2\/types\/page"}],"author":[{"embeddable":true,"href":"https:\/\/itechmedicaldivision.com\/es\/wp-json\/wp\/v2\/users\/12"}],"replies":[{"embeddable":true,"href":"https:\/\/itechmedicaldivision.com\/es\/wp-json\/wp\/v2\/comments?post=35912"}],"version-history":[{"count":0,"href":"https:\/\/itechmedicaldivision.com\/es\/wp-json\/wp\/v2\/pages\/35912\/revisions"}],"wp:attachment":[{"href":"https:\/\/itechmedicaldivision.com\/es\/wp-json\/wp\/v2\/media?parent=35912"}],"curies":[{"name":"wp","href":"https:\/\/api.w.org\/{rel}","templated":true}]}}