{"id":16430,"date":"2021-08-30T09:13:48","date_gmt":"2021-08-30T07:13:48","guid":{"rendered":"https:\/\/itechmedicaldivision.com\/?page_id=16430"},"modified":"2026-01-22T17:39:48","modified_gmt":"2026-01-22T16:39:48","slug":"politica-de-cookies","status":"publish","type":"page","link":"https:\/\/itechmedicaldivision.com\/es\/politica-de-cookies\/","title":{"rendered":"Pol\u00edtica de Cookies"},"content":{"rendered":"\t\t<div data-elementor-type=\"wp-page\" data-elementor-id=\"16430\" class=\"elementor elementor-16430 elementor-8571\" data-elementor-post-type=\"page\">\n\t\t\t\t\t\t<section class=\"elementor-section elementor-top-section elementor-element elementor-element-17a26563 elementor-section-stretched elementor-section-boxed elementor-section-height-default elementor-section-height-default\" data-id=\"17a26563\" data-element_type=\"section\" data-settings=\"{&quot;stretch_section&quot;:&quot;section-stretched&quot;}\">\n\t\t\t\t\t\t<div class=\"elementor-container elementor-column-gap-default\">\n\t\t\t\t\t<div class=\"elementor-column elementor-col-100 elementor-top-column elementor-element elementor-element-1f4cb21c cli_pg_page_contaner\" data-id=\"1f4cb21c\" data-element_type=\"column\">\n\t\t\t<div class=\"elementor-widget-wrap elementor-element-populated\">\n\t\t\t\t\t\t<div class=\"elementor-element elementor-element-a4cd3e9 elementor-widget elementor-widget-heading\" data-id=\"a4cd3e9\" data-element_type=\"widget\" data-widget_type=\"heading.default\">\n\t\t\t\t<div class=\"elementor-widget-container\">\n\t\t\t<h3 class=\"elementor-heading-title elementor-size-default\">POL\u00cdTICA DE COOKIES - INTRODUCCI\u00d3N <\/h3>\t\t<\/div>\n\t\t\t\t<\/div>\n\t\t\t\t<div class=\"elementor-element elementor-element-69679dc7 elementor-widget elementor-widget-text-editor\" data-id=\"69679dc7\" data-element_type=\"widget\" data-widget_type=\"text-editor.default\">\n\t\t\t\t<div class=\"elementor-widget-container\">\n\t\t\t\t\t\t\t<p>De acuerdo con las disposiciones de la normativa vigente, esta Pol\u00edtica de Cookies explica qu\u00e9 son las cookies y c\u00f3mo las utiliza el sitio web itechmedicaldivision.com. <br \/>La presente pol\u00edtica, cuyo \u00e1mbito de validez se limita al sitio web indicado, forma parte integrante de la correspondiente Pol\u00edtica de Privacidad, a la que remitimos para obtener m\u00e1s informaci\u00f3n.<br \/>Puedes cambiar o retirar tu consentimiento en cualquier momento desde la Declaraci\u00f3n de cookies en nuestro sitio web.<\/p>\t\t\t\t\t\t<\/div>\n\t\t\t\t<\/div>\n\t\t\t\t<div class=\"elementor-element elementor-element-125c597 elementor-widget elementor-widget-heading\" data-id=\"125c597\" data-element_type=\"widget\" data-widget_type=\"heading.default\">\n\t\t\t\t<div class=\"elementor-widget-container\">\n\t\t\t<h3 class=\"elementor-heading-title elementor-size-default\">Responsable del tratamiento<\/h3>\t\t<\/div>\n\t\t\t\t<\/div>\n\t\t\t\t<div class=\"elementor-element elementor-element-b2445d2 elementor-widget elementor-widget-text-editor\" data-id=\"b2445d2\" data-element_type=\"widget\" data-widget_type=\"text-editor.default\">\n\t\t\t\t<div class=\"elementor-widget-container\">\n\t\t\t\t\t\t\t<p>IACER S.r.l., con domicilio social en Via Enzo Ferrari n. 2, 30037 Scorz\u00e8 (VE), C.F.\/P.I. 00185480274, REA: VE 120250, puede ser contactado por correo electr\u00f3nico a iacer@iacer.it.<\/p>\t\t\t\t\t\t<\/div>\n\t\t\t\t<\/div>\n\t\t\t\t<div class=\"elementor-element elementor-element-bb69bad elementor-widget elementor-widget-heading\" data-id=\"bb69bad\" data-element_type=\"widget\" data-widget_type=\"heading.default\">\n\t\t\t\t<div class=\"elementor-widget-container\">\n\t\t\t<h3 class=\"elementor-heading-title elementor-size-default\">Responsable de la protecci\u00f3n de datos - Identidad y datos de contacto<\/h3>\t\t<\/div>\n\t\t\t\t<\/div>\n\t\t\t\t<div class=\"elementor-element elementor-element-6e00c75 elementor-widget elementor-widget-text-editor\" data-id=\"6e00c75\" data-element_type=\"widget\" data-widget_type=\"text-editor.default\">\n\t\t\t\t<div class=\"elementor-widget-container\">\n\t\t\t\t\t\t\t<p>Le informamos de que el Responsable del Tratamiento ha designado, de conformidad con el art\u00edculo 37 del RGPD, a la Responsable de la Protecci\u00f3n de Datos, Maria Antonietta Sacheli, con quien puede ponerse en contacto a trav\u00e9s de los siguientes canales: correo electr\u00f3nico mariaantonietta@fiscleg.it &#8211; tel.: (+39) 049 877161<\/p>\t\t\t\t\t\t<\/div>\n\t\t\t\t<\/div>\n\t\t\t\t<div class=\"elementor-element elementor-element-b85d47f elementor-widget elementor-widget-heading\" data-id=\"b85d47f\" data-element_type=\"widget\" data-widget_type=\"heading.default\">\n\t\t\t\t<div class=\"elementor-widget-container\">\n\t\t\t<h3 class=\"elementor-heading-title elementor-size-default\">\u00bfQu\u00e9 son las Cookies?<\/h3>\t\t<\/div>\n\t\t\t\t<\/div>\n\t\t\t\t<div class=\"elementor-element elementor-element-093f3bf elementor-widget elementor-widget-text-editor\" data-id=\"093f3bf\" data-element_type=\"widget\" data-widget_type=\"text-editor.default\">\n\t\t\t\t<div class=\"elementor-widget-container\">\n\t\t\t\t\t\t\t<p>Las cookies son peque\u00f1os archivos de texto que se utilizan para almacenar informaci\u00f3n. Espec\u00edficamente, las cookies se almacenan en el dispositivo utilizado por el usuario para visitar el sitio web, y luego se retransmiten a los mismos sitios en la pr\u00f3xima visita. <br \/>Estas cookies nos ayudan a hacer que el sitio web funcione correctamente, a hacerlo m\u00e1s seguro, a proporcionar una mejor experiencia de usuario y a comprender c\u00f3mo funciona el sitio web y a analizar qu\u00e9 funciona y d\u00f3nde necesita mejoras.<\/p>\t\t\t\t\t\t<\/div>\n\t\t\t\t<\/div>\n\t\t\t\t<div class=\"elementor-element elementor-element-5f2f8b5 elementor-widget elementor-widget-heading\" data-id=\"5f2f8b5\" data-element_type=\"widget\" data-widget_type=\"heading.default\">\n\t\t\t\t<div class=\"elementor-widget-container\">\n\t\t\t<h3 class=\"elementor-heading-title elementor-size-default\">\u00bfC\u00f3mo utilizamos las cookies?<\/h3>\t\t<\/div>\n\t\t\t\t<\/div>\n\t\t\t\t<div class=\"elementor-element elementor-element-e65e044 elementor-widget elementor-widget-text-editor\" data-id=\"e65e044\" data-element_type=\"widget\" data-widget_type=\"text-editor.default\">\n\t\t\t\t<div class=\"elementor-widget-container\">\n\t\t\t\t\t\t\t<p>El sitio web mencionado anteriormente utiliza cookies propias (las llamadas cookies de origen) y cookies de terceros para una serie de fines que se especifican m\u00e1s adelante. <br \/>Las cookies de origen son necesarias para el correcto funcionamiento del sitio web y no recopilan ning\u00fan dato de identificaci\u00f3n personal.<\/p><p>Las cookies de terceros utilizadas por nuestro sitio web se emplean principalmente para comprender c\u00f3mo funciona el sitio web, c\u00f3mo interact\u00faa el usuario con nuestro sitio web, mantener la seguridad de nuestros servicios, proporcionar anuncios publicitarios relevantes y, por \u00faltimo, prestar un mejor servicio al acelerar futuras interacciones con nuestro sitio web.<\/p>\t\t\t\t\t\t<\/div>\n\t\t\t\t<\/div>\n\t\t\t\t<div class=\"elementor-element elementor-element-b6eebae elementor-widget elementor-widget-heading\" data-id=\"b6eebae\" data-element_type=\"widget\" data-widget_type=\"heading.default\">\n\t\t\t\t<div class=\"elementor-widget-container\">\n\t\t\t<h3 class=\"elementor-heading-title elementor-size-default\">\u00bfQu\u00e9 tipos de cookies utilizamos?<\/h3>\t\t<\/div>\n\t\t\t\t<\/div>\n\t\t\t\t<div class=\"elementor-element elementor-element-5e044ad elementor-widget elementor-widget-text-editor\" data-id=\"5e044ad\" data-element_type=\"widget\" data-widget_type=\"text-editor.default\">\n\t\t\t\t<div class=\"elementor-widget-container\">\n\t\t\t\t\t\t\t<p>Las cookies utilizadas en nuestro sitio web se agrupan en las siguientes categor\u00edas.<\/p>\t\t\t\t\t\t<\/div>\n\t\t\t\t<\/div>\n\t\t\t\t<div class=\"elementor-element elementor-element-fc1edfa elementor-widget elementor-widget-shortcode\" data-id=\"fc1edfa\" data-element_type=\"widget\" data-widget_type=\"shortcode.default\">\n\t\t\t\t<div class=\"elementor-widget-container\">\n\t\t\t\t\t<div class=\"elementor-shortcode\">[wcc_category_list]<\/div>\n\t\t\t\t<\/div>\n\t\t\t\t<\/div>\n\t\t\t\t<div class=\"elementor-element elementor-element-8fba8dc elementor-widget elementor-widget-heading\" data-id=\"8fba8dc\" data-element_type=\"widget\" data-widget_type=\"heading.default\">\n\t\t\t\t<div class=\"elementor-widget-container\">\n\t\t\t<h3 class=\"elementor-heading-title elementor-size-default\">\u00bfC\u00f3mo puedo controlar las preferencias de las cookies?<\/h3>\t\t<\/div>\n\t\t\t\t<\/div>\n\t\t\t\t<div class=\"elementor-element elementor-element-286fd3a elementor-widget elementor-widget-text-editor\" data-id=\"286fd3a\" data-element_type=\"widget\" data-widget_type=\"text-editor.default\">\n\t\t\t\t<div class=\"elementor-widget-container\">\n\t\t\t\t\t\t\t<p>Puede administrar sus preferencias de cookies haciendo clic en el bot\u00f3n &#8220;Configuraci\u00f3n&#8221; y habilitando o deshabilitando las categor\u00edas de cookies en la ventana emergente seg\u00fan sus preferencias.<\/p><p>Si decide cambiar sus preferencias m\u00e1s tarde durante su sesi\u00f3n de navegaci\u00f3n, puede hacer clic en la pesta\u00f1a &#8220;<em><strong>Gesti\u00f2n des Cookies<\/strong><\/em>&#8221; en la pantalla. Esto mostrar\u00e1 nuevamente el aviso de consentimiento que le permitir\u00e1 cambiar sus preferencias o retirar su consentimiento por completo.<\/p><p>Dependiendo del tipo de navegador utilizado para la navegaci\u00f3n, consulte la documentaci\u00f3n espec\u00edfica proporcionada por el fabricante sobre c\u00f3mo restringir o bloquear el uso de cookies.<\/p><p style=\"text-align: right;\"><em>\u00daltima actualizaci\u00f3n: 8 de julio de 2024<strong><br \/><\/strong><\/em><\/p>\t\t\t\t\t\t<\/div>\n\t\t\t\t<\/div>\n\t\t\t\t\t<\/div>\n\t\t<\/div>\n\t\t\t\t\t<\/div>\n\t\t<\/section>\n\t\t\t\t<\/div>\n\t\t","protected":false},"excerpt":{"rendered":"<p>POL\u00cdTICA DE COOKIES &#8211; INTRODUCCI\u00d3N De acuerdo con las disposiciones de la normativa vigente, esta Pol\u00edtica de Cookies explica qu\u00e9 [&hellip;]<\/p>\n","protected":false},"author":11,"featured_media":0,"parent":0,"menu_order":51,"comment_status":"closed","ping_status":"closed","template":"page-templates\/template_fullwidth.php","meta":{"_acf_changed":false,"footnotes":""},"class_list":["post-16430","page","type-page","status-publish","hentry","col-lg-4 col-md-6"],"acf":[],"_links":{"self":[{"href":"https:\/\/itechmedicaldivision.com\/es\/wp-json\/wp\/v2\/pages\/16430","targetHints":{"allow":["GET"]}}],"collection":[{"href":"https:\/\/itechmedicaldivision.com\/es\/wp-json\/wp\/v2\/pages"}],"about":[{"href":"https:\/\/itechmedicaldivision.com\/es\/wp-json\/wp\/v2\/types\/page"}],"author":[{"embeddable":true,"href":"https:\/\/itechmedicaldivision.com\/es\/wp-json\/wp\/v2\/users\/11"}],"replies":[{"embeddable":true,"href":"https:\/\/itechmedicaldivision.com\/es\/wp-json\/wp\/v2\/comments?post=16430"}],"version-history":[{"count":9,"href":"https:\/\/itechmedicaldivision.com\/es\/wp-json\/wp\/v2\/pages\/16430\/revisions"}],"predecessor-version":[{"id":72785,"href":"https:\/\/itechmedicaldivision.com\/es\/wp-json\/wp\/v2\/pages\/16430\/revisions\/72785"}],"wp:attachment":[{"href":"https:\/\/itechmedicaldivision.com\/es\/wp-json\/wp\/v2\/media?parent=16430"}],"curies":[{"name":"wp","href":"https:\/\/api.w.org\/{rel}","templated":true}]}}