{"id":16352,"date":"2021-04-22T11:28:07","date_gmt":"2021-04-22T09:28:07","guid":{"rendered":"https:\/\/itechmedicaldivision.com\/privacy-policy\/"},"modified":"2024-10-18T18:03:45","modified_gmt":"2024-10-18T16:03:45","slug":"politica-de-privacidad","status":"publish","type":"page","link":"https:\/\/itechmedicaldivision.com\/es\/politica-de-privacidad\/","title":{"rendered":"Pol\u00edtica de privacidad"},"content":{"rendered":"\t\t<div data-elementor-type=\"wp-page\" data-elementor-id=\"16352\" class=\"elementor elementor-16352 elementor-3\" data-elementor-post-type=\"page\">\n\t\t\t\t\t\t<section class=\"elementor-section elementor-top-section elementor-element elementor-element-cd3979b elementor-section-full_width elementor-section-stretched elementor-section-height-default elementor-section-height-default\" data-id=\"cd3979b\" data-element_type=\"section\" data-settings=\"{&quot;stretch_section&quot;:&quot;section-stretched&quot;}\">\n\t\t\t\t\t\t<div class=\"elementor-container elementor-column-gap-default\">\n\t\t\t\t\t<div class=\"elementor-column elementor-col-100 elementor-top-column elementor-element elementor-element-556a854\" data-id=\"556a854\" data-element_type=\"column\">\n\t\t\t<div class=\"elementor-widget-wrap elementor-element-populated\">\n\t\t\t\t\t\t<section class=\"elementor-section elementor-inner-section elementor-element elementor-element-7faae1a elementor-section-boxed elementor-section-height-default elementor-section-height-default\" data-id=\"7faae1a\" data-element_type=\"section\">\n\t\t\t\t\t\t<div class=\"elementor-container elementor-column-gap-default\">\n\t\t\t\t\t<div class=\"elementor-column elementor-col-100 elementor-inner-column elementor-element elementor-element-865d517\" data-id=\"865d517\" data-element_type=\"column\">\n\t\t\t<div class=\"elementor-widget-wrap elementor-element-populated\">\n\t\t\t\t\t\t<div class=\"elementor-element elementor-element-ed9f3a5 elementor-widget elementor-widget-heading\" data-id=\"ed9f3a5\" data-element_type=\"widget\" data-widget_type=\"heading.default\">\n\t\t\t\t<div class=\"elementor-widget-container\">\n\t\t\t<h1 class=\"elementor-heading-title elementor-size-default\">Pol\u00edtica de privacidad de https:\/\/itechmedicaldivision.com\/<\/h1>\t\t<\/div>\n\t\t\t\t<\/div>\n\t\t\t\t<div class=\"elementor-element elementor-element-2b33b08 elementor-widget elementor-widget-text-editor\" data-id=\"2b33b08\" data-element_type=\"widget\" data-widget_type=\"text-editor.default\">\n\t\t\t\t<div class=\"elementor-widget-container\">\n\t\t\t\t\t\t\t<p><strong>de conformidad con el art. 13, APART. 1, REGLAMENTO UE 679\/2016 de protecci\u00f3n de datos personales (RGPD)<\/strong><\/p><p>I.A.C.E.R. S.r.l., de acuerdo con lo establecido en el art. 13, apart. 1, del Reglamento UE 679\/2016 (en adelante RGPD), informa a los usuarios del portal web https:\/\/itechmedicaldivision.com\/, y compradores o posibles compradores de productos de la marca I-Tech Medical Division, en tanto que &#8220;interesados&#8221;,\u00a0 sobre las finalidades de la recopilaci\u00f3n y sobre las modalidades de tratamiento de los datos personales.<\/p><p><strong>Responsable del tratamiento de los datos<\/strong> <br \/>I.A.C.E.R. S.R.L., Via Enzo Ferrari n. 2, 30037 Scorz\u00e8 (VE) Italia- Direcci\u00f3n de correo electr\u00f3nico del Responsable: iacer@iacer.it<\/p><p><strong>Responsable de la protecci\u00f3n de datos &#8211; Identidad y datos de contacto<\/strong><\/p><p>Le informamos de que el Responsable del Tratamiento ha designado, de conformidad con el art\u00edculo 37 del RGPD, a la Responsable de la Protecci\u00f3n de Datos, Maria Antonietta Sacheli, con quien puede ponerse en contacto a trav\u00e9s de los siguientes canales: correo electr\u00f3nico m.sacheli@fiscleg.it &#8211; tel.: (+39) 049 877161<\/p><p><strong>Tipos de datos recopilados<\/strong> <br \/>Los datos de car\u00e1cter personal recogidos tanto, por los sistemas inform\u00e1ticos y procedimientos aplicativos utilizados para el funcionamiento del citado sitio web como, a trav\u00e9s de otros canales (mejor especificados en el punto 4) del presente documento), se refieren a:<\/p><p>&#8211; datos comunes: nombre; apellidos; tel\u00e9fono; direcci\u00f3n; provincia; correo electr\u00f3nico; cualquier dato particular facilitado por el usuario;<\/p><p>&#8211; datos de navegaci\u00f3n recopilados durante la visita al sitio web, cuya transmisi\u00f3n est\u00e1 impl\u00edcita en el uso de los protocolos de comunicaci\u00f3n de Internet. A modo de ejemplo: direcci\u00f3n IP del dispositivo conectado al sitio, tipo de navegador utilizado, nombre del proveedor de servicios de Internet (ISP), fecha y hora de visita, p\u00e1gina web de origen del visitante y de salida, etc.;<\/p><p>&#8211; datos recopilados a trav\u00e9s de cookies durante la actividad de navegaci\u00f3n en el sitio por parte de los usuarios. Para obtener m\u00e1s informaci\u00f3n sobre las cookies utilizadas por el portal web, consulta la <a href=\"https:\/\/itechmedicaldivision.com\/es\/politica-de-cookies\/\">pol\u00edtica de cookies<\/a>.<\/p><p>El usuario asume la responsabilidad de los datos personales de terceros obtenidos, publicados o compartidos mediante este sitio web y garantiza que tiene derecho a comunicarlos o difundirlos, eximiendo al Responsable de cualquier responsabilidad frente a terceros.<\/p><p><strong>Finalidades del tratamiento de los datos recopilados<\/strong> <br \/>El Responsable recopila los datos del Usuario para las siguientes finalidades espec\u00edficas:<\/p><p>a) permitir la navegaci\u00f3n por el portal web de https:\/\/itechmedicaldivision.com\/ <br \/>b) Contactar con el Usuario tras la solicitud de contacto recibida a trav\u00e9s del &#8220;Formulario de contacto&#8221; (informaci\u00f3n t\u00e9cnica-comercial-posventa); <br \/>c) proporcionar al usuario la informaci\u00f3n y los servicios solicitados, incluso despu\u00e9s del contacto establecido a trav\u00e9s del servicio de centralita;<br \/>d) Suministro al usuario de la informaci\u00f3n y servicios solicitados, tambi\u00e9n siguiendo el contacto establecido a trav\u00e9s del Informador M\u00e9dico y\/o agente designado;<br \/>e) Interacci\u00f3n con plataformas de encuestas, cuestionarios online, validaci\u00f3n y extensi\u00f3n de garant\u00eda del producto adquirido; <br \/>f) visualizaci\u00f3n e interacci\u00f3n con redes sociales y plataformas externas; <br \/>g) optimizaci\u00f3n y distribuci\u00f3n del tr\u00e1fico; gesti\u00f3n de etiquetas; <br \/>h) obtener informaci\u00f3n estad\u00edstica an\u00f3nima sobre el uso del portal web o de los servicios relacionados, controlar su correcto funcionamiento, llevar a cabo actividades de control para apoyar su seguridad e identificar las acciones destinadas a su mejora;<br \/>i) interacci\u00f3n con plataformas de recopilaci\u00f3n de datos y otros terceros; <br \/>j) lista de correo o newsletter: el tratamiento espec\u00edfico de los datos se rige por el aviso correspondiente. Se remite a la consulta de la misma.<br \/>k) elaboraci\u00f3n de perfiles generales: los datos recopilados mediante la cumplimentaci\u00f3n de nuestros formatos, durante la navegaci\u00f3n por el sitio o derivados del tipo de compras, pueden utilizarse asimismo para identificar y definir los gustos, preferencias, h\u00e1bitos, necesidades y elecciones de consumo de la persona; <br \/>l) cumplir con obligaciones legales, cumplir con las \u00f3rdenes de las autoridades p\u00fablicas, determinar cualquier responsabilidad en caso de delitos inform\u00e1ticos hipot\u00e9ticos contra el sitio o sus usuarios.<\/p><p><strong>Base jur\u00eddica del tratamiento<\/strong><br \/>Las jur\u00eddicas del tratamiento son las establecidas en el art. 6, apart. 1, RGPD<br \/>&#8211; letra a)\u00a0(\u00abconsentimiento\u00bb) relativa a la transmisi\u00f3n de ofertas de servicios y productos, actividades de elaboraci\u00f3n de perfiles y tratamiento de datos especiales;<\/p><p>&#8211; letra b) (&#8220;ejecuci\u00f3n de un contrato del que es parte el interesado&#8221; o &#8220;ejecuci\u00f3n de medidas precontractuales&#8221;);<\/p><p>&#8211; letra c) (&#8220;necesario para cumplir una obligaci\u00f3n legal a la que est\u00e1 sujeto el Responsable&#8221;);<\/p><p>&#8211; letra f) (el tratamiento es necesario para la b\u00fasqueda del inter\u00e9s leg\u00edtimo del Responsable o de terceros).<\/p><p>El Usuario puede denegar el consentimiento y puede revocar en cualquier momento un consentimiento ya otorgado.<\/p><p>Sin embargo, denegar el consentimiento puede resultar en la imposibilidad de proporcionar algunos servicios y la experiencia de navegaci\u00f3n puede verse comprometida.<\/p><p><strong>Modalidades de tratamiento de los datos recopilados<\/strong> <br \/>Los datos personales recopilados se tratan de acuerdo con los principios de legalidad, equidad y transparencia, previstos en el art. 5 del RGPD, tambi\u00e9n con la ayuda de herramientas inform\u00e1ticas y telem\u00e1ticas adecuadas para almacenar y administrar los datos, y, en cualquier caso, de tal manera que se garantice la seguridad y se proteja la m\u00e1xima confidencialidad del interesado.<\/p><p><strong>Categor\u00edas de personas<\/strong> <strong>autorizadas para el tratamiento y a las que se pueden comunicar los datos<\/strong> <br \/>Adem\u00e1s del Responsable, en algunos casos los datos personales de los usuarios ser\u00e1n conocidos y tratados de conformidad con la legislaci\u00f3n vigente en la materia, por otras personas involucradas en la organizaci\u00f3n de este sitio web:<\/p><p>&#8211; personal administrativo, comercial, marketing, legal, administradores de sistemas o sujetos externos (como proveedores de servicios t\u00e9cnicos de terceros, mensajeros de correos, proveedores de hosting, empresas inform\u00e1ticas, agencias de comunicaci\u00f3n) nombrados, en este caso, Encargados del Tratamiento por parte del Responsable de conformidad con el art. 28 del RGPD. La lista actualizada de los Encargados se podr\u00e1 solicitar en cualquier momento al Responsable del Tratamiento;<\/p><p>&#8211; a las Autoridades de Seguridad P\u00fablica u otros sujetos p\u00fablicos con fines de defensa, seguridad del Estado y determinaci\u00f3n de delitos o a la Autoridad Judicial en cumplimiento de las obligaciones legales, cuando se detecten hip\u00f3tesis de delito.<\/p><p>Los datos se tratan en las sedes operativas del Responsable y en cualquier otro lugar donde se encuentren las partes involucradas en el tratamiento.<\/p><p>Fuera de los casos mencionados, los datos personales no se comunican ni se difunden a terceros en modo alguno y por ning\u00fan motivo. Finalmente, no se transferir\u00e1n datos personales a terceros pa\u00edses u organizaciones internacionales a menos que ello est\u00e9 estrictamente relacionado con solicitudes espec\u00edficas del usuario, para las cuales se obtendr\u00e1 el consentimiento correspondiente.<\/p><p>El usuario tiene derecho a obtener informaci\u00f3n sobre la base jur\u00eddica de la transferencia de datos fuera de la Uni\u00f3n Europea o a una organizaci\u00f3n internacional de derecho internacional p\u00fablico o constituida por dos o m\u00e1s pa\u00edses, como por ejemplo la ONU, as\u00ed como en relaci\u00f3n con las medidas de seguridad adoptadas por el responsable para proteger los datos.<\/p><p><strong>Periodo de conservaci\u00f3n<\/strong> <br \/>En relaci\u00f3n con las diferentes finalidades y prop\u00f3sitos para los que han sido recopilados, los datos se conservar\u00e1n durante el tiempo previsto por la normativa de referencia o bien durante el tiempo estrictamente necesario para la consecuci\u00f3n de las finalidades. Espec\u00edficamente:<\/p><p>&#8211; los datos de navegaci\u00f3n se conservar\u00e1n durante un m\u00e1ximo de 365 d\u00edas;<\/p><p>&#8211; los datos recopilados a trav\u00e9s de las cookies se conservar\u00e1n durante un periodo de tiempo no superior al indicado en la informaci\u00f3n ampliada disponible en el sitio web;<\/p><p>&#8211; los Datos Personales recopilados para prop\u00f3sitos relacionados con la ejecuci\u00f3n de un contrato entre el Responsable y el Usuario se conservar\u00e1n hasta que se complete la ejecuci\u00f3n de dicho contrato;<\/p><p>&#8211; Con referencia a la b\u00fasqueda de fines comerciales y de creaci\u00f3n de perfiles, los datos se conservar\u00e1n durante un periodo de 5 (cinco) a\u00f1os.<\/p><p>&#8211; Los Datos Personales recopilados para fines atribuibles al inter\u00e9s leg\u00edtimo del Responsable se conservar\u00e1n hasta que se satisfaga dicho inter\u00e9s.<\/p><p>Cuando el tratamiento se base en el consentimiento del Usuario, el Responsable puede conservar los Datos Personales durante m\u00e1s tiempo, hasta que se revoque tal consentimiento. Adem\u00e1s, el Responsable podr\u00e1 estar obligado a conservar los Datos Personales durante un periodo m\u00e1s amplio, en cumplimiento de una obligaci\u00f3n legal o por orden de una autoridad.<\/p><p>Al final del periodo de conservaci\u00f3n, los Datos Personales ser\u00e1n eliminados. Por lo tanto, una vez concluido este plazo, ya no se podr\u00e1n ejercer los derechos de acceso, supresi\u00f3n, rectificaci\u00f3n y el derecho a la portabilidad.<\/p><p><strong>Derechos del Usuario<\/strong> <br \/>Le informamos de que, como interesado, en relaci\u00f3n con todos los datos personales tratados, puede ejercer los derechos previstos por el RGPD y espec\u00edficamente:<\/p><p>\u2013 Derecho de acceso a los datos recopilados y tratados (art. 15);<\/p><p>\u2013 derecho a obtener la rectificaci\u00f3n de los datos (art. 16);<\/p><p>\u2013 derecho a obtener la supresi\u00f3n de los datos y el derecho al olvido (art. 17);<\/p><p>\u2013 derecho a obtener la limitaci\u00f3n del tratamiento (art. 18);<\/p><p>\u2013 derecho a la portabilidad de los datos a otro responsable (art. 20);<\/p><p>\u2013 derecho de oposici\u00f3n al tratamiento (art. 21);<\/p><p>\u2013 derecho a revocar el consentimiento (si el tratamiento se basa en el consentimiento), sin perjuicio de la licitud del tratamiento basado en el consentimiento dado antes de la revocaci\u00f3n (art. 7);<\/p><p>\u2013 derecho a presentar una reclamaci\u00f3n ante la Autoridad de Control (art. 77);<\/p><p>\u2013 derecho a presentar un recurso judicial ante la Autoridad de Control (art. 78) y ante el Responsable o el Encargado del tratamiento (art. 79).<\/p><p>Para ejercer los derechos referidos, los usuarios pueden dirigir una solicitud a los datos de contacto del Responsable que se indican en este documento. Las solicitudes se presentan gratuitamente y son tramitadas por el Responsable en el plazo m\u00e1s breve posible, en todo caso en un plazo no superior a un mes.<\/p><p><strong>Derecho de reclamaci\u00f3n<\/strong><br \/>Los interesados que consideren que el tratamiento de los datos personales referentes a ellos, realizado a trav\u00e9s de este sitio web, vulnera las disposiciones del Reglamento, tienen derecho a presentar una reclamaci\u00f3n ante una autoridad de control (Garante, en Italia), seg\u00fan lo dispuesto en el art. 77 del Reglamento, o solicitar la tutela judicial efectiva (art. 79 del Reglamento).<\/p><p><strong>Tratamiento automatizado y elaboraci\u00f3n de perfiles<\/strong><br \/>Al dar su consentimiento para el procesamiento de datos personales para los fines indicados en la secci\u00f3n correspondiente, los datos recopilados pueden estar sujetos a una toma de decisiones automatizada, mediante un algoritmo espec\u00edfico que decidir\u00e1 qu\u00e9 comunicaciones son las m\u00e1s adecuadas para su perfil o cu\u00e1les pueden ser de mayor inter\u00e9s.<\/p><p>Nada de lo anterior ser\u00e1 vinculante para el usuario.<\/p><p>En cualquier caso, el interesado tiene derecho a obtener la intervenci\u00f3n humana en el proceso de toma de decisiones por parte del Responsable, a expresar su opini\u00f3n, a obtener una explicaci\u00f3n de la decisi\u00f3n obtenida y a impugnar la decisi\u00f3n en s\u00ed.<\/p><p><strong>Pol\u00edtica de cookies<\/strong> <br \/>Este sitio web utiliza herramientas de seguimiento. Para saber m\u00e1s, el Usuario puede consultar la <a href=\"https:\/\/itechmedicaldivision.com\/es\/politica-de-cookies\/\">Pol\u00edtica de Cookies<\/a>.<\/p><p><strong>Modificaciones en esta pol\u00edtica de privacidad <\/strong><br \/>El responsable del tratamiento se reserva el derecho a realizar cambios en esta pol\u00edtica de privacidad en cualquier momento, informando de ello a los usuarios en esta p\u00e1gina y, si es posible, en este sitio web as\u00ed como, si es viable t\u00e9cnica y legalmente, enviando una notificaci\u00f3n a los usuarios a trav\u00e9s de los datos de contacto de que dispone. Se ruega, por lo tanto, la consulta frecuente de esta p\u00e1gina, tomando como referencia la fecha de \u00faltima modificaci\u00f3n indicada en la parte final.<br \/>En caso de que las modificaciones afecten a tratamientos cuya base jur\u00eddica es el consentimiento, el Responsable proceder\u00e1 a recabar nuevamente el consentimiento del Usuario.<\/p>\t\t\t\t\t\t<\/div>\n\t\t\t\t<\/div>\n\t\t\t\t<div class=\"elementor-element elementor-element-796ef84 elementor-widget elementor-widget-heading\" data-id=\"796ef84\" data-element_type=\"widget\" data-widget_type=\"heading.default\">\n\t\t\t\t<div class=\"elementor-widget-container\">\n\t\t\t<div class=\"elementor-heading-title elementor-size-small\">\u00faltima actualizaci\u00f3n: <em>1<\/em>8 de octubre de 2024<\/div>\t\t<\/div>\n\t\t\t\t<\/div>\n\t\t\t\t\t<\/div>\n\t\t<\/div>\n\t\t\t\t\t<\/div>\n\t\t<\/section>\n\t\t\t\t\t<\/div>\n\t\t<\/div>\n\t\t\t\t\t<\/div>\n\t\t<\/section>\n\t\t\t\t<\/div>\n\t\t","protected":false},"excerpt":{"rendered":"<p>Pol\u00edtica de privacidad de https:\/\/itechmedicaldivision.com\/ de conformidad con el art. 13, APART. 1, REGLAMENTO UE 679\/2016 de protecci\u00f3n de datos [&hellip;]<\/p>\n","protected":false},"author":11,"featured_media":0,"parent":0,"menu_order":50,"comment_status":"closed","ping_status":"closed","template":"page-templates\/template_fullwidth.php","meta":{"_acf_changed":false,"footnotes":""},"class_list":["post-16352","page","type-page","status-publish","hentry","col-lg-4 col-md-6"],"acf":[],"_links":{"self":[{"href":"https:\/\/itechmedicaldivision.com\/es\/wp-json\/wp\/v2\/pages\/16352","targetHints":{"allow":["GET"]}}],"collection":[{"href":"https:\/\/itechmedicaldivision.com\/es\/wp-json\/wp\/v2\/pages"}],"about":[{"href":"https:\/\/itechmedicaldivision.com\/es\/wp-json\/wp\/v2\/types\/page"}],"author":[{"embeddable":true,"href":"https:\/\/itechmedicaldivision.com\/es\/wp-json\/wp\/v2\/users\/11"}],"replies":[{"embeddable":true,"href":"https:\/\/itechmedicaldivision.com\/es\/wp-json\/wp\/v2\/comments?post=16352"}],"version-history":[{"count":3,"href":"https:\/\/itechmedicaldivision.com\/es\/wp-json\/wp\/v2\/pages\/16352\/revisions"}],"predecessor-version":[{"id":64485,"href":"https:\/\/itechmedicaldivision.com\/es\/wp-json\/wp\/v2\/pages\/16352\/revisions\/64485"}],"wp:attachment":[{"href":"https:\/\/itechmedicaldivision.com\/es\/wp-json\/wp\/v2\/media?parent=16352"}],"curies":[{"name":"wp","href":"https:\/\/api.w.org\/{rel}","templated":true}]}}