{"id":13228,"date":"2019-04-03T12:51:18","date_gmt":"2019-04-03T10:51:18","guid":{"rendered":"https:\/\/itechmedicaldivision.com\/azienda\/"},"modified":"2025-09-19T10:41:16","modified_gmt":"2025-09-19T08:41:16","slug":"quienes-somos","status":"publish","type":"page","link":"https:\/\/itechmedicaldivision.com\/es\/quienes-somos\/","title":{"rendered":"Qui\u00e9nes somos"},"content":{"rendered":"\t\t<div data-elementor-type=\"wp-post\" data-elementor-id=\"13228\" class=\"elementor elementor-13228 elementor-307\" data-elementor-post-type=\"page\">\n\t\t\t\t\t\t<section class=\"elementor-section elementor-top-section elementor-element elementor-element-17d024a4 elementor-section-boxed elementor-section-height-default elementor-section-height-default\" data-id=\"17d024a4\" data-element_type=\"section\">\n\t\t\t\t\t\t<div class=\"elementor-container elementor-column-gap-default\">\n\t\t\t\t\t<div class=\"elementor-column elementor-col-100 elementor-top-column elementor-element elementor-element-1bdc0d77\" data-id=\"1bdc0d77\" data-element_type=\"column\">\n\t\t\t<div class=\"elementor-widget-wrap elementor-element-populated\">\n\t\t\t\t\t\t<div class=\"elementor-element elementor-element-cb4fac0 elementor-widget elementor-widget-heading\" data-id=\"cb4fac0\" data-element_type=\"widget\" data-widget_type=\"heading.default\">\n\t\t\t\t<div class=\"elementor-widget-container\">\n\t\t\t<p class=\"elementor-heading-title elementor-size-default\">QUI\u00c9NES SOMOS<\/p>\t\t<\/div>\n\t\t\t\t<\/div>\n\t\t\t\t<div class=\"elementor-element elementor-element-dbe8136 elementor-widget elementor-widget-heading\" data-id=\"dbe8136\" data-element_type=\"widget\" data-widget_type=\"heading.default\">\n\t\t\t\t<div class=\"elementor-widget-container\">\n\t\t\t<h1 class=\"elementor-heading-title elementor-size-default\">La empresa<\/h1>\t\t<\/div>\n\t\t\t\t<\/div>\n\t\t\t\t\t<\/div>\n\t\t<\/div>\n\t\t\t\t\t<\/div>\n\t\t<\/section>\n\t\t\t\t<section class=\"elementor-section elementor-top-section elementor-element elementor-element-7b4ce419 elementor-section-boxed elementor-section-height-default elementor-section-height-default\" data-id=\"7b4ce419\" data-element_type=\"section\">\n\t\t\t\t\t\t<div class=\"elementor-container elementor-column-gap-default\">\n\t\t\t\t\t<div class=\"elementor-column elementor-col-100 elementor-top-column elementor-element elementor-element-38fc3dd\" data-id=\"38fc3dd\" data-element_type=\"column\">\n\t\t\t<div class=\"elementor-widget-wrap elementor-element-populated\">\n\t\t\t\t\t\t<div class=\"elementor-element elementor-element-4d8d0b55 elementor-widget elementor-widget-spacer\" data-id=\"4d8d0b55\" data-element_type=\"widget\" data-widget_type=\"spacer.default\">\n\t\t\t\t<div class=\"elementor-widget-container\">\n\t\t\t\t\t<div class=\"elementor-spacer\">\n\t\t\t<div class=\"elementor-spacer-inner\"><\/div>\n\t\t<\/div>\n\t\t\t\t<\/div>\n\t\t\t\t<\/div>\n\t\t\t\t<div class=\"elementor-element elementor-element-c5f5d5a elementor-widget elementor-widget-text-editor\" data-id=\"c5f5d5a\" data-element_type=\"widget\" data-widget_type=\"text-editor.default\">\n\t\t\t\t<div class=\"elementor-widget-container\">\n\t\t\t\t\t\t\t<p>El sistema sanitario en el campo de la\u00a0<strong>terapia del dolor<\/strong>\u00a0y de la\u00a0<strong>rehabilitaci\u00f3n<\/strong>\u00a0est\u00e1 cambiando profundamente. Las instituciones de todo el mundo est\u00e1n promoviendo la descentralizaci\u00f3n de los servicios sanitarios b\u00e1sicos a favor de la\u00a0<strong>terapia domiciliaria<\/strong>, dentro de un ecosistema impulsado por la <strong>medicina digital<\/strong>.<\/p><p>En este contexto, I-Tech Medical Division est\u00e1 a la vanguardia en la mejora de la salud y la calidad de vida de los pacientes, as\u00ed como en el apoyo a los cuidadores.<\/p><p>Estamos especializados en <strong>el dise\u00f1o y producci\u00f3n de dispositivos electrom\u00e9dicos<\/strong>, pero no somos simplemente fabricantes. Nos ocupamos del <strong>cuidado del paciente<\/strong>, desde el dise\u00f1o y desarrollo de los dispositivos hasta la atenci\u00f3n al cliente. Antes, durante y despu\u00e9s de la compra. S\u00ed, <strong>te cuidamos<\/strong>\u00a0durante todo el proceso terap\u00e9utico hasta la resoluci\u00f3n del problema, proporcion\u00e1ndote dispositivos f\u00e1ciles de usar y acompa\u00f1\u00e1ndote en su uso.<\/p>\t\t\t\t\t\t<\/div>\n\t\t\t\t<\/div>\n\t\t\t\t<div class=\"elementor-element elementor-element-ce6db8a elementor-widget elementor-widget-image\" data-id=\"ce6db8a\" data-element_type=\"widget\" data-widget_type=\"image.default\">\n\t\t\t\t<div class=\"elementor-widget-container\">\n\t\t\t\t\t\t\t\t\t\t\t\t\t\t<a href=\"https:\/\/itechmedicaldivision.com\/wp-content\/uploads\/exp-1.jpg\" data-elementor-open-lightbox=\"yes\" data-elementor-lightbox-title=\"exp\" data-e-action-hash=\"#elementor-action%3Aaction%3Dlightbox%26settings%3DeyJpZCI6NjAyNzcsInVybCI6Imh0dHBzOlwvXC9pdGVjaG1lZGljYWxkaXZpc2lvbi5jb21cL3dwLWNvbnRlbnRcL3VwbG9hZHNcL2V4cC0xLmpwZyJ9\">\n\t\t\t\t\t\t\t<img fetchpriority=\"high\" decoding=\"async\" width=\"1920\" height=\"1440\" src=\"https:\/\/itechmedicaldivision.com\/wp-content\/uploads\/exp-1.jpg\" class=\"attachment-full size-full wp-image-60277\" alt=\"\" srcset=\"https:\/\/itechmedicaldivision.com\/wp-content\/uploads\/exp-1.jpg 1920w, https:\/\/itechmedicaldivision.com\/wp-content\/uploads\/exp-1-600x450.jpg 600w, https:\/\/itechmedicaldivision.com\/wp-content\/uploads\/exp-1-1024x768.jpg 1024w, https:\/\/itechmedicaldivision.com\/wp-content\/uploads\/exp-1-768x576.jpg 768w, https:\/\/itechmedicaldivision.com\/wp-content\/uploads\/exp-1-1536x1152.jpg 1536w, https:\/\/itechmedicaldivision.com\/wp-content\/uploads\/exp-1-500x375.jpg 500w, https:\/\/itechmedicaldivision.com\/wp-content\/uploads\/exp-1-720x540.jpg 720w\" sizes=\"(max-width: 1920px) 100vw, 1920px\" \/>\t\t\t\t\t\t\t\t<\/a>\n\t\t\t\t\t\t\t\t\t\t\t\t\t<\/div>\n\t\t\t\t<\/div>\n\t\t\t\t<div class=\"elementor-element elementor-element-44bfe2f elementor-widget elementor-widget-text-editor\" data-id=\"44bfe2f\" data-element_type=\"widget\" data-widget_type=\"text-editor.default\">\n\t\t\t\t<div class=\"elementor-widget-container\">\n\t\t\t\t\t\t\t<p>El sistema sanitario en el campo de la\u00a0<strong>terapia del dolor<\/strong>\u00a0y de la\u00a0<strong>rehabilitaci\u00f3n<\/strong>\u00a0est\u00e1 cambiando profundamente. Las instituciones de todo el mundo est\u00e1n promoviendo la descentralizaci\u00f3n de los servicios sanitarios b\u00e1sicos a favor de la\u00a0<strong>terapia domiciliaria<\/strong>, dentro de un ecosistema impulsado por la <strong>medicina digital<\/strong>.<\/p><p>En este contexto, I-Tech Medical Division est\u00e1 a la vanguardia en la mejora de la salud y la calidad de vida de los pacientes, as\u00ed como en el apoyo a los cuidadores.<\/p><p>Estamos especializados en <strong>el dise\u00f1o y producci\u00f3n de dispositivos electrom\u00e9dicos<\/strong>, pero no somos simplemente fabricantes. Nos ocupamos del <strong>cuidado del paciente<\/strong>, desde el dise\u00f1o y desarrollo de los dispositivos hasta la atenci\u00f3n al cliente. Antes, durante y despu\u00e9s de la compra. S\u00ed, <strong>te cuidamos<\/strong>\u00a0durante todo el proceso terap\u00e9utico hasta la resoluci\u00f3n del problema, proporcion\u00e1ndote dispositivos f\u00e1ciles de usar y acompa\u00f1\u00e1ndote en su uso.<\/p>\t\t\t\t\t\t<\/div>\n\t\t\t\t<\/div>\n\t\t\t\t\t<\/div>\n\t\t<\/div>\n\t\t\t\t\t<\/div>\n\t\t<\/section>\n\t\t\t\t<section class=\"elementor-section elementor-top-section elementor-element elementor-element-af2c1fe elementor-section-stretched elementor-section-boxed elementor-section-height-default elementor-section-height-default\" data-id=\"af2c1fe\" data-element_type=\"section\" data-settings=\"{&quot;stretch_section&quot;:&quot;section-stretched&quot;}\">\n\t\t\t\t\t\t<div class=\"elementor-container elementor-column-gap-wider\">\n\t\t\t\t\t<div class=\"elementor-column elementor-col-100 elementor-top-column elementor-element elementor-element-32e1b07\" data-id=\"32e1b07\" data-element_type=\"column\">\n\t\t\t<div class=\"elementor-widget-wrap elementor-element-populated\">\n\t\t\t\t\t\t<div class=\"elementor-element elementor-element-12c691b elementor-widget elementor-widget-heading\" data-id=\"12c691b\" data-element_type=\"widget\" data-widget_type=\"heading.default\">\n\t\t\t\t<div class=\"elementor-widget-container\">\n\t\t\t<h2 class=\"elementor-heading-title elementor-size-default\">LA HISTORIA DE I-TECH MEDICAL DIVISION<\/h2>\t\t<\/div>\n\t\t\t\t<\/div>\n\t\t\t\t\t<\/div>\n\t\t<\/div>\n\t\t\t\t\t<\/div>\n\t\t<\/section>\n\t\t\t\t<section class=\"elementor-section elementor-top-section elementor-element elementor-element-d07ba6c elementor-section-stretched elementor-section-boxed elementor-section-height-default elementor-section-height-default\" data-id=\"d07ba6c\" data-element_type=\"section\" data-settings=\"{&quot;background_background&quot;:&quot;classic&quot;,&quot;stretch_section&quot;:&quot;section-stretched&quot;}\">\n\t\t\t\t\t\t<div class=\"elementor-container elementor-column-gap-default\">\n\t\t\t\t\t<div class=\"elementor-column elementor-col-50 elementor-top-column elementor-element elementor-element-1be0ceff\" data-id=\"1be0ceff\" data-element_type=\"column\">\n\t\t\t<div class=\"elementor-widget-wrap elementor-element-populated\">\n\t\t\t\t\t\t<div class=\"elementor-element elementor-element-afaa4fe elementor-widget elementor-widget-heading\" data-id=\"afaa4fe\" data-element_type=\"widget\" data-widget_type=\"heading.default\">\n\t\t\t\t<div class=\"elementor-widget-container\">\n\t\t\t<h3 class=\"elementor-heading-title elementor-size-default\">1963 - 1995 <br \/>La fundaci\u00f3n de IACER<\/h3>\t\t<\/div>\n\t\t\t\t<\/div>\n\t\t\t\t\t<\/div>\n\t\t<\/div>\n\t\t\t\t<div class=\"elementor-column elementor-col-50 elementor-top-column elementor-element elementor-element-76eec15a\" data-id=\"76eec15a\" data-element_type=\"column\">\n\t\t\t<div class=\"elementor-widget-wrap elementor-element-populated\">\n\t\t\t\t\t\t<div class=\"elementor-element elementor-element-2f8ca55 elementor-widget elementor-widget-text-editor\" data-id=\"2f8ca55\" data-element_type=\"widget\" data-widget_type=\"text-editor.default\">\n\t\t\t\t<div class=\"elementor-widget-container\">\n\t\t\t\t\t\t\t<p>I.A.C.E.R.Srl \u2013 empresa propietaria de la marca I-Tech Medical Division \u2013 se fund\u00f3 en 1963 gracias al empresario veneciano Mario Caprara. Inicialmente, se dedicaba a la venta de sistemas de aire acondicionado y calefacci\u00f3n. Despu\u00e9s entr\u00f3 en el mercado de la telefon\u00eda m\u00f3vil, donde permaneci\u00f3 hasta mediados de los a\u00f1os 90.<\/p>\t\t\t\t\t\t<\/div>\n\t\t\t\t<\/div>\n\t\t\t\t\t<\/div>\n\t\t<\/div>\n\t\t\t\t\t<\/div>\n\t\t<\/section>\n\t\t\t\t<section class=\"elementor-section elementor-top-section elementor-element elementor-element-ee19f65 elementor-section-stretched elementor-section-boxed elementor-section-height-default elementor-section-height-default\" data-id=\"ee19f65\" data-element_type=\"section\" data-settings=\"{&quot;background_background&quot;:&quot;classic&quot;,&quot;stretch_section&quot;:&quot;section-stretched&quot;}\">\n\t\t\t\t\t\t<div class=\"elementor-container elementor-column-gap-default\">\n\t\t\t\t\t<div class=\"elementor-column elementor-col-50 elementor-top-column elementor-element elementor-element-64af1de\" data-id=\"64af1de\" data-element_type=\"column\">\n\t\t\t<div class=\"elementor-widget-wrap elementor-element-populated\">\n\t\t\t\t\t\t<div class=\"elementor-element elementor-element-0489fa7 elementor-widget elementor-widget-text-editor\" data-id=\"0489fa7\" data-element_type=\"widget\" data-widget_type=\"text-editor.default\">\n\t\t\t\t<div class=\"elementor-widget-container\">\n\t\t\t\t\t\t\t<p>En 1995 IACER comienza a distribuir equipos electrom\u00e9dicos por todo el territorio nacional. <strong>En 2004<\/strong>, con la entrada en la empresa de Massimo Marcon, entonces director comercial, <strong>IACER pasa a ser fabricante<\/strong>. Esta transformaci\u00f3n la lleva a crear la marca I-Tech Medical Division en 2008, a\u00f1o que coincide con la llegada de Matteo Zennaro al frente del departamento t\u00e9cnico.<\/p><p>En pocos a\u00f1os, <strong>I-Tech Medical Division<\/strong> crece hasta situarse entre <strong>los principales actores del sector m\u00e9dico a nivel internacional<\/strong>.<\/p>\t\t\t\t\t\t<\/div>\n\t\t\t\t<\/div>\n\t\t\t\t\t<\/div>\n\t\t<\/div>\n\t\t\t\t<div class=\"elementor-column elementor-col-50 elementor-top-column elementor-element elementor-element-cdc9640\" data-id=\"cdc9640\" data-element_type=\"column\">\n\t\t\t<div class=\"elementor-widget-wrap elementor-element-populated\">\n\t\t\t\t\t\t<div class=\"elementor-element elementor-element-5c87ecf elementor-widget elementor-widget-heading\" data-id=\"5c87ecf\" data-element_type=\"widget\" data-widget_type=\"heading.default\">\n\t\t\t\t<div class=\"elementor-widget-container\">\n\t\t\t<h3 class=\"elementor-heading-title elementor-size-default\">1995 - 2017 <br \/>La entrada en el mercado de los equipos electrom\u00e9dicos<\/h3>\t\t<\/div>\n\t\t\t\t<\/div>\n\t\t\t\t\t<\/div>\n\t\t<\/div>\n\t\t\t\t\t<\/div>\n\t\t<\/section>\n\t\t\t\t<section class=\"elementor-section elementor-top-section elementor-element elementor-element-5c37a7f elementor-section-stretched elementor-section-boxed elementor-section-height-default elementor-section-height-default\" data-id=\"5c37a7f\" data-element_type=\"section\" data-settings=\"{&quot;stretch_section&quot;:&quot;section-stretched&quot;,&quot;background_background&quot;:&quot;classic&quot;}\">\n\t\t\t\t\t\t<div class=\"elementor-container elementor-column-gap-default\">\n\t\t\t\t\t<div class=\"elementor-column elementor-col-50 elementor-top-column elementor-element elementor-element-4e2dbf3\" data-id=\"4e2dbf3\" data-element_type=\"column\">\n\t\t\t<div class=\"elementor-widget-wrap elementor-element-populated\">\n\t\t\t\t\t\t<div class=\"elementor-element elementor-element-81519f8 elementor-widget elementor-widget-heading\" data-id=\"81519f8\" data-element_type=\"widget\" data-widget_type=\"heading.default\">\n\t\t\t\t<div class=\"elementor-widget-container\">\n\t\t\t<h3 class=\"elementor-heading-title elementor-size-default\">2017 - actualidad <br \/>Una nueva era<\/h3>\t\t<\/div>\n\t\t\t\t<\/div>\n\t\t\t\t<div class=\"elementor-element elementor-element-351c229 elementor-widget elementor-widget-text-editor\" data-id=\"351c229\" data-element_type=\"widget\" data-widget_type=\"text-editor.default\">\n\t\t\t\t<div class=\"elementor-widget-container\">\n\t\t\t\t\t\t\t<p><strong>2017<\/strong> marca el inicio de un nuevo curso con el cambio de sociedad. <strong>Massimo Marcon y Matteo Zennaro asumen la direcci\u00f3n de la empresa como Presidente y Administrador Delegado<\/strong> y en solo 5 a\u00f1os la revolucionan.<\/p><p>Mientras tanto, se produce una pandemia que pone de manifiesto <strong>los puntos fuertes de IACER: la valent\u00eda y la determinaci\u00f3n<\/strong>. La inversi\u00f3n masiva en equipos de diagn\u00f3stico y protecci\u00f3n individual la convierten en una de las pocas empresas con grandes existencias de satur\u00f3metros y term\u00f3metros digitales. <strong>Durante el confinamiento, IACER dona unos 5000 satur\u00f3metros y term\u00f3metros a hospitales, gobiernos regionales, protecci\u00f3n civil, centros escolares y asociaciones de voluntariado y sin \u00e1nimo de lucro<\/strong>, poniendo a disposici\u00f3n de los ciudadanos m\u00e1s necesitados dispositivos que en ese momento eran dif\u00edciles de encontrar. En este per\u00edodo, se convierte en un punto de referencia para miles de farmacias.<\/p><p><strong>En 2022 se inaugura en Scorz\u00e8 (VE) la nueva sede propiedad de la empresa<\/strong>, de 3200 metros cuadrados. Con ella tambi\u00e9n abre una amplia \u00e1rea educativa destinada a albergar eventos y congresos de universidades y profesionales sanitarios. Una base s\u00f3lida sobre la que desarrollar <strong>los futuros proyectos de I-Tech Medical Division<\/strong>, entre ellos los relacionados con el mundo de <strong>la medicina digital y la telerrehabilitaci\u00f3n.<\/strong><\/p>\t\t\t\t\t\t<\/div>\n\t\t\t\t<\/div>\n\t\t\t\t\t<\/div>\n\t\t<\/div>\n\t\t\t\t<div class=\"elementor-column elementor-col-50 elementor-top-column elementor-element elementor-element-80c8518\" data-id=\"80c8518\" data-element_type=\"column\">\n\t\t\t<div class=\"elementor-widget-wrap elementor-element-populated\">\n\t\t\t\t\t\t<div class=\"elementor-element elementor-element-e773830 elementor-widget elementor-widget-image\" data-id=\"e773830\" data-element_type=\"widget\" data-widget_type=\"image.default\">\n\t\t\t\t<div class=\"elementor-widget-container\">\n\t\t\t\t\t\t\t\t\t\t\t\t\t\t<a href=\"https:\/\/itechmedicaldivision.com\/wp-content\/uploads\/massimo-e-matteo.jpg\" data-elementor-open-lightbox=\"yes\" data-elementor-lightbox-title=\"massimo e matteo\" data-e-action-hash=\"#elementor-action%3Aaction%3Dlightbox%26settings%3DeyJpZCI6NTcwODcsInVybCI6Imh0dHBzOlwvXC9pdGVjaG1lZGljYWxkaXZpc2lvbi5jb21cL3dwLWNvbnRlbnRcL3VwbG9hZHNcL21hc3NpbW8tZS1tYXR0ZW8uanBnIn0%3D\">\n\t\t\t\t\t\t\t<img decoding=\"async\" width=\"1143\" height=\"1600\" src=\"https:\/\/itechmedicaldivision.com\/wp-content\/uploads\/massimo-e-matteo.jpg\" class=\"attachment-full size-full wp-image-57087\" alt=\"Massimo Marcon Presidente Matteo Zennaro CEO IACER\" srcset=\"https:\/\/itechmedicaldivision.com\/wp-content\/uploads\/massimo-e-matteo.jpg 1143w, https:\/\/itechmedicaldivision.com\/wp-content\/uploads\/massimo-e-matteo-429x600.jpg 429w, https:\/\/itechmedicaldivision.com\/wp-content\/uploads\/massimo-e-matteo-732x1024.jpg 732w, https:\/\/itechmedicaldivision.com\/wp-content\/uploads\/massimo-e-matteo-768x1075.jpg 768w, https:\/\/itechmedicaldivision.com\/wp-content\/uploads\/massimo-e-matteo-1097x1536.jpg 1097w, https:\/\/itechmedicaldivision.com\/wp-content\/uploads\/massimo-e-matteo-500x700.jpg 500w, https:\/\/itechmedicaldivision.com\/wp-content\/uploads\/massimo-e-matteo-720x1008.jpg 720w\" sizes=\"(max-width: 1143px) 100vw, 1143px\" \/>\t\t\t\t\t\t\t\t<\/a>\n\t\t\t\t\t\t\t\t\t\t\t\t\t<\/div>\n\t\t\t\t<\/div>\n\t\t\t\t\t<\/div>\n\t\t<\/div>\n\t\t\t\t\t<\/div>\n\t\t<\/section>\n\t\t\t\t<section class=\"elementor-section elementor-top-section elementor-element elementor-element-4e8f661 elementor-section-stretched elementor-section-boxed elementor-section-height-default elementor-section-height-default\" data-id=\"4e8f661\" data-element_type=\"section\" data-settings=\"{&quot;stretch_section&quot;:&quot;section-stretched&quot;,&quot;background_background&quot;:&quot;classic&quot;}\">\n\t\t\t\t\t\t<div class=\"elementor-container elementor-column-gap-default\">\n\t\t\t\t\t<div class=\"elementor-column elementor-col-100 elementor-top-column elementor-element elementor-element-0aa01fb\" data-id=\"0aa01fb\" data-element_type=\"column\">\n\t\t\t<div class=\"elementor-widget-wrap elementor-element-populated\">\n\t\t\t\t\t\t<section class=\"elementor-section elementor-inner-section elementor-element elementor-element-99e0370 elementor-section-boxed elementor-section-height-default elementor-section-height-default\" data-id=\"99e0370\" data-element_type=\"section\">\n\t\t\t\t\t\t<div class=\"elementor-container elementor-column-gap-default\">\n\t\t\t\t\t<div class=\"elementor-column elementor-col-100 elementor-inner-column elementor-element elementor-element-52f4106\" data-id=\"52f4106\" data-element_type=\"column\">\n\t\t\t<div class=\"elementor-widget-wrap elementor-element-populated\">\n\t\t\t\t\t\t<div class=\"elementor-element elementor-element-47a70bc elementor-align-left fixfnt elementor-widget elementor-widget-button\" data-id=\"47a70bc\" data-element_type=\"widget\" data-widget_type=\"button.default\">\n\t\t\t\t<div class=\"elementor-widget-container\">\n\t\t\t\t\t\t\t<div class=\"elementor-button-wrapper\">\n\t\t\t\t\t<a class=\"elementor-button elementor-button-link elementor-size-sm\" href=\"https:\/\/itechmedicaldivision.com\/wp-content\/uploads\/A14_b_MD88-05-Quality-policy-EN.pdf\" target=\"_blank\">\n\t\t\t\t\t\t<span class=\"elementor-button-content-wrapper\">\n\t\t\t\t\t\t\t\t\t<span class=\"elementor-button-text\">POLIT\u00cdTICA PARA LA CALIDAD<\/span>\n\t\t\t\t\t<\/span>\n\t\t\t\t\t<\/a>\n\t\t\t\t<\/div>\n\t\t\t\t\t\t<\/div>\n\t\t\t\t<\/div>\n\t\t\t\t\t<\/div>\n\t\t<\/div>\n\t\t\t\t\t<\/div>\n\t\t<\/section>\n\t\t\t\t\t<\/div>\n\t\t<\/div>\n\t\t\t\t\t<\/div>\n\t\t<\/section>\n\t\t\t\t<\/div>\n\t\t","protected":false},"excerpt":{"rendered":"<p>QUI\u00c9NES SOMOS La empresa El sistema sanitario en el campo de la\u00a0terapia del dolor\u00a0y de la\u00a0rehabilitaci\u00f3n\u00a0est\u00e1 cambiando profundamente. Las instituciones [&hellip;]<\/p>\n","protected":false},"author":11,"featured_media":57125,"parent":0,"menu_order":20,"comment_status":"closed","ping_status":"closed","template":"page-templates\/template_fullwidth.php","meta":{"_acf_changed":false,"footnotes":""},"class_list":["post-13228","page","type-page","status-publish","has-post-thumbnail","hentry","col-lg-4 col-md-6"],"acf":[],"_links":{"self":[{"href":"https:\/\/itechmedicaldivision.com\/es\/wp-json\/wp\/v2\/pages\/13228","targetHints":{"allow":["GET"]}}],"collection":[{"href":"https:\/\/itechmedicaldivision.com\/es\/wp-json\/wp\/v2\/pages"}],"about":[{"href":"https:\/\/itechmedicaldivision.com\/es\/wp-json\/wp\/v2\/types\/page"}],"author":[{"embeddable":true,"href":"https:\/\/itechmedicaldivision.com\/es\/wp-json\/wp\/v2\/users\/11"}],"replies":[{"embeddable":true,"href":"https:\/\/itechmedicaldivision.com\/es\/wp-json\/wp\/v2\/comments?post=13228"}],"version-history":[{"count":6,"href":"https:\/\/itechmedicaldivision.com\/es\/wp-json\/wp\/v2\/pages\/13228\/revisions"}],"predecessor-version":[{"id":70782,"href":"https:\/\/itechmedicaldivision.com\/es\/wp-json\/wp\/v2\/pages\/13228\/revisions\/70782"}],"wp:featuredmedia":[{"embeddable":true,"href":"https:\/\/itechmedicaldivision.com\/es\/wp-json\/wp\/v2\/media\/57125"}],"wp:attachment":[{"href":"https:\/\/itechmedicaldivision.com\/es\/wp-json\/wp\/v2\/media?parent=13228"}],"curies":[{"name":"wp","href":"https:\/\/api.w.org\/{rel}","templated":true}]}}