{"id":49699,"date":"2023-05-10T11:58:41","date_gmt":"2023-05-10T09:58:41","guid":{"rendered":"https:\/\/itechmedicaldivision.com\/?page_id=49699"},"modified":"2023-05-10T12:18:42","modified_gmt":"2023-05-10T10:18:42","slug":"warranty","status":"publish","type":"page","link":"https:\/\/itechmedicaldivision.com\/en\/warranty\/","title":{"rendered":"Validate your warranty"},"content":{"rendered":"\t\t<div data-elementor-type=\"wp-page\" data-elementor-id=\"49699\" class=\"elementor elementor-49699\" data-elementor-post-type=\"page\">\n\t\t\t\t\t\t<section class=\"elementor-section elementor-top-section elementor-element elementor-element-604ed39 elementor-section-stretched elementor-section-boxed elementor-section-height-default elementor-section-height-default\" data-id=\"604ed39\" data-element_type=\"section\" data-settings=\"{&quot;stretch_section&quot;:&quot;section-stretched&quot;}\">\n\t\t\t\t\t\t<div class=\"elementor-container elementor-column-gap-default\">\n\t\t\t\t\t<div class=\"elementor-column elementor-col-100 elementor-top-column elementor-element elementor-element-f387680\" data-id=\"f387680\" data-element_type=\"column\">\n\t\t\t<div class=\"elementor-widget-wrap elementor-element-populated\">\n\t\t\t\t\t\t<section class=\"elementor-section elementor-inner-section elementor-element elementor-element-3cbe7be elementor-section-boxed elementor-section-height-default elementor-section-height-default\" data-id=\"3cbe7be\" data-element_type=\"section\">\n\t\t\t\t\t\t<div class=\"elementor-container elementor-column-gap-default\">\n\t\t\t\t\t<div class=\"elementor-column elementor-col-50 elementor-inner-column elementor-element elementor-element-c9a55f4\" data-id=\"c9a55f4\" data-element_type=\"column\">\n\t\t\t<div class=\"elementor-widget-wrap elementor-element-populated\">\n\t\t\t\t\t\t<div class=\"elementor-element elementor-element-e1f1d7a elementor-position-top elementor-widget elementor-widget-image-box\" data-id=\"e1f1d7a\" data-element_type=\"widget\" data-widget_type=\"image-box.default\">\n\t\t\t\t<div class=\"elementor-widget-container\">\n\t\t\t<div class=\"elementor-image-box-wrapper\"><figure class=\"elementor-image-box-img\"><img fetchpriority=\"high\" decoding=\"async\" width=\"500\" height=\"500\" src=\"https:\/\/itechmedicaldivision.com\/wp-content\/uploads\/bandiera-inglese.jpg\" class=\"attachment-full size-full wp-image-49730\" alt=\"\" srcset=\"https:\/\/itechmedicaldivision.com\/wp-content\/uploads\/bandiera-inglese.jpg 500w, https:\/\/itechmedicaldivision.com\/wp-content\/uploads\/bandiera-inglese-300x300.jpg 300w, https:\/\/itechmedicaldivision.com\/wp-content\/uploads\/bandiera-inglese-75x75.jpg 75w, https:\/\/itechmedicaldivision.com\/wp-content\/uploads\/bandiera-inglese-360x360.jpg 360w\" sizes=\"(max-width: 500px) 100vw, 500px\" \/><\/figure><div class=\"elementor-image-box-content\"><h3 class=\"elementor-image-box-title\">Validate your warranty<\/h3><\/div><\/div>\t\t<\/div>\n\t\t\t\t<\/div>\n\t\t\t\t<div class=\"elementor-element elementor-element-fa4f6dd elementor-align-center elementor-widget elementor-widget-button\" data-id=\"fa4f6dd\" data-element_type=\"widget\" data-widget_type=\"button.default\">\n\t\t\t\t<div class=\"elementor-widget-container\">\n\t\t\t\t\t\t\t<div class=\"elementor-button-wrapper\">\n\t\t\t\t\t<a class=\"elementor-button elementor-button-link elementor-size-sm\" href=\"https:\/\/itechmedicaldivision.com\/en\/warranty-validation\/\">\n\t\t\t\t\t\t<span class=\"elementor-button-content-wrapper\">\n\t\t\t\t\t\t\t\t\t<span class=\"elementor-button-text\">Click here<\/span>\n\t\t\t\t\t<\/span>\n\t\t\t\t\t<\/a>\n\t\t\t\t<\/div>\n\t\t\t\t\t\t<\/div>\n\t\t\t\t<\/div>\n\t\t\t\t\t<\/div>\n\t\t<\/div>\n\t\t\t\t<div class=\"elementor-column elementor-col-50 elementor-inner-column elementor-element elementor-element-8897196\" data-id=\"8897196\" data-element_type=\"column\">\n\t\t\t<div class=\"elementor-widget-wrap elementor-element-populated\">\n\t\t\t\t\t\t<div class=\"elementor-element elementor-element-83c29a7 elementor-position-top elementor-widget elementor-widget-image-box\" data-id=\"83c29a7\" data-element_type=\"widget\" data-widget_type=\"image-box.default\">\n\t\t\t\t<div class=\"elementor-widget-container\">\n\t\t\t<div class=\"elementor-image-box-wrapper\"><figure class=\"elementor-image-box-img\"><img decoding=\"async\" width=\"500\" height=\"500\" src=\"https:\/\/itechmedicaldivision.com\/wp-content\/uploads\/icona-spagnola.jpg\" class=\"attachment-full size-full wp-image-49725\" alt=\"\" srcset=\"https:\/\/itechmedicaldivision.com\/wp-content\/uploads\/icona-spagnola.jpg 500w, https:\/\/itechmedicaldivision.com\/wp-content\/uploads\/icona-spagnola-300x300.jpg 300w, https:\/\/itechmedicaldivision.com\/wp-content\/uploads\/icona-spagnola-75x75.jpg 75w, https:\/\/itechmedicaldivision.com\/wp-content\/uploads\/icona-spagnola-360x360.jpg 360w\" sizes=\"(max-width: 500px) 100vw, 500px\" \/><\/figure><div class=\"elementor-image-box-content\"><h3 class=\"elementor-image-box-title\">Valida tu garant\u00eda<\/h3><\/div><\/div>\t\t<\/div>\n\t\t\t\t<\/div>\n\t\t\t\t<div class=\"elementor-element elementor-element-d01b555 elementor-align-center elementor-widget elementor-widget-button\" data-id=\"d01b555\" data-element_type=\"widget\" data-widget_type=\"button.default\">\n\t\t\t\t<div class=\"elementor-widget-container\">\n\t\t\t\t\t\t\t<div class=\"elementor-button-wrapper\">\n\t\t\t\t\t<a class=\"elementor-button elementor-button-link elementor-size-sm\" href=\"https:\/\/itechmedicaldivision.com\/es\/validacion-garantia\/\">\n\t\t\t\t\t\t<span class=\"elementor-button-content-wrapper\">\n\t\t\t\t\t\t\t\t\t<span class=\"elementor-button-text\">Pulsa aqu\u00ed<\/span>\n\t\t\t\t\t<\/span>\n\t\t\t\t\t<\/a>\n\t\t\t\t<\/div>\n\t\t\t\t\t\t<\/div>\n\t\t\t\t<\/div>\n\t\t\t\t\t<\/div>\n\t\t<\/div>\n\t\t\t\t\t<\/div>\n\t\t<\/section>\n\t\t\t\t<div class=\"elementor-element elementor-element-afb897d elementor-widget elementor-widget-spacer\" data-id=\"afb897d\" data-element_type=\"widget\" data-widget_type=\"spacer.default\">\n\t\t\t\t<div class=\"elementor-widget-container\">\n\t\t\t\t\t<div class=\"elementor-spacer\">\n\t\t\t<div class=\"elementor-spacer-inner\"><\/div>\n\t\t<\/div>\n\t\t\t\t<\/div>\n\t\t\t\t<\/div>\n\t\t\t\t<section class=\"elementor-section elementor-inner-section elementor-element elementor-element-3306646 elementor-section-boxed elementor-section-height-default elementor-section-height-default\" data-id=\"3306646\" data-element_type=\"section\">\n\t\t\t\t\t\t<div class=\"elementor-container elementor-column-gap-default\">\n\t\t\t\t\t<div class=\"elementor-column elementor-col-50 elementor-inner-column elementor-element elementor-element-fcbc654\" data-id=\"fcbc654\" data-element_type=\"column\">\n\t\t\t<div class=\"elementor-widget-wrap elementor-element-populated\">\n\t\t\t\t\t\t<div class=\"elementor-element elementor-element-97b5c72 elementor-position-top elementor-widget elementor-widget-image-box\" data-id=\"97b5c72\" data-element_type=\"widget\" data-widget_type=\"image-box.default\">\n\t\t\t\t<div class=\"elementor-widget-container\">\n\t\t\t<div class=\"elementor-image-box-wrapper\"><figure class=\"elementor-image-box-img\"><img decoding=\"async\" width=\"500\" height=\"500\" src=\"https:\/\/itechmedicaldivision.com\/wp-content\/uploads\/bandiera-francese.jpg\" class=\"attachment-full size-full wp-image-49715\" alt=\"\" srcset=\"https:\/\/itechmedicaldivision.com\/wp-content\/uploads\/bandiera-francese.jpg 500w, https:\/\/itechmedicaldivision.com\/wp-content\/uploads\/bandiera-francese-300x300.jpg 300w, https:\/\/itechmedicaldivision.com\/wp-content\/uploads\/bandiera-francese-75x75.jpg 75w, https:\/\/itechmedicaldivision.com\/wp-content\/uploads\/bandiera-francese-360x360.jpg 360w\" sizes=\"(max-width: 500px) 100vw, 500px\" \/><\/figure><div class=\"elementor-image-box-content\"><h3 class=\"elementor-image-box-title\">Valider votre garantie<\/h3><\/div><\/div>\t\t<\/div>\n\t\t\t\t<\/div>\n\t\t\t\t<div class=\"elementor-element elementor-element-b3bb188 elementor-align-center elementor-widget elementor-widget-button\" data-id=\"b3bb188\" data-element_type=\"widget\" data-widget_type=\"button.default\">\n\t\t\t\t<div class=\"elementor-widget-container\">\n\t\t\t\t\t\t\t<div class=\"elementor-button-wrapper\">\n\t\t\t\t\t<a class=\"elementor-button elementor-button-link elementor-size-sm\" href=\"https:\/\/itechmedicaldivision.com\/fr\/validation-garantie\/\">\n\t\t\t\t\t\t<span class=\"elementor-button-content-wrapper\">\n\t\t\t\t\t\t\t\t\t<span class=\"elementor-button-text\">Cliquez ici<\/span>\n\t\t\t\t\t<\/span>\n\t\t\t\t\t<\/a>\n\t\t\t\t<\/div>\n\t\t\t\t\t\t<\/div>\n\t\t\t\t<\/div>\n\t\t\t\t\t<\/div>\n\t\t<\/div>\n\t\t\t\t<div class=\"elementor-column elementor-col-50 elementor-inner-column elementor-element elementor-element-8915c3b\" data-id=\"8915c3b\" data-element_type=\"column\">\n\t\t\t<div class=\"elementor-widget-wrap elementor-element-populated\">\n\t\t\t\t\t\t<div class=\"elementor-element elementor-element-17e7589 elementor-position-top elementor-widget elementor-widget-image-box\" data-id=\"17e7589\" data-element_type=\"widget\" data-widget_type=\"image-box.default\">\n\t\t\t\t<div class=\"elementor-widget-container\">\n\t\t\t<div class=\"elementor-image-box-wrapper\"><figure class=\"elementor-image-box-img\"><img loading=\"lazy\" decoding=\"async\" width=\"500\" height=\"500\" src=\"https:\/\/itechmedicaldivision.com\/wp-content\/uploads\/bandiera-tedesca.jpg\" class=\"attachment-full size-full wp-image-49720\" alt=\"\" srcset=\"https:\/\/itechmedicaldivision.com\/wp-content\/uploads\/bandiera-tedesca.jpg 500w, https:\/\/itechmedicaldivision.com\/wp-content\/uploads\/bandiera-tedesca-300x300.jpg 300w, https:\/\/itechmedicaldivision.com\/wp-content\/uploads\/bandiera-tedesca-75x75.jpg 75w, https:\/\/itechmedicaldivision.com\/wp-content\/uploads\/bandiera-tedesca-360x360.jpg 360w\" sizes=\"(max-width: 500px) 100vw, 500px\" \/><\/figure><div class=\"elementor-image-box-content\"><h3 class=\"elementor-image-box-title\">Best\u00e4tigen Sie Ihre Garantie<\/h3><\/div><\/div>\t\t<\/div>\n\t\t\t\t<\/div>\n\t\t\t\t<div class=\"elementor-element elementor-element-60cc9c4 elementor-align-center elementor-widget elementor-widget-button\" data-id=\"60cc9c4\" data-element_type=\"widget\" data-widget_type=\"button.default\">\n\t\t\t\t<div class=\"elementor-widget-container\">\n\t\t\t\t\t\t\t<div class=\"elementor-button-wrapper\">\n\t\t\t\t\t<a class=\"elementor-button elementor-button-link elementor-size-sm\" href=\"https:\/\/itechmedicaldivision.com\/de\/garantie-validierung\/\">\n\t\t\t\t\t\t<span class=\"elementor-button-content-wrapper\">\n\t\t\t\t\t\t\t\t\t<span class=\"elementor-button-text\">Hier klicken<\/span>\n\t\t\t\t\t<\/span>\n\t\t\t\t\t<\/a>\n\t\t\t\t<\/div>\n\t\t\t\t\t\t<\/div>\n\t\t\t\t<\/div>\n\t\t\t\t\t<\/div>\n\t\t<\/div>\n\t\t\t\t\t<\/div>\n\t\t<\/section>\n\t\t\t\t\t<\/div>\n\t\t<\/div>\n\t\t\t\t\t<\/div>\n\t\t<\/section>\n\t\t\t\t<\/div>\n\t\t","protected":false},"excerpt":{"rendered":"<p>Validate your warranty Click here Valida tu garant\u00eda Pulsa aqu\u00ed Valider votre garantie Cliquez ici Best\u00e4tigen Sie Ihre Garantie Hier [&hellip;]<\/p>\n","protected":false},"author":7,"featured_media":0,"parent":0,"menu_order":0,"comment_status":"closed","ping_status":"closed","template":"page-templates\/template_fullwidth.php","meta":{"_acf_changed":false,"footnotes":""},"class_list":["post-49699","page","type-page","status-publish","hentry","col-lg-4 col-md-6"],"acf":[],"_links":{"self":[{"href":"https:\/\/itechmedicaldivision.com\/en\/wp-json\/wp\/v2\/pages\/49699","targetHints":{"allow":["GET"]}}],"collection":[{"href":"https:\/\/itechmedicaldivision.com\/en\/wp-json\/wp\/v2\/pages"}],"about":[{"href":"https:\/\/itechmedicaldivision.com\/en\/wp-json\/wp\/v2\/types\/page"}],"author":[{"embeddable":true,"href":"https:\/\/itechmedicaldivision.com\/en\/wp-json\/wp\/v2\/users\/7"}],"replies":[{"embeddable":true,"href":"https:\/\/itechmedicaldivision.com\/en\/wp-json\/wp\/v2\/comments?post=49699"}],"version-history":[{"count":0,"href":"https:\/\/itechmedicaldivision.com\/en\/wp-json\/wp\/v2\/pages\/49699\/revisions"}],"wp:attachment":[{"href":"https:\/\/itechmedicaldivision.com\/en\/wp-json\/wp\/v2\/media?parent=49699"}],"curies":[{"name":"wp","href":"https:\/\/api.w.org\/{rel}","templated":true}]}}