{"id":36505,"date":"2022-12-22T17:10:09","date_gmt":"2022-12-22T16:10:09","guid":{"rendered":"https:\/\/itechmedicaldivision.com\/?page_id=36505"},"modified":"2025-12-02T13:11:48","modified_gmt":"2025-12-02T12:11:48","slug":"allgemeine-geschaeftsbedingungen-der-website","status":"publish","type":"page","link":"https:\/\/itechmedicaldivision.com\/de\/allgemeine-geschaeftsbedingungen-der-website\/","title":{"rendered":"Allgemeine Gesch\u00e4ftsbedingungen der WEBSITE"},"content":{"rendered":"\t\t<div data-elementor-type=\"wp-page\" data-elementor-id=\"36505\" class=\"elementor elementor-36505 elementor-35300\" data-elementor-post-type=\"page\">\n\t\t\t\t\t\t<section class=\"elementor-section elementor-top-section elementor-element elementor-element-092f79a elementor-section-full_width elementor-section-stretched elementor-section-height-default elementor-section-height-default\" data-id=\"092f79a\" data-element_type=\"section\" data-settings=\"{&quot;stretch_section&quot;:&quot;section-stretched&quot;}\">\n\t\t\t\t\t\t<div class=\"elementor-container elementor-column-gap-default\">\n\t\t\t\t\t<div class=\"elementor-column elementor-col-100 elementor-top-column elementor-element elementor-element-e61f994\" data-id=\"e61f994\" data-element_type=\"column\">\n\t\t\t<div class=\"elementor-widget-wrap elementor-element-populated\">\n\t\t\t\t\t\t<section class=\"elementor-section elementor-inner-section elementor-element elementor-element-7d36c58 elementor-section-boxed elementor-section-height-default elementor-section-height-default\" data-id=\"7d36c58\" data-element_type=\"section\">\n\t\t\t\t\t\t<div class=\"elementor-container elementor-column-gap-default\">\n\t\t\t\t\t<div class=\"elementor-column elementor-col-100 elementor-inner-column elementor-element elementor-element-6b6124d\" data-id=\"6b6124d\" data-element_type=\"column\">\n\t\t\t<div class=\"elementor-widget-wrap elementor-element-populated\">\n\t\t\t\t\t\t<div class=\"elementor-element elementor-element-15b90c1 elementor-widget elementor-widget-heading\" data-id=\"15b90c1\" data-element_type=\"widget\" data-widget_type=\"heading.default\">\n\t\t\t\t<div class=\"elementor-widget-container\">\n\t\t\t<h1 class=\"elementor-heading-title elementor-size-default\">Allgemeine Gesch\u00e4ftsbedingungen der WEBSITE https:\/\/itechmedicaldivision.com\/<\/h1>\t\t<\/div>\n\t\t\t\t<\/div>\n\t\t\t\t\t<\/div>\n\t\t<\/div>\n\t\t\t\t\t<\/div>\n\t\t<\/section>\n\t\t\t\t\t<\/div>\n\t\t<\/div>\n\t\t\t\t\t<\/div>\n\t\t<\/section>\n\t\t\t\t<section class=\"elementor-section elementor-top-section elementor-element elementor-element-a14b53d elementor-section-boxed elementor-section-height-default elementor-section-height-default\" data-id=\"a14b53d\" data-element_type=\"section\">\n\t\t\t\t\t\t<div class=\"elementor-container elementor-column-gap-default\">\n\t\t\t\t\t<div class=\"elementor-column elementor-col-100 elementor-top-column elementor-element elementor-element-6f852e0\" data-id=\"6f852e0\" data-element_type=\"column\">\n\t\t\t<div class=\"elementor-widget-wrap elementor-element-populated\">\n\t\t\t\t\t\t<div class=\"elementor-element elementor-element-1d01815 elementor-widget elementor-widget-text-editor\" data-id=\"1d01815\" data-element_type=\"widget\" data-widget_type=\"text-editor.default\">\n\t\t\t\t<div class=\"elementor-widget-container\">\n\t\t\t\t\t\t\t<p><strong>1. EINLEITUNG<\/strong><br \/>In diesem Dokument sind die Gesch\u00e4fts- und Nutzungsbedingungen der Website https:\/\/itechmedicaldivision.com\/ (nachfolgend Website) festgelegt. <br \/>Mit dem \u00d6ffnen und Surfen auf der Website auf einem Computer, Smartphone, Tablet oder anderem Ger\u00e4t best\u00e4tigt der Benutzer, dass er dieses Dokument \u00fcber die Gesch\u00e4fts- und Nutzungsbedingungen der Website https:\/\/itechmedicaldivision.com\/ aufmerksam gelesen hat.<\/p><p><strong>2. GEGENSTAND DES \u00dcBER DIE NAVIGATION AUF DER WEBSITE ERBRACHTEN DIENSTES<\/strong> <br \/>Die Website liefert technische Hinweise f\u00fcr die vom Inhaber gekauften Ger\u00e4te und die Krankheiten, die behandelt werden, und erlaubt dem Benutzer, \u00fcber die entsprechenden Formulare (Kontaktformular f\u00fcr den Kauf, technische Hilfe, Kundendienst) kontaktiert zu werden, damit seinen spezifischen Anfragen nachgekommen werden kann (der Dienst &#8211; freiwillig). <br \/>Sie erlaubt den interessierten Benutzern, sich f\u00fcr den Newsletter anzumelden und sich die in die Seite f\u00fcr den Blog eingef\u00fcgten Inhalte anzusehen. <br \/>Wir verweisen auf die unter dem Punkt 7 dieses Dokuments angegebene Datenschutzerkl\u00e4rung f\u00fcr die spezifischen Informationen \u00fcber die Verarbeitung personenbezogener Daten.<\/p><p><strong>3. INHABER DER RECHTE AN DER WEBSITE<\/strong><br \/>Der Inhaber der Website ist: <strong>I.A.C.E.R. Srl, Enzo Ferrari 2, 30037 Scorz\u00e8 (VE), CF: 00185480274<\/strong>&#8211; E-Mailadresse des Verantwortlichen: <strong>iacer@iacer.it<\/strong><br \/>Die Lizenz enth\u00e4lt kein Recht auf den Zugang zum Originalquellcode, auf seine Verwendung oder auf seine Offenbarung vor dem Benutzer. Die auf der Website verwendeten Techniken, Algorithmen und Verfahren und die dazugeh\u00f6rige Dokumentation sind exklusives Eigentum des Inhabers oder seines Lizenzgebers.<\/p><p><strong>4. BEDINGUNGEN F\u00dcR DIE NAVIGATION AUF DER WEBSITE<\/strong> <br \/>Der Benutzer erkl\u00e4rt, die folgenden Anforderungen zu erf\u00fcllen:<br \/>\u2022 Der Benutzer ist vollj\u00e4hrig oder hat das vom anwendbaren Gesetz geforderte Mindestalter (14 Jahre). Minderj\u00e4hrigen unter 14 Jahren ist die Navigation untersagt. <br \/>\u2022 Der Benutzer ist in keinem Land ans\u00e4ssig, das einem Embargo seitens der Vereinigten Staaten unterliegt oder das auf der von der Regierung der Vereinigten Staaten von Amerika mit den Staaten herausgegebenen Liste der Staaten, die den Terrorismus finanzieren, steht.<br \/>\u2022 Der Benutzer steht auf keiner U.S.-amerikanischen Regierungsliste verbotener Auftragnehmer.<\/p><p><strong>5. AKTUALISIERUNG DER WEBSITE. \u00dcBEREINSTIMMUNG MIT DEN ANWENDBAREN RECHTSVORSCHRIFTEN<\/strong> <br \/>Der Inhaber bringt die h\u00f6chste Sorgfalt daf\u00fcr auf, dass der auf dieser Website zur Verf\u00fcgung gestellte Inhalt keine anwendbaren Rechtsvorschriften und keine Rechte von Dritten verletzt. Allerdings kann er dieses Ergebnis nicht immer erreichen.<br \/>In solchen F\u00e4llen werden die Benutzer gebeten, unbeschadet dem Recht auf den Einsatz wirksamer Rechtsbehelfe und Forderungen, die entsprechenden Beanstandungen an die in diesem Dokument angegebenen Adressen zu senden.<\/p><p><strong>6. GEBRAUCH UND EINSCHR\u00c4NKUNGEN<\/strong> <br \/>Die Benutzer sind nicht berechtigt, die Inhalte auf eine Art und Weise, die nicht f\u00fcr die korrekte Nutzung des Dienstes notwendig oder damit impliziert sind, zu benutzen.<br \/>Den Benutzer ist es vor allem und ohne Ausschl\u00fcsse verboten, die auf dieser Website verf\u00fcgbaren Inhalte zu kopieren, herunterzuladen, \u00fcber die unten angegebenen Einschr\u00e4nkungen hinaus zu teilen, zu \u00e4ndern, zu \u00fcbersetzen, zu bearbeiten, zu ver\u00f6ffentlichen, zu senden, zu verkaufen, zu lizenzieren, zu ver\u00e4ndern und an Dritte weiterzugeben\/zu ver\u00e4u\u00dfern oder daraus abgeleitete Werke zu erstellen und Dritten zu erlauben, solche T\u00e4tigkeiten \u00fcber ihr Benutzerkonto oder ihr Ger\u00e4t, auch nicht in ihrer Unkenntnis, auszuf\u00fchren.<br \/>Wenn ausdr\u00fccklich angegeben, ist der Benutzer berechtigt, bestimmte auf der Navigationsseite zur Verf\u00fcgung gestellte Inhalte ausschlie\u00dflich f\u00fcr private und nicht gewerbliche Zwecke herunterzuladen, zu kopieren und\/oder zu teilen, unter der Voraussetzung, dass die Zuweisung der Urheberschaft f\u00fcr das Werk und die Angabe jedes sonstigen relevanten, vom Inhaber geforderten Umstands gemacht werden.<br \/>Au\u00dferdem gelten die von den Vorschriften \u00fcber das Urheberrecht vorgesehenen Beschr\u00e4nkungen und Ausschl\u00fcsse.<\/p><p><strong>6.1. Bestimmungsm\u00e4\u00dfiger Gebrauch der Website und des Dienstes<\/strong><br \/>Die Website und der Dienst d\u00fcrfen nur f\u00fcr die Zwecke, f\u00fcr die sie angeboten werden, gem\u00e4\u00df diesen Gesch\u00e4ftsbedingungen und im Sinne des anwendbaren Gesetzes gebraucht werden.<br \/>Der Benutzer ist allein daf\u00fcr verantwortlich, dass der Gebrauch dieser Website und\/oder des Dienstes nicht gegen das Gesetz, die Vorschriften oder Rechte Dritter verst\u00f6\u00dft.<br \/>Deswegen beh\u00e4lt sich der Inhaber das Recht vor, jede angemessene Ma\u00dfnahme zu ergreifen, um seine berechtigten Interessen zu sch\u00fctzen, vor allem, dem Benutzer den Zugang zu dieser Website oder zu diesem Dienst zu verweigern, Vertr\u00e4ge aufzul\u00f6sen, den zust\u00e4ndigen Beh\u00f6rden &#8211; z. B. der Justizbeh\u00f6rde oder der Verwaltungsbeh\u00f6rde &#8211; jede zensierbare, \u00fcber diese App oder diesen Dienst unternommene T\u00e4tigkeit anzuzeigen, wenn der Benutzer tats\u00e4chlich oder vermutlich:<br \/>\u2022 das Gesetz, die Vorschriften und\/oder Gesch\u00e4ftsbedingungen verletzt;<br \/>\u2022 die Rechte Dritter verletzt;<br \/>\u2022 Taten unternimmt, welche den berechtigten Interessen des Inhabers betr\u00e4chtlich schaden;<br \/>\u2022 den Inhaber oder Dritte angreift.<\/p><p><strong>6.2. Unterbrechung des Dienstes<\/strong><br \/>Um das bestm\u00f6gliche Leistungsniveau garantieren zu k\u00f6nnen, beh\u00e4lt sich der Inhaber das Recht vor, die Navigation auf der Website und\/oder durch den Dienst zu unterbrechen, um das System zu warten, zu aktualisieren oder jede andere \u00c4nderung vorzunehmen, \u00fcber die er die Benutzer in angemessener Weise in Kenntnis setzen wird.<br \/>Die Website und\/oder der Dienst k\u00f6nnen au\u00dferdem aus Gr\u00fcnden, die sich der vern\u00fcnftigerweise erwartbaren Kontrolle des Inhabers entziehen, wie h\u00f6here Gewalt (z. B. Streiks, St\u00f6rungen der Infrastruktur, Stromausfall usw.), nicht zur Verf\u00fcgung stehen.<\/p><p><strong>7. DATENSCHUTZERKL\u00c4RUNG<\/strong> <br \/>Die Informationen \u00fcber die Verarbeitung der personenbezogenen Daten sind in der Datenschutzerkl\u00e4rung diese App unter dem Link https:\/\/itechmedicaldivision.com\/privacy-policy\/ zu finden. <br \/>Die Benutzer m\u00fcssen in die Datenschutzerkl\u00e4rung Einsicht nehmen und ihre Einwilligung zur Datenverarbeitung, wenn eine Einwilligung notwendig ist, geben, bevor sie die angebotenen Leistungen aktivieren.<\/p><p><strong>8. \u00c4NDERUNGEN DER GESCH\u00c4FTSBEDINGUNGEN<\/strong> <br \/>Der Inhaber beh\u00e4lt sich das Recht vor, die Gesch\u00e4ftsbedingungen jederzeit aus gerechtfertigten Gr\u00fcnden und wegen nachtr\u00e4glichen Anforderungen zu \u00e4ndern. In diesem Fall wird der Inhaber den Benutzern diese \u00c4nderungen sachgem\u00e4\u00df mitteilen. Die \u00c4nderungen werden sich erst sp\u00e4ter auf das Vertragsverh\u00e4ltnis mit dem Benutzer auswirken. Die fortlaufende Nutzung der Website und\/oder des Dienstes impliziert die Annahme der aktualisierten Gesch\u00e4ftsbedingungen vom Benutzer. Wenn der Benutzer die \u00c4nderungen nicht annehmen m\u00f6chte, muss er aufh\u00f6ren, den Dienst zu gebrauchen. Die Ablehnung der aktualisierten Gesch\u00e4ftsbedingungen berechtigt beide Vertragsparteien, vom Vertrag zur\u00fcckzutreten.<br \/>Die vorher geltende Version wird das Vertragsverh\u00e4ltnis bis zur Annahme der aktualisierten Version des Benutzers regeln. Diese Version kann vom Inhaber gefordert werden.<br \/>Wenn das geltende Recht es fordert, wird der Inhaber das Datum festlegen, zu dem die ge\u00e4nderten Gesch\u00e4ftsbedingungen in Kraft treten werden.<\/p><p><strong>9. ABTRETUNG DER RECHTE AN DER WEBSITE<\/strong> <br \/>Der Inhaber beh\u00e4lt sich das Recht vor, unter Beachtung der berechtigten Interessen der Benutzer und Einhaltung des von diesem Vertrag vorgesehenen Schutzes ihrer Rechte einzelne oder alle Rechte und Verpflichtungen gem\u00e4\u00df dieser Gesch\u00e4ftsbedingungen zu \u00fcbertragen, abzutreten, dar\u00fcber zu verf\u00fcgen, zu erneuern oder in Auftrag zu geben.<\/p><p><strong>10. ANWENDBARES RECHT UND ZUST\u00c4NDIGER GERICHTSSTAND<\/strong><br \/>Diese Gesch\u00e4ftsbedingungen und alle Streitigkeiten \u00fcber ihre Ausf\u00fchrung, Auslegung und Wirksamkeit unterliegen dem italienischen Recht und der exklusiven Zust\u00e4ndigkeit des Gerichts am Ort, in dem der Inhaber seinen Firmensitz hat.<br \/>Wenn der Benutzer ein Verbraucher im Sinne des Art. 3 des Verbraucherschutzgesetzes ist, liegt die unabdingbare Bezirkszust\u00e4ndigkeit beim Richter beim Wohnsitz oder Domizilort des Verbrauchers, wenn er sich innerhalb des italienischen Staatsgebiet befindet, unbeschadet des Rechts f\u00fcr den Verbraucher, seine Klage anstatt beim \u201eVerbrauchergerichtsstand\u201c gem\u00e4\u00df Art. 66 bis des Verbraucherschutzgesetzes nach einem der Kriterien gem\u00e4\u00df der Artikel 18, 19 und 20 des Zivilprozessrechts bei einem anderen, f\u00fcr den Bezirk zust\u00e4ndigen Richter einzureichen.<\/p><p style=\"text-align: right;\"><em>letzte Aktualisierung: 02. Dezember 2022<\/em><\/p>\t\t\t\t\t\t<\/div>\n\t\t\t\t<\/div>\n\t\t\t\t\t<\/div>\n\t\t<\/div>\n\t\t\t\t\t<\/div>\n\t\t<\/section>\n\t\t\t\t<section class=\"elementor-section elementor-top-section elementor-element elementor-element-95d4a6f elementor-section-boxed elementor-section-height-default elementor-section-height-default\" data-id=\"95d4a6f\" data-element_type=\"section\">\n\t\t\t\t\t\t<div class=\"elementor-container elementor-column-gap-default\">\n\t\t\t\t\t<div class=\"elementor-column elementor-col-100 elementor-top-column elementor-element elementor-element-b43fe87\" data-id=\"b43fe87\" data-element_type=\"column\">\n\t\t\t<div class=\"elementor-widget-wrap\">\n\t\t\t\t\t\t\t<\/div>\n\t\t<\/div>\n\t\t\t\t\t<\/div>\n\t\t<\/section>\n\t\t\t\t<\/div>\n\t\t","protected":false},"excerpt":{"rendered":"<p>Allgemeine Gesch\u00e4ftsbedingungen der WEBSITE https:\/\/itechmedicaldivision.com\/ 1. EINLEITUNGIn diesem Dokument sind die Gesch\u00e4fts- und Nutzungsbedingungen der Website https:\/\/itechmedicaldivision.com\/ (nachfolgend Website) festgelegt. [&hellip;]<\/p>\n","protected":false},"author":12,"featured_media":0,"parent":0,"menu_order":52,"comment_status":"closed","ping_status":"closed","template":"page-templates\/template_fullwidth.php","meta":{"_acf_changed":false,"footnotes":""},"class_list":["post-36505","page","type-page","status-publish","hentry","col-lg-4 col-md-6"],"acf":[],"_links":{"self":[{"href":"https:\/\/itechmedicaldivision.com\/de\/wp-json\/wp\/v2\/pages\/36505","targetHints":{"allow":["GET"]}}],"collection":[{"href":"https:\/\/itechmedicaldivision.com\/de\/wp-json\/wp\/v2\/pages"}],"about":[{"href":"https:\/\/itechmedicaldivision.com\/de\/wp-json\/wp\/v2\/types\/page"}],"author":[{"embeddable":true,"href":"https:\/\/itechmedicaldivision.com\/de\/wp-json\/wp\/v2\/users\/12"}],"replies":[{"embeddable":true,"href":"https:\/\/itechmedicaldivision.com\/de\/wp-json\/wp\/v2\/comments?post=36505"}],"version-history":[{"count":3,"href":"https:\/\/itechmedicaldivision.com\/de\/wp-json\/wp\/v2\/pages\/36505\/revisions"}],"predecessor-version":[{"id":71867,"href":"https:\/\/itechmedicaldivision.com\/de\/wp-json\/wp\/v2\/pages\/36505\/revisions\/71867"}],"wp:attachment":[{"href":"https:\/\/itechmedicaldivision.com\/de\/wp-json\/wp\/v2\/media?parent=36505"}],"curies":[{"name":"wp","href":"https:\/\/api.w.org\/{rel}","templated":true}]}}