{"id":36497,"date":"2022-12-22T16:51:18","date_gmt":"2022-12-22T15:51:18","guid":{"rendered":"https:\/\/itechmedicaldivision.com\/?page_id=36497"},"modified":"2023-05-30T16:50:24","modified_gmt":"2023-05-30T14:50:24","slug":"datenschutz-und-einwilligungserklaerung-fuer-newsletter","status":"publish","type":"page","link":"https:\/\/itechmedicaldivision.com\/de\/datenschutz-und-einwilligungserklaerung-fuer-newsletter\/","title":{"rendered":"Datenschutz- und Einwilligungserkl\u00e4rung f\u00fcr Newsletter"},"content":{"rendered":"\t\t<div data-elementor-type=\"wp-page\" data-elementor-id=\"36497\" class=\"elementor elementor-36497 elementor-35306\" data-elementor-post-type=\"page\">\n\t\t\t\t\t\t<section class=\"elementor-section elementor-top-section elementor-element elementor-element-89a523d elementor-section-full_width elementor-section-stretched elementor-section-height-default elementor-section-height-default\" data-id=\"89a523d\" data-element_type=\"section\" data-settings=\"{&quot;stretch_section&quot;:&quot;section-stretched&quot;}\">\n\t\t\t\t\t\t<div class=\"elementor-container elementor-column-gap-default\">\n\t\t\t\t\t<div class=\"elementor-column elementor-col-100 elementor-top-column elementor-element elementor-element-cf890ec\" data-id=\"cf890ec\" data-element_type=\"column\">\n\t\t\t<div class=\"elementor-widget-wrap elementor-element-populated\">\n\t\t\t\t\t\t<section class=\"elementor-section elementor-inner-section elementor-element elementor-element-9a9d646 elementor-section-boxed elementor-section-height-default elementor-section-height-default\" data-id=\"9a9d646\" data-element_type=\"section\">\n\t\t\t\t\t\t<div class=\"elementor-container elementor-column-gap-default\">\n\t\t\t\t\t<div class=\"elementor-column elementor-col-100 elementor-inner-column elementor-element elementor-element-a9161a8\" data-id=\"a9161a8\" data-element_type=\"column\">\n\t\t\t<div class=\"elementor-widget-wrap elementor-element-populated\">\n\t\t\t\t\t\t<div class=\"elementor-element elementor-element-12dfec7 elementor-widget elementor-widget-heading\" data-id=\"12dfec7\" data-element_type=\"widget\" data-widget_type=\"heading.default\">\n\t\t\t\t<div class=\"elementor-widget-container\">\n\t\t\t<h1 class=\"elementor-heading-title elementor-size-default\">Datenschutz- und Einwilligungserkl\u00e4rung f\u00fcr Newsletter<\/h1>\t\t<\/div>\n\t\t\t\t<\/div>\n\t\t\t\t\t<\/div>\n\t\t<\/div>\n\t\t\t\t\t<\/div>\n\t\t<\/section>\n\t\t\t\t\t<\/div>\n\t\t<\/div>\n\t\t\t\t\t<\/div>\n\t\t<\/section>\n\t\t\t\t<section class=\"elementor-section elementor-top-section elementor-element elementor-element-4a2b649 elementor-section-full_width elementor-section-height-default elementor-section-height-default\" data-id=\"4a2b649\" data-element_type=\"section\">\n\t\t\t\t\t\t<div class=\"elementor-container elementor-column-gap-default\">\n\t\t\t\t\t<div class=\"elementor-column elementor-col-100 elementor-top-column elementor-element elementor-element-0f7887d\" data-id=\"0f7887d\" data-element_type=\"column\">\n\t\t\t<div class=\"elementor-widget-wrap elementor-element-populated\">\n\t\t\t\t\t\t<div class=\"elementor-element elementor-element-c5b4b4a elementor-widget elementor-widget-text-editor\" data-id=\"c5b4b4a\" data-element_type=\"widget\" data-widget_type=\"text-editor.default\">\n\t\t\t\t<div class=\"elementor-widget-container\">\n\t\t\t\t\t\t\t<p style=\"text-align: left;\"><strong>im Sinne des Art. 13, ABS. 1, VERORDUNG (EU) 679\/2016 zum Schutz personenbezogener Daten (DSGVO)<\/strong><\/p>\t\t\t\t\t\t<\/div>\n\t\t\t\t<\/div>\n\t\t\t\t\t<\/div>\n\t\t<\/div>\n\t\t\t\t\t<\/div>\n\t\t<\/section>\n\t\t\t\t<section class=\"elementor-section elementor-top-section elementor-element elementor-element-2791e89 elementor-section-boxed elementor-section-height-default elementor-section-height-default\" data-id=\"2791e89\" data-element_type=\"section\">\n\t\t\t\t\t\t<div class=\"elementor-container elementor-column-gap-default\">\n\t\t\t\t\t<div class=\"elementor-column elementor-col-100 elementor-top-column elementor-element elementor-element-7fcd903\" data-id=\"7fcd903\" data-element_type=\"column\">\n\t\t\t<div class=\"elementor-widget-wrap elementor-element-populated\">\n\t\t\t\t\t\t<div class=\"elementor-element elementor-element-2693dc5 elementor-widget elementor-widget-text-editor\" data-id=\"2693dc5\" data-element_type=\"widget\" data-widget_type=\"text-editor.default\">\n\t\t\t\t<div class=\"elementor-widget-container\">\n\t\t\t\t\t\t\t<p>IACER S.r.l. informiert Sie, als betroffene Person, unter Einhaltung der Vorschriften gem\u00e4\u00df Art.13, Abs. 1 der Verordnung (EU) 679\/2016 (im Folgenden DSGVO) \u00fcber die Zwecke der Erfassung Ihrer personenbezogenen Daten und \u00fcber die Methoden, mit denen die direkt von Ihnen f\u00fcr die Anmeldung und die Nutzung des Newsletter-Dienstes eingeholten personenbezogenen Daten verarbeitet werden.<\/p><p>Die von Ihnen bereitgestellten und von uns erfassten personenbezogenen Daten werden gem\u00e4\u00df den Vorschriften der vorher genannten Verordnung verarbeitet.<\/p><p>Im Einzelnen wird dazu Folgendes spezifiziert:<\/p><p><strong>a) Verantwortlicher der Datenverarbeitung<\/strong> <br \/>Der Verantwortliche ist IACER S.r.l., mit Gesch\u00e4ftssitz in Via Enzo Ferrari 2, 30037 Scorz\u00e8 (VE), St.Nr. \/ USt.Nr. 00185480274, REA: VE 120250, der \u00fcber die E-Mailiacer@iacer.it kontaktiert werden kann.<\/p><p><strong>b) Datenschutzbeauftragter &#8211; Identit\u00e4t und Kontaktangaben<\/strong><br \/>Bitte nehmen Sie zur Kenntnis, dass der f\u00fcr die Verarbeitung Verantwortliche gem\u00e4\u00df Artikel 37 des Gdpr den Datenschutzbeauftragten, Frau Maria Antonietta Sacheli, benannt hat, die \u00fcber folgende Kan\u00e4le kontaktiert werden kann: E-Mail mariaantonietta@fiscleg.it &#8211; Tel.: (+39) 049 877161<br \/><br \/><\/p><p><strong>c) Zweck der Verarbeitung und rechtliche Grundlage der Verarbeitung<\/strong> <br \/>&#8211; Die Daten werden, nach der Ausf\u00fcllung des spezifischen Anmeldeformulars\u00b8 mit manuellen, IT- und telematischen Instrumenten f\u00fcr die Zusendung des informativen Newsletters mit Werbemitteilungen und Anzeigen von den angebotenen Produkten und Leistungen und der eventuellen Zusendung vom weiteren Leistungs- und Produktangeboten verarbeitet.<br \/>&#8211; Allgemeines Profiling: Die mit der Ausf\u00fcllung unserer Formate, w\u00e4hrend der Verwendung der App im Gastmodus gesammelten oder aus der Typologie Ihrer Eink\u00e4ufe gewonnenen Daten k\u00f6nnen auch zur Ermittlung und Bestimmung Ihrer Geschm\u00e4cker, Pr\u00e4ferenzen, Gewohnheiten, Bed\u00fcrfnissen und Konsumentscheidungen verwendet werden.<\/p><p>Die Bereitstellung der Daten und damit die Einwilligung in Ihre Erfassung und Verarbeitung sind freiwillig. Der Benutzer kann die Einwilligung verweigern oder zu jedem Zeitpunkt seine bereits gegebene Einwilligung widerrufen.<\/p><p><strong>d) Verarbeitungsmodalit\u00e4t<\/strong><br \/>Die Daten, die Ihre Personen betreffen, werden nach den Leits\u00e4tzen der Rechtm\u00e4\u00dfigkeit, Verarbeitung nach Treu und Glauben, Transparenz und dem Schutz Ihrer Privatsph\u00e4re und Ihrer Rechte verarbeitet. <br \/>Der Newsletter wird \u00fcber <strong>die Plattform MailChimp (MailChimp ist eine Online-Marketingplattform, die von The Rocket Science Group LLC, einem Unternehmen mit Sitz im Bundesstaat Georgia, Vereinigte Staaten, betrieben wird)<\/strong> versendet. Die Datenschutzerkl\u00e4rung f\u00fcr diese Plattform k\u00f6nnen Sie auf der Website https:\/\/mailchimp.com\/legal\/privacy\/ lesen. <br \/>MailChimp ist der externe Verantwortliche der Datenverarbeitung.<\/p><p><strong>e) \u00dcbermittlung an Dritte und ins Ausland.<\/strong><br \/>Alle gesammelten und verarbeiteten Daten k\u00f6nnen innerhalb des EU-Bereichs und an Dritte \u00fcbermittelt werden, wenn es f\u00fcr die Verarbeitungszwecke notwendig ist. <br \/>Wenn die Datenempf\u00e4nger f\u00fcr unser Unternehmen die Daten verarbeiten m\u00fcssen, werden sie vorher mit einem spezifischen Vertrag oder einer anderen Rechtsurkunde zu Auftragsverarbeitern benannt.<br \/>Die aktualisierte Liste der Auftragsverarbeiter steht im Gesch\u00e4ftssitz von IACER S.r.l. zur Einsicht zur Verf\u00fcgung. Sie k\u00f6nnen den Verantwortlichen bei Kl\u00e4rungsbedarf oder Problemen hinsichtlich Ihrer Privatsph\u00e4re jederzeit kontaktieren.<\/p><p><strong>f) Aufbewahrungsdauer<\/strong> <br \/>Die gesammelten Daten werden f\u00fcr die zur Ausf\u00fchrung der unter Punkt c) angegebenen Zwecke notwendigen Zeit und bis zum Widerruf der Einwilligung in die Datenverarbeitung aufbewahrt.<\/p><p><strong>g) Widerruf der Einwilligung<\/strong> <br \/>Jeder Betroffene hat das Recht seine Einwilligung zu jedem Zeitpunkt, unbeschadet der Rechtm\u00e4\u00dfigkeit der auf die vor dem Widerruf gegebenen Einwilligung begr\u00fcndeten Verarbeitung, zu widerrufen.<\/p><p><strong>h) Rechte des Betroffenen.<\/strong><br \/>Wir informieren Sie, dass Sie als betroffene Person hinsichtlich der verarbeiteten Daten, die Ihre Person betreffen, die von der DSGVO vorgesehenen Rechte aus\u00fcben k\u00f6nnen. Sie haben das:<\/p><p>&#8211; Recht auf Auskunft \u00fcber die Daten, die gesammelt und verarbeitet werden (Art. 15);<\/p><p>&#8211; Recht auf Berichtigung der Daten (Art. 16);<\/p><p>&#8211; Recht auf L\u00f6schung der Daten und das Recht auf Vergessenwerden (Art. 17);<\/p><p>&#8211; Recht auf Einschr\u00e4nkung der Verarbeitung (Art. 18);<\/p><p>&#8211; Recht auf \u00dcbertragbarkeit der Daten f\u00fcr die \u00dcbermittlung an einen anderen Verantwortlichen (Art. 20);<\/p><p>&#8211; Widerspruchsrecht (Art. 21);<\/p><p>&#8211; Recht auf Beschwerde bei einer Aufsichtsbeh\u00f6rde (Art. 77);<\/p><p>&#8211; Recht auf einen wirksamen gerichtlichen Rechtsbehelf gegen eine Aufsichtsbeh\u00f6rde (Art. 78) und gegen Verantwortliche und Auftragsbearbeiter (Art. 79).<\/p>\t\t\t\t\t\t<\/div>\n\t\t\t\t<\/div>\n\t\t\t\t\t<\/div>\n\t\t<\/div>\n\t\t\t\t\t<\/div>\n\t\t<\/section>\n\t\t\t\t<section class=\"elementor-section elementor-top-section elementor-element elementor-element-6d33786 elementor-section-boxed elementor-section-height-default elementor-section-height-default\" data-id=\"6d33786\" data-element_type=\"section\">\n\t\t\t\t\t\t<div class=\"elementor-container elementor-column-gap-default\">\n\t\t\t\t\t<div class=\"elementor-column elementor-col-100 elementor-top-column elementor-element elementor-element-a97bcbc\" data-id=\"a97bcbc\" data-element_type=\"column\">\n\t\t\t<div class=\"elementor-widget-wrap elementor-element-populated\">\n\t\t\t\t\t\t<div class=\"elementor-element elementor-element-ded4a75 elementor-widget elementor-widget-text-editor\" data-id=\"ded4a75\" data-element_type=\"widget\" data-widget_type=\"text-editor.default\">\n\t\t\t\t<div class=\"elementor-widget-container\">\n\t\t\t\t\t\t\t<p style=\"text-align: right;\"><em>letzte Aktualisierung: 30. Mai 2023<\/em><\/p>\t\t\t\t\t\t<\/div>\n\t\t\t\t<\/div>\n\t\t\t\t\t<\/div>\n\t\t<\/div>\n\t\t\t\t\t<\/div>\n\t\t<\/section>\n\t\t\t\t<section class=\"elementor-section elementor-top-section elementor-element elementor-element-847d796 elementor-section-boxed elementor-section-height-default elementor-section-height-default\" data-id=\"847d796\" data-element_type=\"section\">\n\t\t\t\t\t\t<div class=\"elementor-container elementor-column-gap-default\">\n\t\t\t\t\t<div class=\"elementor-column elementor-col-100 elementor-top-column elementor-element elementor-element-fc883d5\" data-id=\"fc883d5\" data-element_type=\"column\">\n\t\t\t<div class=\"elementor-widget-wrap\">\n\t\t\t\t\t\t\t<\/div>\n\t\t<\/div>\n\t\t\t\t\t<\/div>\n\t\t<\/section>\n\t\t\t\t<\/div>\n\t\t","protected":false},"excerpt":{"rendered":"<p>Datenschutz- und Einwilligungserkl\u00e4rung f\u00fcr Newsletter im Sinne des Art. 13, ABS. 1, VERORDUNG (EU) 679\/2016 zum Schutz personenbezogener Daten (DSGVO) [&hellip;]<\/p>\n","protected":false},"author":12,"featured_media":0,"parent":0,"menu_order":53,"comment_status":"closed","ping_status":"closed","template":"page-templates\/template_fullwidth.php","meta":{"_acf_changed":false,"footnotes":""},"class_list":["post-36497","page","type-page","status-publish","hentry","col-lg-4 col-md-6"],"acf":[],"_links":{"self":[{"href":"https:\/\/itechmedicaldivision.com\/de\/wp-json\/wp\/v2\/pages\/36497","targetHints":{"allow":["GET"]}}],"collection":[{"href":"https:\/\/itechmedicaldivision.com\/de\/wp-json\/wp\/v2\/pages"}],"about":[{"href":"https:\/\/itechmedicaldivision.com\/de\/wp-json\/wp\/v2\/types\/page"}],"author":[{"embeddable":true,"href":"https:\/\/itechmedicaldivision.com\/de\/wp-json\/wp\/v2\/users\/12"}],"replies":[{"embeddable":true,"href":"https:\/\/itechmedicaldivision.com\/de\/wp-json\/wp\/v2\/comments?post=36497"}],"version-history":[{"count":0,"href":"https:\/\/itechmedicaldivision.com\/de\/wp-json\/wp\/v2\/pages\/36497\/revisions"}],"wp:attachment":[{"href":"https:\/\/itechmedicaldivision.com\/de\/wp-json\/wp\/v2\/media?parent=36497"}],"curies":[{"name":"wp","href":"https:\/\/api.w.org\/{rel}","templated":true}]}}