{"id":22502,"date":"2022-01-24T16:39:27","date_gmt":"2022-01-24T15:39:27","guid":{"rendered":"https:\/\/itechmedicaldivision.com\/?page_id=22502"},"modified":"2025-09-19T10:40:23","modified_gmt":"2025-09-19T08:40:23","slug":"ueber-uns","status":"publish","type":"page","link":"https:\/\/itechmedicaldivision.com\/de\/ueber-uns\/","title":{"rendered":"\u00dcber uns"},"content":{"rendered":"\t\t<div data-elementor-type=\"wp-post\" data-elementor-id=\"22502\" class=\"elementor elementor-22502 elementor-307\" data-elementor-post-type=\"page\">\n\t\t\t\t\t\t<section class=\"elementor-section elementor-top-section elementor-element elementor-element-17d024a4 elementor-section-boxed elementor-section-height-default elementor-section-height-default\" data-id=\"17d024a4\" data-element_type=\"section\">\n\t\t\t\t\t\t<div class=\"elementor-container elementor-column-gap-default\">\n\t\t\t\t\t<div class=\"elementor-column elementor-col-100 elementor-top-column elementor-element elementor-element-1bdc0d77\" data-id=\"1bdc0d77\" data-element_type=\"column\">\n\t\t\t<div class=\"elementor-widget-wrap elementor-element-populated\">\n\t\t\t\t\t\t<div class=\"elementor-element elementor-element-cb4fac0 fixfnt elementor-widget elementor-widget-heading\" data-id=\"cb4fac0\" data-element_type=\"widget\" data-widget_type=\"heading.default\">\n\t\t\t\t<div class=\"elementor-widget-container\">\n\t\t\t<p class=\"elementor-heading-title elementor-size-default\">ABOUT US<\/p>\t\t<\/div>\n\t\t\t\t<\/div>\n\t\t\t\t<div class=\"elementor-element elementor-element-dbe8136 elementor-widget elementor-widget-heading\" data-id=\"dbe8136\" data-element_type=\"widget\" data-widget_type=\"heading.default\">\n\t\t\t\t<div class=\"elementor-widget-container\">\n\t\t\t<h1 class=\"elementor-heading-title elementor-size-default\">Die Firma<\/h1>\t\t<\/div>\n\t\t\t\t<\/div>\n\t\t\t\t\t<\/div>\n\t\t<\/div>\n\t\t\t\t\t<\/div>\n\t\t<\/section>\n\t\t\t\t<section class=\"elementor-section elementor-top-section elementor-element elementor-element-7b4ce419 elementor-section-boxed elementor-section-height-default elementor-section-height-default\" data-id=\"7b4ce419\" data-element_type=\"section\">\n\t\t\t\t\t\t<div class=\"elementor-container elementor-column-gap-wider\">\n\t\t\t\t\t<div class=\"elementor-column elementor-col-100 elementor-top-column elementor-element elementor-element-38fc3dd\" data-id=\"38fc3dd\" data-element_type=\"column\">\n\t\t\t<div class=\"elementor-widget-wrap elementor-element-populated\">\n\t\t\t\t\t\t<div class=\"elementor-element elementor-element-4d8d0b55 elementor-widget elementor-widget-spacer\" data-id=\"4d8d0b55\" data-element_type=\"widget\" data-widget_type=\"spacer.default\">\n\t\t\t\t<div class=\"elementor-widget-container\">\n\t\t\t\t\t<div class=\"elementor-spacer\">\n\t\t\t<div class=\"elementor-spacer-inner\"><\/div>\n\t\t<\/div>\n\t\t\t\t<\/div>\n\t\t\t\t<\/div>\n\t\t\t\t<div class=\"elementor-element elementor-element-c5f5d5a elementor-widget elementor-widget-text-editor\" data-id=\"c5f5d5a\" data-element_type=\"widget\" data-widget_type=\"text-editor.default\">\n\t\t\t\t<div class=\"elementor-widget-container\">\n\t\t\t\t\t\t\t<p>Das Gesundheitssystem im Bereich der\u00a0<strong>Schmerztherapie<\/strong>\u00a0und\u00a0<strong>Rehabilitation <\/strong>durchl\u00e4uft eine grundlegende Ver\u00e4nderung. Institutionen auf der ganzen Welt f\u00f6rdern die Dezentralisierung der grundlegenden Gesundheitsdienste zugunsten der\u00a0<strong>h\u00e4uslichen Therapie<\/strong> innerhalb eines von der <strong>digitalen Medizin<\/strong> geleiteten \u00d6kosystems.<\/p><p>In diesem Zusammenhang steht I-Tech Medical Division an vorderster Front bei der Verbesserung der Gesundheit und der Lebensqualit\u00e4t der Patienten sowie bei der Unterst\u00fctzung der Pflegekr\u00e4fte.<\/p><p>Wir sind spezialisiert auf die <strong>Entwicklung und Herstellung von elektromedizinischen Produkten<\/strong>, aber wir sind nicht nur Hersteller. Wir k\u00fcmmern uns um <strong>die Patientenbetreuung<\/strong>, von der Konzeption und Entwicklung der Ger\u00e4te bis zur Kundenbetreuung. Vor, w\u00e4hrend und nach dem Kauf. Ja, <strong>wir betreuen Sie<\/strong>\u00a0w\u00e4hrend des gesamten Behandlungsprozesses, bis das Problem behoben ist, stellen Ihnen einfach zu bedienende Ger\u00e4te zur Verf\u00fcgung und leiten Sie bei deren Anwendung an.<\/p>\t\t\t\t\t\t<\/div>\n\t\t\t\t<\/div>\n\t\t\t\t<div class=\"elementor-element elementor-element-7f0475b elementor-widget elementor-widget-image\" data-id=\"7f0475b\" data-element_type=\"widget\" data-widget_type=\"image.default\">\n\t\t\t\t<div class=\"elementor-widget-container\">\n\t\t\t\t\t\t\t\t\t\t\t\t\t\t<a href=\"https:\/\/itechmedicaldivision.com\/wp-content\/uploads\/exp-1.jpg\" data-elementor-open-lightbox=\"yes\" data-elementor-lightbox-title=\"exp\" data-e-action-hash=\"#elementor-action%3Aaction%3Dlightbox%26settings%3DeyJpZCI6NjAyNzYsInVybCI6Imh0dHBzOlwvXC9pdGVjaG1lZGljYWxkaXZpc2lvbi5jb21cL3dwLWNvbnRlbnRcL3VwbG9hZHNcL2V4cC0xLmpwZyJ9\">\n\t\t\t\t\t\t\t<img fetchpriority=\"high\" decoding=\"async\" width=\"1920\" height=\"1440\" src=\"https:\/\/itechmedicaldivision.com\/wp-content\/uploads\/exp-1.jpg\" class=\"attachment-full size-full wp-image-60276\" alt=\"\" srcset=\"https:\/\/itechmedicaldivision.com\/wp-content\/uploads\/exp-1.jpg 1920w, https:\/\/itechmedicaldivision.com\/wp-content\/uploads\/exp-1-600x450.jpg 600w, https:\/\/itechmedicaldivision.com\/wp-content\/uploads\/exp-1-1024x768.jpg 1024w, https:\/\/itechmedicaldivision.com\/wp-content\/uploads\/exp-1-768x576.jpg 768w, https:\/\/itechmedicaldivision.com\/wp-content\/uploads\/exp-1-1536x1152.jpg 1536w, https:\/\/itechmedicaldivision.com\/wp-content\/uploads\/exp-1-500x375.jpg 500w, https:\/\/itechmedicaldivision.com\/wp-content\/uploads\/exp-1-720x540.jpg 720w\" sizes=\"(max-width: 1920px) 100vw, 1920px\" \/>\t\t\t\t\t\t\t\t<\/a>\n\t\t\t\t\t\t\t\t\t\t\t\t\t<\/div>\n\t\t\t\t<\/div>\n\t\t\t\t<div class=\"elementor-element elementor-element-c86c370 elementor-widget elementor-widget-text-editor\" data-id=\"c86c370\" data-element_type=\"widget\" data-widget_type=\"text-editor.default\">\n\t\t\t\t<div class=\"elementor-widget-container\">\n\t\t\t\t\t\t\t<p>Alle unsere\u00a0<strong>Produkte\u00a0sind<\/strong>\u00a0<strong>vom italienischen Gesundheitsministerium zertifiziert<\/strong>.<\/p><p>Dar\u00fcber hinaus unterst\u00fctzen und schulen wir unsere Partner, um\u00a0Ihnen das bestm\u00f6gliche Einkaufserlebnis zu bieten. Wir unterst\u00fctzen \u00c4rzte und medizinisches Fachpersonal durch klinische Studien von internationalem Rang und engagieren uns st\u00e4ndig in der Forschung und in der spezifischen Ausbildung zu therapeutischen Techniken.<\/p><p>M\u00f6glich wird dies durch die Arbeit eines Teams von mehr als 80 Mitarbeitern, Vertretern und medizinischen Informanten (sowie durch die Unterst\u00fctzung unserer H\u00e4ndler, Lieferanten und Partner).<\/p><p>Aber wir k\u00f6nnten all unsere Ziele nicht ohne die Unterst\u00fctzung vieler \u00c4rzte, Physiotherapeuten und Fachleute aus dem Gesundheits-, Sport- und Veterin\u00e4rbereich erreichen, die sich zu unseren Werten bekennen.<\/p>\t\t\t\t\t\t<\/div>\n\t\t\t\t<\/div>\n\t\t\t\t\t<\/div>\n\t\t<\/div>\n\t\t\t\t\t<\/div>\n\t\t<\/section>\n\t\t\t\t<section class=\"elementor-section elementor-top-section elementor-element elementor-element-3f4fcdf elementor-section-stretched elementor-section-boxed elementor-section-height-default elementor-section-height-default\" data-id=\"3f4fcdf\" data-element_type=\"section\" data-settings=\"{&quot;stretch_section&quot;:&quot;section-stretched&quot;}\">\n\t\t\t\t\t\t<div class=\"elementor-container elementor-column-gap-wider\">\n\t\t\t\t\t<div class=\"elementor-column elementor-col-100 elementor-top-column elementor-element elementor-element-665bdc6\" data-id=\"665bdc6\" data-element_type=\"column\">\n\t\t\t<div class=\"elementor-widget-wrap elementor-element-populated\">\n\t\t\t\t\t\t<div class=\"elementor-element elementor-element-7290a22 elementor-widget elementor-widget-heading\" data-id=\"7290a22\" data-element_type=\"widget\" data-widget_type=\"heading.default\">\n\t\t\t\t<div class=\"elementor-widget-container\">\n\t\t\t<h2 class=\"elementor-heading-title elementor-size-default\">DIE GESCHICHTE VON I-TECH MEDICAL DIVISION<\/h2>\t\t<\/div>\n\t\t\t\t<\/div>\n\t\t\t\t\t<\/div>\n\t\t<\/div>\n\t\t\t\t\t<\/div>\n\t\t<\/section>\n\t\t\t\t<section class=\"elementor-section elementor-top-section elementor-element elementor-element-d07ba6c elementor-section-stretched elementor-section-boxed elementor-section-height-default elementor-section-height-default\" data-id=\"d07ba6c\" data-element_type=\"section\" data-settings=\"{&quot;background_background&quot;:&quot;classic&quot;,&quot;stretch_section&quot;:&quot;section-stretched&quot;}\">\n\t\t\t\t\t\t<div class=\"elementor-container elementor-column-gap-default\">\n\t\t\t\t\t<div class=\"elementor-column elementor-col-50 elementor-top-column elementor-element elementor-element-1be0ceff\" data-id=\"1be0ceff\" data-element_type=\"column\">\n\t\t\t<div class=\"elementor-widget-wrap elementor-element-populated\">\n\t\t\t\t\t\t<div class=\"elementor-element elementor-element-afaa4fe elementor-widget elementor-widget-heading\" data-id=\"afaa4fe\" data-element_type=\"widget\" data-widget_type=\"heading.default\">\n\t\t\t\t<div class=\"elementor-widget-container\">\n\t\t\t<h3 class=\"elementor-heading-title elementor-size-default\">1963 - 1995 <br \/>Die Anf\u00e4nge von IACER<\/h3>\t\t<\/div>\n\t\t\t\t<\/div>\n\t\t\t\t\t<\/div>\n\t\t<\/div>\n\t\t\t\t<div class=\"elementor-column elementor-col-50 elementor-top-column elementor-element elementor-element-76eec15a\" data-id=\"76eec15a\" data-element_type=\"column\">\n\t\t\t<div class=\"elementor-widget-wrap elementor-element-populated\">\n\t\t\t\t\t\t<div class=\"elementor-element elementor-element-2f8ca55 elementor-widget elementor-widget-text-editor\" data-id=\"2f8ca55\" data-element_type=\"widget\" data-widget_type=\"text-editor.default\">\n\t\t\t\t<div class=\"elementor-widget-container\">\n\t\t\t\t\t\t\t<p>I.A.C.E.R. SRL \u2013 ein Unternehmen, das die Marke I-Tech Medical Division besitzt \u2013 wurde 1963 vom venezianischen Unternehmer Mario Caprara gegr\u00fcndet. Nach einer anf\u00e4nglichen T\u00e4tigkeit im Bereich Klimaanlagen und Heizungssysteme stieg IACER in den Mobiltelefonmarkt ein und blieb dort bis Mitte der 1990er Jahre.<\/p>\t\t\t\t\t\t<\/div>\n\t\t\t\t<\/div>\n\t\t\t\t\t<\/div>\n\t\t<\/div>\n\t\t\t\t\t<\/div>\n\t\t<\/section>\n\t\t\t\t<section class=\"elementor-section elementor-top-section elementor-element elementor-element-600bc19 elementor-section-stretched elementor-section-boxed elementor-section-height-default elementor-section-height-default\" data-id=\"600bc19\" data-element_type=\"section\" data-settings=\"{&quot;background_background&quot;:&quot;classic&quot;,&quot;stretch_section&quot;:&quot;section-stretched&quot;}\">\n\t\t\t\t\t\t<div class=\"elementor-container elementor-column-gap-default\">\n\t\t\t\t\t<div class=\"elementor-column elementor-col-50 elementor-top-column elementor-element elementor-element-0f8ac6b\" data-id=\"0f8ac6b\" data-element_type=\"column\">\n\t\t\t<div class=\"elementor-widget-wrap elementor-element-populated\">\n\t\t\t\t\t\t<div class=\"elementor-element elementor-element-1bb91dc elementor-widget elementor-widget-text-editor\" data-id=\"1bb91dc\" data-element_type=\"widget\" data-widget_type=\"text-editor.default\">\n\t\t\t\t<div class=\"elementor-widget-container\">\n\t\t\t\t\t\t\t<p>1995 begann IACER landesweit mit dem Vertrieb elektromedizinischer Ger\u00e4te. <strong>Im Jahr 2004<\/strong>, als Massimo Marcon, der damalige Vertriebsleiter, in das Unternehmen eintrat, <strong>wurde IACER schlie\u00dflich zum Hersteller<\/strong>. Diese Transformation f\u00fchrte zur Gr\u00fcndung der Marke I-Tech Medical Division im Jahr 2008, dem Jahr, in dem Matteo Zennaro die technische Abteilung leitete.<\/p><p>In wenigen Jahren entwickelte sich die <strong>I-Tech Medical Division<\/strong> <strong>zu den wichtigsten Akteuren im medizinischen Bereich auf internationaler Ebene<\/strong>.<\/p>\t\t\t\t\t\t<\/div>\n\t\t\t\t<\/div>\n\t\t\t\t\t<\/div>\n\t\t<\/div>\n\t\t\t\t<div class=\"elementor-column elementor-col-50 elementor-top-column elementor-element elementor-element-a05bd24\" data-id=\"a05bd24\" data-element_type=\"column\" data-settings=\"{&quot;background_background&quot;:&quot;classic&quot;}\">\n\t\t\t<div class=\"elementor-widget-wrap elementor-element-populated\">\n\t\t\t\t\t\t<div class=\"elementor-element elementor-element-f0aaa06 elementor-widget elementor-widget-heading\" data-id=\"f0aaa06\" data-element_type=\"widget\" data-widget_type=\"heading.default\">\n\t\t\t\t<div class=\"elementor-widget-container\">\n\t\t\t<h3 class=\"elementor-heading-title elementor-size-default\">1995 - 2017 <br \/>Einstieg in den Markt der elektromedizinische Ger\u00e4te<\/h3>\t\t<\/div>\n\t\t\t\t<\/div>\n\t\t\t\t\t<\/div>\n\t\t<\/div>\n\t\t\t\t\t<\/div>\n\t\t<\/section>\n\t\t\t\t<section class=\"elementor-section elementor-top-section elementor-element elementor-element-5c37a7f elementor-section-stretched elementor-section-boxed elementor-section-height-default elementor-section-height-default\" data-id=\"5c37a7f\" data-element_type=\"section\" data-settings=\"{&quot;stretch_section&quot;:&quot;section-stretched&quot;,&quot;background_background&quot;:&quot;classic&quot;}\">\n\t\t\t\t\t\t<div class=\"elementor-container elementor-column-gap-default\">\n\t\t\t\t\t<div class=\"elementor-column elementor-col-50 elementor-top-column elementor-element elementor-element-4e2dbf3\" data-id=\"4e2dbf3\" data-element_type=\"column\">\n\t\t\t<div class=\"elementor-widget-wrap elementor-element-populated\">\n\t\t\t\t\t\t<div class=\"elementor-element elementor-element-b66de62 elementor-widget elementor-widget-heading\" data-id=\"b66de62\" data-element_type=\"widget\" data-widget_type=\"heading.default\">\n\t\t\t\t<div class=\"elementor-widget-container\">\n\t\t\t<h3 class=\"elementor-heading-title elementor-size-default\">2017 - heute  <br \/>Eine neue \u00c4ra<\/h3>\t\t<\/div>\n\t\t\t\t<\/div>\n\t\t\t\t<div class=\"elementor-element elementor-element-351c229 elementor-widget elementor-widget-text-editor\" data-id=\"351c229\" data-element_type=\"widget\" data-settings=\"{&quot;_animation&quot;:&quot;none&quot;}\" data-widget_type=\"text-editor.default\">\n\t\t\t\t<div class=\"elementor-widget-container\">\n\t\t\t\t\t\t\t<p><strong>2017<\/strong> markiert den Beginn eines neuen Kurses mit dem Unternehmenswechsel. <strong>Massimo Marcon und Matteo Zennaro \u00fcbernahmen die Leitung des Unternehmens als Pr\u00e4sident und Gesch\u00e4ftsf\u00fchrer<\/strong> und revolutionierten es in nur 5 Jahren.<\/p><p>W\u00e4hrend dieser Zeit hat die Pandemie<strong> die St\u00e4rken von IACER deutlich gemacht: Mut und Entschlossenheit<\/strong>. Die massiven Investitionen in Diagnose- und pers\u00f6nliche Schutzausr\u00fcstung haben dazu gef\u00fchrt, dass das Unternehmen zu den wenigen geh\u00f6rt, die \u00fcber einen gro\u00dfen Bestand an digitalen S\u00e4ttigungsmessern und Thermometern verf\u00fcgen. <strong>W\u00e4hrend des Lockdowns spendete IACER rund 5.000 S\u00e4ttigungsmesser und Thermometer an Krankenh\u00e4user, Regionen, den Katastrophenschutz, Schulen, ehrenamtliche und gemeinn\u00fctzige Vereinigungen <\/strong>und stellte den am st\u00e4rksten benachteiligten B\u00fcrgern Ger\u00e4te zur Verf\u00fcgung, die zu diesem Zeitpunkt schwer zu finden waren. In dieser Zeit wurde das Unternehmen zu einem Bezugspunkt f\u00fcr Tausende von Apotheken.<\/p><p><strong>Im Jahr 2022 wurde der neue<\/strong>, 3200 Quadratmeter gro\u00dfe <strong>Sitz in Scorz\u00e8 (VE) eingeweiht<\/strong>. Er umfasst einen gro\u00dfen Bildungsbereich, in dem auch Veranstaltungen und Kongresse von Universit\u00e4ten und Angeh\u00f6rigen der Gesundheitsberufe stattfinden k\u00f6nnen. Eine solide Basis, auf der die <strong>zuk\u00fcnftigen Projekte der I-Tech Medical Division<\/strong> entwickelt werden k\u00f6nnen, einschlie\u00dflich der Projekte im Zusammenhang mit der Welt der <strong>digitalen Medizin und der Telerehabilitation<\/strong>.<\/p>\t\t\t\t\t\t<\/div>\n\t\t\t\t<\/div>\n\t\t\t\t\t<\/div>\n\t\t<\/div>\n\t\t\t\t<div class=\"elementor-column elementor-col-50 elementor-top-column elementor-element elementor-element-80c8518\" data-id=\"80c8518\" data-element_type=\"column\">\n\t\t\t<div class=\"elementor-widget-wrap elementor-element-populated\">\n\t\t\t\t\t\t<div class=\"elementor-element elementor-element-e773830 elementor-widget elementor-widget-image\" data-id=\"e773830\" data-element_type=\"widget\" data-widget_type=\"image.default\">\n\t\t\t\t<div class=\"elementor-widget-container\">\n\t\t\t\t\t\t\t\t\t\t\t\t\t\t<a href=\"https:\/\/itechmedicaldivision.com\/wp-content\/uploads\/massimo-e-matteo.jpg\" data-elementor-open-lightbox=\"yes\" data-elementor-lightbox-title=\"massimo e matteo\" data-e-action-hash=\"#elementor-action%3Aaction%3Dlightbox%26settings%3DeyJpZCI6NTcwODYsInVybCI6Imh0dHBzOlwvXC9pdGVjaG1lZGljYWxkaXZpc2lvbi5jb21cL3dwLWNvbnRlbnRcL3VwbG9hZHNcL21hc3NpbW8tZS1tYXR0ZW8uanBnIn0%3D\">\n\t\t\t\t\t\t\t<img decoding=\"async\" width=\"1143\" height=\"1600\" src=\"https:\/\/itechmedicaldivision.com\/wp-content\/uploads\/massimo-e-matteo.jpg\" class=\"attachment-full size-full wp-image-57086\" alt=\"Massimo Marcon Presidente Matteo Zennaro CEO IACER\" srcset=\"https:\/\/itechmedicaldivision.com\/wp-content\/uploads\/massimo-e-matteo.jpg 1143w, https:\/\/itechmedicaldivision.com\/wp-content\/uploads\/massimo-e-matteo-429x600.jpg 429w, https:\/\/itechmedicaldivision.com\/wp-content\/uploads\/massimo-e-matteo-732x1024.jpg 732w, https:\/\/itechmedicaldivision.com\/wp-content\/uploads\/massimo-e-matteo-768x1075.jpg 768w, https:\/\/itechmedicaldivision.com\/wp-content\/uploads\/massimo-e-matteo-1097x1536.jpg 1097w, https:\/\/itechmedicaldivision.com\/wp-content\/uploads\/massimo-e-matteo-500x700.jpg 500w, https:\/\/itechmedicaldivision.com\/wp-content\/uploads\/massimo-e-matteo-720x1008.jpg 720w\" sizes=\"(max-width: 1143px) 100vw, 1143px\" \/>\t\t\t\t\t\t\t\t<\/a>\n\t\t\t\t\t\t\t\t\t\t\t\t\t<\/div>\n\t\t\t\t<\/div>\n\t\t\t\t\t<\/div>\n\t\t<\/div>\n\t\t\t\t\t<\/div>\n\t\t<\/section>\n\t\t\t\t<section class=\"elementor-section elementor-top-section elementor-element elementor-element-fb8b133 elementor-section-stretched elementor-section-boxed elementor-section-height-default elementor-section-height-default\" data-id=\"fb8b133\" data-element_type=\"section\" data-settings=\"{&quot;stretch_section&quot;:&quot;section-stretched&quot;,&quot;background_background&quot;:&quot;classic&quot;}\">\n\t\t\t\t\t\t<div class=\"elementor-container elementor-column-gap-default\">\n\t\t\t\t\t<div class=\"elementor-column elementor-col-100 elementor-top-column elementor-element elementor-element-02f2ee0\" data-id=\"02f2ee0\" data-element_type=\"column\">\n\t\t\t<div class=\"elementor-widget-wrap elementor-element-populated\">\n\t\t\t\t\t\t<section class=\"elementor-section elementor-inner-section elementor-element elementor-element-cebac60 elementor-section-boxed elementor-section-height-default elementor-section-height-default\" data-id=\"cebac60\" data-element_type=\"section\">\n\t\t\t\t\t\t<div class=\"elementor-container elementor-column-gap-default\">\n\t\t\t\t\t<div class=\"elementor-column elementor-col-100 elementor-inner-column elementor-element elementor-element-9d1ec64\" data-id=\"9d1ec64\" data-element_type=\"column\">\n\t\t\t<div class=\"elementor-widget-wrap elementor-element-populated\">\n\t\t\t\t\t\t<div class=\"elementor-element elementor-element-47a70bc elementor-align-left fixfnt elementor-widget elementor-widget-button\" data-id=\"47a70bc\" data-element_type=\"widget\" data-widget_type=\"button.default\">\n\t\t\t\t<div class=\"elementor-widget-container\">\n\t\t\t\t\t\t\t<div class=\"elementor-button-wrapper\">\n\t\t\t\t\t<a class=\"elementor-button elementor-button-link elementor-size-sm\" href=\"https:\/\/itechmedicaldivision.com\/wp-content\/uploads\/A14_b_MD88-05-Quality-policy-EN.pdf\" target=\"_blank\">\n\t\t\t\t\t\t<span class=\"elementor-button-content-wrapper\">\n\t\t\t\t\t\t\t\t\t<span class=\"elementor-button-text\">QUALIT\u00c4TSPOLITIK<\/span>\n\t\t\t\t\t<\/span>\n\t\t\t\t\t<\/a>\n\t\t\t\t<\/div>\n\t\t\t\t\t\t<\/div>\n\t\t\t\t<\/div>\n\t\t\t\t\t<\/div>\n\t\t<\/div>\n\t\t\t\t\t<\/div>\n\t\t<\/section>\n\t\t\t\t\t<\/div>\n\t\t<\/div>\n\t\t\t\t\t<\/div>\n\t\t<\/section>\n\t\t\t\t<\/div>\n\t\t","protected":false},"excerpt":{"rendered":"<p>ABOUT US Die Firma Das Gesundheitssystem im Bereich der\u00a0Schmerztherapie\u00a0und\u00a0Rehabilitation durchl\u00e4uft eine grundlegende Ver\u00e4nderung. Institutionen auf der ganzen Welt f\u00f6rdern die [&hellip;]<\/p>\n","protected":false},"author":11,"featured_media":57124,"parent":0,"menu_order":20,"comment_status":"closed","ping_status":"closed","template":"page-templates\/template_fullwidth.php","meta":{"_acf_changed":false,"footnotes":""},"class_list":["post-22502","page","type-page","status-publish","has-post-thumbnail","hentry","col-lg-4 col-md-6"],"acf":[],"_links":{"self":[{"href":"https:\/\/itechmedicaldivision.com\/de\/wp-json\/wp\/v2\/pages\/22502","targetHints":{"allow":["GET"]}}],"collection":[{"href":"https:\/\/itechmedicaldivision.com\/de\/wp-json\/wp\/v2\/pages"}],"about":[{"href":"https:\/\/itechmedicaldivision.com\/de\/wp-json\/wp\/v2\/types\/page"}],"author":[{"embeddable":true,"href":"https:\/\/itechmedicaldivision.com\/de\/wp-json\/wp\/v2\/users\/11"}],"replies":[{"embeddable":true,"href":"https:\/\/itechmedicaldivision.com\/de\/wp-json\/wp\/v2\/comments?post=22502"}],"version-history":[{"count":6,"href":"https:\/\/itechmedicaldivision.com\/de\/wp-json\/wp\/v2\/pages\/22502\/revisions"}],"predecessor-version":[{"id":70779,"href":"https:\/\/itechmedicaldivision.com\/de\/wp-json\/wp\/v2\/pages\/22502\/revisions\/70779"}],"wp:featuredmedia":[{"embeddable":true,"href":"https:\/\/itechmedicaldivision.com\/de\/wp-json\/wp\/v2\/media\/57124"}],"wp:attachment":[{"href":"https:\/\/itechmedicaldivision.com\/de\/wp-json\/wp\/v2\/media?parent=22502"}],"curies":[{"name":"wp","href":"https:\/\/api.w.org\/{rel}","templated":true}]}}