{"id":19652,"date":"2021-12-17T12:47:26","date_gmt":"2021-12-17T11:47:26","guid":{"rendered":"https:\/\/itechmedicaldivision.com\/?page_id=19652"},"modified":"2026-01-22T17:39:01","modified_gmt":"2026-01-22T16:39:01","slug":"cookie-richtlinie","status":"publish","type":"page","link":"https:\/\/itechmedicaldivision.com\/de\/cookie-richtlinie\/","title":{"rendered":"Cookie-Richtlinie"},"content":{"rendered":"\t\t<div data-elementor-type=\"wp-page\" data-elementor-id=\"19652\" class=\"elementor elementor-19652 elementor-8571\" data-elementor-post-type=\"page\">\n\t\t\t\t\t\t<section class=\"elementor-section elementor-top-section elementor-element elementor-element-17a26563 elementor-section-stretched elementor-section-boxed elementor-section-height-default elementor-section-height-default\" data-id=\"17a26563\" data-element_type=\"section\" data-settings=\"{&quot;stretch_section&quot;:&quot;section-stretched&quot;}\">\n\t\t\t\t\t\t<div class=\"elementor-container elementor-column-gap-default\">\n\t\t\t\t\t<div class=\"elementor-column elementor-col-100 elementor-top-column elementor-element elementor-element-1f4cb21c cli_pg_page_contaner\" data-id=\"1f4cb21c\" data-element_type=\"column\">\n\t\t\t<div class=\"elementor-widget-wrap elementor-element-populated\">\n\t\t\t\t\t\t<div class=\"elementor-element elementor-element-a4cd3e9 elementor-widget elementor-widget-heading\" data-id=\"a4cd3e9\" data-element_type=\"widget\" data-widget_type=\"heading.default\">\n\t\t\t\t<div class=\"elementor-widget-container\">\n\t\t\t<h3 class=\"elementor-heading-title elementor-size-default\">COOKIE-ERKL\u00c4RUNG-VORWORT <\/h3>\t\t<\/div>\n\t\t\t\t<\/div>\n\t\t\t\t<div class=\"elementor-element elementor-element-69679dc7 elementor-widget elementor-widget-text-editor\" data-id=\"69679dc7\" data-element_type=\"widget\" data-widget_type=\"text-editor.default\">\n\t\t\t\t<div class=\"elementor-widget-container\">\n\t\t\t\t\t\t\t<p>In dieser Cookie-Erkl\u00e4rung wird in \u00dcbereinstimmung mit den geltenden Rechtsvorschriften erkl\u00e4rt, was Cookies sind und wie sie von der Website itechmedicaldivision.com verwendet werden.<\/p><p>Diese Erkl\u00e4rung, deren G\u00fcltigkeitsbereich sich auf die genannte Website beschr\u00e4nkt, ist ein wesentlicher Bestandteil der Datenschutzerkl\u00e4rung, auf die wir f\u00fcr weitere Informationen verweisen.<br \/>Sie k\u00f6nnen in jedem Moment Ihre Zustimmung zur Cookie-Erkl\u00e4rung auf unserer Website \u00e4ndern oder widerrufen.<\/p>\t\t\t\t\t\t<\/div>\n\t\t\t\t<\/div>\n\t\t\t\t<div class=\"elementor-element elementor-element-2524a14 elementor-widget elementor-widget-heading\" data-id=\"2524a14\" data-element_type=\"widget\" data-widget_type=\"heading.default\">\n\t\t\t\t<div class=\"elementor-widget-container\">\n\t\t\t<h3 class=\"elementor-heading-title elementor-size-default\">Verantwortlicher der Datenverarbeitung<\/h3>\t\t<\/div>\n\t\t\t\t<\/div>\n\t\t\t\t<div class=\"elementor-element elementor-element-2c72a8a elementor-widget elementor-widget-text-editor\" data-id=\"2c72a8a\" data-element_type=\"widget\" data-widget_type=\"text-editor.default\">\n\t\t\t\t<div class=\"elementor-widget-container\">\n\t\t\t\t\t\t\t<p>IACER S.r.l., mit Gesch\u00e4ftssitz in Via Enzo Ferrari 2, 30037 Scorz\u00e8 (VE), St.Nr. \/ USt.Nr. 00185480274, REA: VE 120250, kann \u00fcber die E-Mail iacer@iacer.it kontaktiert werden.<\/p>\t\t\t\t\t\t<\/div>\n\t\t\t\t<\/div>\n\t\t\t\t<div class=\"elementor-element elementor-element-2b1c29a elementor-widget elementor-widget-heading\" data-id=\"2b1c29a\" data-element_type=\"widget\" data-widget_type=\"heading.default\">\n\t\t\t\t<div class=\"elementor-widget-container\">\n\t\t\t<h3 class=\"elementor-heading-title elementor-size-default\">Datenschutzbeauftragter - Identit\u00e4t und Kontaktangaben<\/h3>\t\t<\/div>\n\t\t\t\t<\/div>\n\t\t\t\t<div class=\"elementor-element elementor-element-c8e2ea4 elementor-widget elementor-widget-text-editor\" data-id=\"c8e2ea4\" data-element_type=\"widget\" data-widget_type=\"text-editor.default\">\n\t\t\t\t<div class=\"elementor-widget-container\">\n\t\t\t\t\t\t\t<p>Bitte nehmen Sie zur Kenntnis, dass der f\u00fcr die Verarbeitung Verantwortliche gem\u00e4\u00df Artikel 37 des Gdpr den Datenschutzbeauftragten, Frau Maria Antonietta Sacheli, benannt hat, die \u00fcber folgende Kan\u00e4le kontaktiert werden kann: E-Mail mariaantonietta@fiscleg.it &#8211; Tel.: (+39) 049 877161<\/p>\t\t\t\t\t\t<\/div>\n\t\t\t\t<\/div>\n\t\t\t\t<div class=\"elementor-element elementor-element-b85d47f elementor-widget elementor-widget-heading\" data-id=\"b85d47f\" data-element_type=\"widget\" data-widget_type=\"heading.default\">\n\t\t\t\t<div class=\"elementor-widget-container\">\n\t\t\t<h3 class=\"elementor-heading-title elementor-size-default\">Was sind Cookies?<\/h3>\t\t<\/div>\n\t\t\t\t<\/div>\n\t\t\t\t<div class=\"elementor-element elementor-element-093f3bf elementor-widget elementor-widget-text-editor\" data-id=\"093f3bf\" data-element_type=\"widget\" data-widget_type=\"text-editor.default\">\n\t\t\t\t<div class=\"elementor-widget-container\">\n\t\t\t\t\t\t\t<p>Cookies sind kleine Textdateien, die zum Speichern von Informationen verwendet werden. Genauer gesagt, werden Cookies auf das vom Benutzer zum Besuchen der Webseite verwendete Ger\u00e4t abgelegt, um beim n\u00e4chsten Besuch auf dieselbe Website zur\u00fcckgesendet zu werden. <br \/>Diese Cookies helfen uns, die Website funktionieren zu lassen, sie sicherer zu machen, ein besseres Benutzererlebnis zu liefern und zu verstehen, wie die Website funktioniert und zu analysieren, was gut funktioniert und wo Besserungen notwendig sind.<\/p>\t\t\t\t\t\t<\/div>\n\t\t\t\t<\/div>\n\t\t\t\t<div class=\"elementor-element elementor-element-5f2f8b5 elementor-widget elementor-widget-heading\" data-id=\"5f2f8b5\" data-element_type=\"widget\" data-widget_type=\"heading.default\">\n\t\t\t\t<div class=\"elementor-widget-container\">\n\t\t\t<h3 class=\"elementor-heading-title elementor-size-default\">Wie verwenden wir die Cookies?<\/h3>\t\t<\/div>\n\t\t\t\t<\/div>\n\t\t\t\t<div class=\"elementor-element elementor-element-e65e044 elementor-widget elementor-widget-text-editor\" data-id=\"e65e044\" data-element_type=\"widget\" data-widget_type=\"text-editor.default\">\n\t\t\t\t<div class=\"elementor-widget-container\">\n\t\t\t\t\t\t\t<p>Die oben genannte Website verwendet ihre eigenen Cookies (\u201eErstanbieter-Cookies\u201c ) und die Cookies von Drittanbietern f\u00fcr eine Reihe von Zwecken, die im Folgenden ausf\u00fchrlicher genannt werden. <br \/>Unsere eigenen Cookies sind notwendig f\u00fcr den korrekten Betrieb der Website und sammeln keine Daten, mit denen man den Benutzer identifizieren kann.<\/p><p>Die auf unserer Website verwendeten Drittanbieter-Cookies werden haupts\u00e4chlich eingesetzt, um zu verstehen, wie die Website funktioniert und wie der Benutzer mit unserer Website interagiert, ohne damit die Sicherheit unserer angebotenen Dienste zu gef\u00e4hrden. Durch sie werden sachbezogene Werbeanzeigen geschaltet und es wird ein besserer Dienst geliefert, indem Ihre zuk\u00fcnftigen Interaktionen mit unserer Website schneller gemacht werden.<\/p>\t\t\t\t\t\t<\/div>\n\t\t\t\t<\/div>\n\t\t\t\t<div class=\"elementor-element elementor-element-b6eebae elementor-widget elementor-widget-heading\" data-id=\"b6eebae\" data-element_type=\"widget\" data-widget_type=\"heading.default\">\n\t\t\t\t<div class=\"elementor-widget-container\">\n\t\t\t<h3 class=\"elementor-heading-title elementor-size-default\">Welche Arten von Cookies verwenden wir?<\/h3>\t\t<\/div>\n\t\t\t\t<\/div>\n\t\t\t\t<div class=\"elementor-element elementor-element-5e044ad elementor-widget elementor-widget-text-editor\" data-id=\"5e044ad\" data-element_type=\"widget\" data-widget_type=\"text-editor.default\">\n\t\t\t\t<div class=\"elementor-widget-container\">\n\t\t\t\t\t\t\t<p>Wir verwenden auf unserer Website Cookies der folgenden Kategorien.<\/p>\t\t\t\t\t\t<\/div>\n\t\t\t\t<\/div>\n\t\t\t\t<div class=\"elementor-element elementor-element-21f2ecc elementor-widget elementor-widget-shortcode\" data-id=\"21f2ecc\" data-element_type=\"widget\" data-widget_type=\"shortcode.default\">\n\t\t\t\t<div class=\"elementor-widget-container\">\n\t\t\t\t\t<div class=\"elementor-shortcode\">[wcc_category_list]<\/div>\n\t\t\t\t<\/div>\n\t\t\t\t<\/div>\n\t\t\t\t<div class=\"elementor-element elementor-element-0e36267 elementor-widget elementor-widget-heading\" data-id=\"0e36267\" data-element_type=\"widget\" data-widget_type=\"heading.default\">\n\t\t\t\t<div class=\"elementor-widget-container\">\n\t\t\t<h3 class=\"elementor-heading-title elementor-size-default\">Wie kann ich meine Cookie-Einstellungen kontrollieren?<\/h3>\t\t<\/div>\n\t\t\t\t<\/div>\n\t\t\t\t<div class=\"elementor-element elementor-element-286fd3a elementor-widget elementor-widget-text-editor\" data-id=\"286fd3a\" data-element_type=\"widget\" data-widget_type=\"text-editor.default\">\n\t\t\t\t<div class=\"elementor-widget-container\">\n\t\t\t\t\t\t\t<p>Sie k\u00f6nnen Ihre Cookie-Pr\u00e4ferenzen einstellen, indem Sie auf die Schaltfl\u00e4che \u201eEinstellungen\u201c klicken und die Cookie-Kategorien, die in dem Popup-Fenster aufgelistet sind, gem\u00e4\u00df ihren Pr\u00e4ferenzen zulassen oder blockieren.<\/p><p>Wenn der Benutzer seine Pr\u00e4ferenzen zu einem sp\u00e4teren Zeitpunkt w\u00e4hrend der Navigationssitzung \u00e4ndern m\u00f6chten sollte, kann er auf die Registerkarte \u201c<strong>Cookie-Verwaltung<\/strong>\u201d auf dem Bildschirm klicken. Dadurch wird erneut der Einwilligungshinweis ge\u00f6ffnet, \u00fcber den die Pr\u00e4ferenzen neu eingestellt werden k\u00f6nnen oder die Einwilligung komplett widerrufen werden kann.<\/p><p>Je nach Art des Browsers, den Sie zum Surfen verwenden, konsultieren Sie bitte die vom Hersteller bereitgestellte Dokumentation, um die Verwendung von Cookies einzuschr\u00e4nken oder zu blockieren.<\/p><p style=\"text-align: right;\"><em>letzte Aktualisierung: 8. Juli 2024<\/em><\/p>\t\t\t\t\t\t<\/div>\n\t\t\t\t<\/div>\n\t\t\t\t\t<\/div>\n\t\t<\/div>\n\t\t\t\t\t<\/div>\n\t\t<\/section>\n\t\t\t\t<\/div>\n\t\t","protected":false},"excerpt":{"rendered":"<p>COOKIE-ERKL\u00c4RUNG-VORWORT In dieser Cookie-Erkl\u00e4rung wird in \u00dcbereinstimmung mit den geltenden Rechtsvorschriften erkl\u00e4rt, was Cookies sind und wie sie von der [&hellip;]<\/p>\n","protected":false},"author":7,"featured_media":0,"parent":0,"menu_order":51,"comment_status":"closed","ping_status":"closed","template":"page-templates\/template_fullwidth.php","meta":{"_acf_changed":false,"footnotes":""},"class_list":["post-19652","page","type-page","status-publish","hentry","col-lg-4 col-md-6"],"acf":[],"_links":{"self":[{"href":"https:\/\/itechmedicaldivision.com\/de\/wp-json\/wp\/v2\/pages\/19652","targetHints":{"allow":["GET"]}}],"collection":[{"href":"https:\/\/itechmedicaldivision.com\/de\/wp-json\/wp\/v2\/pages"}],"about":[{"href":"https:\/\/itechmedicaldivision.com\/de\/wp-json\/wp\/v2\/types\/page"}],"author":[{"embeddable":true,"href":"https:\/\/itechmedicaldivision.com\/de\/wp-json\/wp\/v2\/users\/7"}],"replies":[{"embeddable":true,"href":"https:\/\/itechmedicaldivision.com\/de\/wp-json\/wp\/v2\/comments?post=19652"}],"version-history":[{"count":9,"href":"https:\/\/itechmedicaldivision.com\/de\/wp-json\/wp\/v2\/pages\/19652\/revisions"}],"predecessor-version":[{"id":72782,"href":"https:\/\/itechmedicaldivision.com\/de\/wp-json\/wp\/v2\/pages\/19652\/revisions\/72782"}],"wp:attachment":[{"href":"https:\/\/itechmedicaldivision.com\/de\/wp-json\/wp\/v2\/media?parent=19652"}],"curies":[{"name":"wp","href":"https:\/\/api.w.org\/{rel}","templated":true}]}}