{"id":19647,"date":"2021-12-17T12:46:42","date_gmt":"2021-12-17T11:46:42","guid":{"rendered":"https:\/\/itechmedicaldivision.com\/?page_id=19647"},"modified":"2024-10-21T15:04:58","modified_gmt":"2024-10-21T13:04:58","slug":"datenschutz-bestimmungen","status":"publish","type":"page","link":"https:\/\/itechmedicaldivision.com\/de\/datenschutz-bestimmungen\/","title":{"rendered":"Datenschutz-Bestimmungen"},"content":{"rendered":"\t\t<div data-elementor-type=\"wp-page\" data-elementor-id=\"19647\" class=\"elementor elementor-19647 elementor-3\" data-elementor-post-type=\"page\">\n\t\t\t\t\t\t<section class=\"elementor-section elementor-top-section elementor-element elementor-element-cd3979b elementor-section-full_width elementor-section-stretched elementor-section-height-default elementor-section-height-default\" data-id=\"cd3979b\" data-element_type=\"section\" data-settings=\"{&quot;stretch_section&quot;:&quot;section-stretched&quot;}\">\n\t\t\t\t\t\t<div class=\"elementor-container elementor-column-gap-default\">\n\t\t\t\t\t<div class=\"elementor-column elementor-col-100 elementor-top-column elementor-element elementor-element-556a854\" data-id=\"556a854\" data-element_type=\"column\">\n\t\t\t<div class=\"elementor-widget-wrap elementor-element-populated\">\n\t\t\t\t\t\t<section class=\"elementor-section elementor-inner-section elementor-element elementor-element-7faae1a elementor-section-boxed elementor-section-height-default elementor-section-height-default\" data-id=\"7faae1a\" data-element_type=\"section\">\n\t\t\t\t\t\t<div class=\"elementor-container elementor-column-gap-default\">\n\t\t\t\t\t<div class=\"elementor-column elementor-col-100 elementor-inner-column elementor-element elementor-element-865d517\" data-id=\"865d517\" data-element_type=\"column\">\n\t\t\t<div class=\"elementor-widget-wrap elementor-element-populated\">\n\t\t\t\t\t\t<div class=\"elementor-element elementor-element-ed9f3a5 elementor-widget elementor-widget-heading\" data-id=\"ed9f3a5\" data-element_type=\"widget\" data-widget_type=\"heading.default\">\n\t\t\t\t<div class=\"elementor-widget-container\">\n\t\t\t<h1 class=\"elementor-heading-title elementor-size-default\">Datenschutzerkl\u00e4rung von itechmedicaldivision.com<\/h1>\t\t<\/div>\n\t\t\t\t<\/div>\n\t\t\t\t<div class=\"elementor-element elementor-element-2b33b08 elementor-widget elementor-widget-text-editor\" data-id=\"2b33b08\" data-element_type=\"widget\" data-widget_type=\"text-editor.default\">\n\t\t\t\t<div class=\"elementor-widget-container\">\n\t\t\t\t\t\t\t<p><strong>im Sinne des Art. 13, ABS. 1, VERORDUNG (EU) 679\/2016 zum Schutz personenbezogener Daten (DSGVO)<\/strong><\/p><p>I.A.C.E.R. S.r.l. informiert unter Einhaltung der Vorschriften gem\u00e4\u00df Art.13, Abs. 1 der Verordnung EU 679\/2016 (im Folgenden DSGVO) die Benutzer des Webportals https:\/\/itechmedicaldivision.com\/, und die K\u00e4ufer oder potenzielle K\u00e4ufer von Produkten der Marke I-Tech Medical Division, als \u201ebetroffene Personen\u201c \u00fcber die Zwecke der Sammlung personenbezogener Daten und die Verarbeitungsmodalit\u00e4ten.<\/p><p><strong>Verantwortlicher der Datenverarbeitung<\/strong> <br \/>I.A.C.E.R. S.R.L., Via Enzo Ferrari 2, 30037 Scorz\u00e8 (VE) Italien- E-Mail-Adresse des Verantwortlichen: iacer@iacer.it<\/p><p><strong>Datenschutzbeauftragter &#8211; Identit\u00e4t und Kontaktangaben<br \/><\/strong>Bitte nehmen Sie zur Kenntnis, dass der f\u00fcr die Verarbeitung Verantwortliche gem\u00e4\u00df Artikel 37 des Gdpr den Datenschutzbeauftragten, Frau Maria Antonietta Sacheli, benannt hat, die \u00fcber folgende Kan\u00e4le kontaktiert werden kann: E-Mail m.sacheli@fiscleg.it &#8211; Tel.: (+39) 049 877161<\/p><p><strong>Typologien der gesammelten Daten<\/strong> <br \/>Die pers\u00f6nlichen Daten, die sowohl von den Informatiksystemen und Anwendungsprozeduren, die f\u00fcr den Betrieb der oben genannten Website verantwortlich sind, als auch \u00fcber andere Kan\u00e4le (besser spezifiziert in Punkt 4) des vorliegenden Dokuments) gesammelt werden, betreffen:<br \/><br \/><\/p><p>&#8211; allgemeine Daten: Vorname; Nachname; Telefonnummer; Adresse; Land; E-Mail; Ort.<\/p><p>&#8211; die im Laufe des Besuchs auf der Website gesammelten Navigationsdaten, deren \u00dcbermittlung bei der Nutzung der Internetkommunikationsprotokolle impliziert ist. Zum Beispiel: Die IP-Adresse des mit der Website verbundenen Ger\u00e4ts, der verwendete Browsertyp, Name des Internetdienstanbieters (ISP-Internet Service Provider), Datum und Uhrzeit des Besuchs, Herkunftswebseite des Besuchers und Ausgangswebseite usw.;<\/p><p>&#8211; Daten, die w\u00e4hrend des Surfens der Benutzer auf der Website von Cookies gesammelt werden. F\u00fcr mehr Informationen zu den vom Webportal verwendeten Cookies siehe die ausf\u00fchrliche <a href=\"https:\/\/itechmedicaldivision.com\/de\/cookie-richtlinie\/\">Cookie-Erkl\u00e4rung<\/a> am Ende dieses Dokuments.<\/p><p>Der Benutzer haftet f\u00fcr die erhaltenen, ver\u00f6ffentlichten oder \u00fcber diese Website geteilten Daten, die Dritte betreffen, und garantiert, das Recht zu haben, sie weiterzugeben oder zu verbreiten, und befreit den Verantwortlichen von jeder Haftung gegen\u00fcber Dritten.<\/p><p><strong>Zweck der Verarbeitung der gesammelten Daten<\/strong> <br \/>Die Benutzerdaten werden vom Verantwortlichen f\u00fcr die folgenden spezifischen Zwecke gesammelt:<\/p><p>a) Erm\u00f6glichung der Navigation auf dem Webportal https:\/\/itechmedicaldivision.com\/<\/p><p>b) Kontaktaufnahme mit dem Benutzer nach einer \u00fcber das \u201eKontaktformular\u201c (technische-gewerbliche-Kundendienst-Informationen) zugesendeten Kontaktanfrage;<\/p><p>c) Bereitstellung der vom Benutzer angeforderten Informationen und Dienste auch nach der Kontaktaufnahme \u00fcber die Telefonzentrale.<\/p><p>d) Bereitstellung der angeforderten Informationen und Dienstleistungen f\u00fcr den Nutzer, auch nach Kontaktaufnahme durch den medizinischen Informanten und\/oder den beauftragten Vertreter;<br \/><br \/>e) Interaktion mit Plattformen f\u00fcr Umfragen, Online-Frageb\u00f6gen, Garantievalidierung und Verl\u00e4ngerung des gekauften Produkts;<\/p><p>f) Visualisierung und Interaktion mit dem Social Network und externen Plattformen.<\/p><p>g) Optimierung und Verteilung des Datenverkehrs; Tag-Management;<\/p><p>h) Gewinnung von anonymen statistischen Informationen \u00fcber die Nutzung des Webportals oder der mit ihr verbundenen Dienste, Kontrolle ihrer korrekten Funktion, \u00dcberwachung f\u00fcr die Sicherheit und Ermittlung der T\u00e4tigkeiten, die sie verbessern k\u00f6nnen;<\/p><p>i) Interaktion mit Plattformen f\u00fcr die Datensammlung und mit anderen Dritten;<\/p><p>j) Mailing List oder Newsletter: Die spezifische Datenverarbeitung wird von der entsprechenden Datenschutzerkl\u00e4rung geregelt. Wir bitten Sie, diese zu lesen;<\/p><p>k) Allgemeines Profiling: Die mit der Ausf\u00fcllung unserer Formate, w\u00e4hrend der Navigation auf der Website gesammelten oder aus der Typologie Ihrer Eink\u00e4ufe gewonnenen Daten k\u00f6nnen auch zur Ermittlung und Bestimmung Ihrer Geschm\u00e4cker, Pr\u00e4ferenzen, Gewohnheiten, Bed\u00fcrfnissen und Konsumentscheidungen verwendet werden;<\/p><p>l) Erf\u00fcllung gesetzlicher Verpflichtungen und Nachkommen von Anordnungen seitens \u00f6ffentlichen Beh\u00f6rden, Feststellung von Verantwortungen bei vermeintlichen Computerdelikten zum Schaden der Website oder ihrer Benutzer.<\/p><p><strong>Rechtliche Grundlagen der Verarbeitung<\/strong><br \/>Die Verarbeitung ist rechtm\u00e4\u00dfig gem\u00e4\u00df Art. 6, Abs. 1, DSGVO<\/p><p>&#8211; Buchstabe a (\u201eEinwilligung\u201c) f\u00fcr die Zusendung von Leistungs- und Produktangeboten und f\u00fcr das Profiling und die Verarbeitung der besonderen Daten;<\/p><p>&#8211; Buchstabe b (\u201e Erf\u00fcllung eines Vertrags, dessen Vertragspartei die betroffene Person ist\u201c oder \u201eErf\u00fcllung vorvertraglicher Ma\u00dfnahmen\u201c);<\/p><p>&#8211; Buchstabe c) \u201eDie Verarbeitung ist zur Erf\u00fcllung einer rechtlichen Verpflichtung erforderlich, der der Verantwortliche unterliegt\u201c;<\/p><p>&#8211; Buchstabe f) \u201eDie Verarbeitung ist zur Wahrung der berechtigten Interessen des Verantwortlichen oder eines Dritten erforderlich\u201c.<\/p><p>Der Benutzer kann die Einwilligung verweigern oder zu jedem Zeitpunkt seine bereits gegebene Einwilligung widerrufen.<\/p><p>Allerdings kann aufgrund der Ablehnung die Erbringung einiger Leistungen unm\u00f6glich und das Navigationserlebnis beeintr\u00e4chtigt werden.<\/p><p><strong>Zweck der Verarbeitung der gesammelten Daten<\/strong> <br \/>Die gesammelten personenbezogenen Daten werden unter Einhaltung der vom Art. 5 DSGVO vorgesehenen Grunds\u00e4tze der Rechtm\u00e4\u00dfigkeit, Verarbeitung nach Treu und Glauben und Transparenz und mit Hilfe von digitalen und IT-Instrumenten zum Speichern und Verwalten der Daten und in jedem Fall so verarbeitet, dass die Sicherheit gew\u00e4hrleistet und die Privatsph\u00e4re des Betroffenen gesch\u00fctzt ist, verarbeitet.<\/p><p><strong>Kategorien der Auftragsverarbeiter und Empf\u00e4nger der Daten<\/strong> <br \/>Neben dem Verantwortlichen gelangen andere in die Organisation dieser Website einbezogenen Personen in Kenntnis der personenbezogenen Daten der Benutzer und k\u00f6nnen sie verarbeiten:<\/p><p>&#8211; Verwaltungs- Verkaufs-, Marketingpersonal, Rechtsvertreter und Systemadministratoren oder externe Personen (wie Drittanbieter von technischen Diensten, Postkuriere, Hosting Provider, Informatikunternehmen, Kommunikationsagenturen), die, wenn es der Fall ist, vom Verantwortlichen gem\u00e4\u00df Art. 28 DSGVO zu Auftragsverarbeitern benannt werden. Die aktualisierte Liste der Auftragsverarbeiter kann jederzeit beim Verantwortlichen angefordert werden;<\/p><p>&#8211; Beh\u00f6rden f\u00fcr die \u00f6ffentliche Sicherheit oder andere \u00f6ffentliche Institutionen zur Verteidigung und f\u00fcr die Staatssicherheit und zur Feststellung von Straftaten oder Justizbeh\u00f6rden f\u00fcr die Erf\u00fcllung der gesetzlichen Verpflichtungen, wenn ein Strafbestand festgestellt worden ist.<\/p><p>Die Daten werden beim Gesch\u00e4ftssitz des Verantwortlichen und an jedem anderen Ort, an dem die in die Verarbeitung einbezogenen Vertragspartner lokalisiert sind, verarbeitet.<\/p><p>\u00dcber die vorher genannten F\u00e4lle hinaus werden die personenbezogenen Daten in keiner Weise und aus keinem Grund an Dritte \u00fcbermittelt oder weitergegeben. Die personenbezogenen Daten werden auch nicht in Drittl\u00e4nder oder an internationale Organisationen \u00fcbermittelt, au\u00dfer es ist mit spezifischen Anfragen vom Benutzer verbunden, f\u00fcr die eine entsprechende Einwilligung eingezogen wird.<\/p><p>Der Benutzer hat das Recht, Informationen \u00fcber die rechtliche Grundlage der \u00dcbermittlung der Daten au\u00dferhalb der Europ\u00e4ischen Union oder an eine internationale Organisation des internationalen \u00f6ffentlichen Rechts oder eine von zwei oder mehr L\u00e4ndern gegr\u00fcndete Organisation, wie zum Beispiel die UNO, und \u00fcber die vom Verantwortlichen ergriffenen Sicherheitsma\u00dfnahmen zum Schutz der Daten zu erhalten.<\/p><p><strong>Aufbewahrungsdauer<\/strong> <br \/>Die Daten werden gebunden an die Zwecke, f\u00fcr welche sie gesammelt werden, und beschr\u00e4nkt auf das von der DSGVO vorgeschriebene, unbedingt erforderliche Mindestma\u00df f\u00fcr die Erzielung der Zwecke aufbewahrt. Spezifisch hei\u00dft das:<\/p><p>&#8211; Die Navigationsdaten werden f\u00fcr maximal 365 Tage gespeichert;<\/p><p>&#8211; die von Cookies gesammelten Daten werden nicht \u00fcber den auf der Website verf\u00fcgbaren erweiterten <a href=\"https:\/\/itechmedicaldivision.com\/de\/cookie-richtlinie\/\">Cookie-Erkl\u00e4rung<\/a> genannten Zeitraum aufbewahrt;<\/p><p>&#8211; die f\u00fcr die Ausf\u00fchrung des Vertrags zwischen dem Verantwortlichen und dem Benutzer gesammelten personenbezogenen Daten werden bis zur Vertragserf\u00fcllung gespeichert;<\/p><p>&#8211; im Rahmen der Verfolgung der gewerblichen Zwecke und des Profilings werden die Daten f\u00fcr 5 Jahre (f\u00fcnf) aufbewahrt;<\/p><p>&#8211; die f\u00fcr das berechtigte Interesse des<br \/>Verantwortlichen gesammelten personenbezogenen Daten werden bis zur Erf\u00fcllung dieses Interesses gespeichert.<\/p><p>Wenn die Verarbeitung auf die Einwilligung des Benutzers basiert, kann der Verantwortliche die personenbezogenen Daten bis zum Widerruf der Einwilligung speichern. Au\u00dferdem kann der Verantwortliche verpflichtet sein, die personenbezogenen Daten f\u00fcr eine l\u00e4ngere Dauer aufzubewahren, wenn er gesetzlichen Verpflichtungen oder Anordnungen einer Beh\u00f6rde nachkommen muss.<\/p><p>Am Ende der Aufbewahrungsdauer werden die personenbezogenen Daten gel\u00f6scht. Das bedeutet, dass mit dem Erl\u00f6schen dieser Frist, das Recht auf Auskunft, L\u00f6schung, Berichtigung und das Recht auf die \u00dcbertragbarkeit der Daten nicht mehr ausge\u00fcbt werden k\u00f6nnen.<\/p><p><strong>Rechte des Benutzers<\/strong> <br \/>Wir informieren Sie, dass Sie als betroffene Person hinsichtlich der verarbeiteten Daten, die Ihre Person betreffen, die von der DSGVO vorgesehenen Rechte aus\u00fcben k\u00f6nnen. Sie haben das:<\/p><p>&#8211; Recht auf Auskunft \u00fcber die Daten, die gesammelt und verarbeitet werden (Art. 15);<\/p><p>&#8211; Recht auf Berichtigung der Daten (Art. 16);<\/p><p>&#8211; Recht auf L\u00f6schung der Daten und das Recht auf Vergessenwerden (Art. 17);<\/p><p>&#8211; Recht auf Einschr\u00e4nkung der Verarbeitung (Art. 18);<\/p><p>&#8211; Recht auf \u00dcbertragbarkeit der Daten f\u00fcr die \u00dcbermittlung an einen anderen Verantwortlichen (Art. 20);<\/p><p>&#8211; Widerspruchsrecht (Art. 21)<\/p><p>&#8211; Recht auf Widerruf der Einwilligung (wenn die Verarbeitung auf Einwilligung basiert), ohne Auswirkung auf die Rechtm\u00e4\u00dfigkeit der auf die Einwilligung basierten Verarbeitung vor dem Widerruf (Art. 7);<\/p><p>&#8211; Recht auf Beschwerde bei einer Aufsichtsbeh\u00f6rde (Art. 77);<\/p><p>&#8211; Recht auf einen wirksamen gerichtlichen Rechtsbehelf gegen eine Aufsichtsbeh\u00f6rde (Art. 78) und gegen Verantwortliche und Auftragsbearbeiter (Art. 79).<\/p><p>Um die aufgez\u00e4hlten Rechte auszu\u00fcben, k\u00f6nnen die Benutzer eine Einforderung der Rechte an die in diesem Dokument genannten Kontaktdaten des Verantwortlichen schicken. Die Einforderungen werden kostenlos hinterlegt und vom Verantwortlichen so schnell wie m\u00f6glich und in jedem Fall innerhalb eines Monats bearbeitet.<\/p><p><strong>Recht auf Beschwerde<\/strong><br \/>Die Betroffenen, die glauben, dass die Verarbeitung der von Ihnen bereitgestellten personenbezogenen Daten \u00fcber diese Website gegen die Vorschriften der Verordnung verst\u00f6\u00dft, haben das Recht, bei einer Aufsichtsbeh\u00f6rde gem\u00e4\u00df dem Art. 77 der Verordnung Beschwerde einzulegen, oder auf einen wirksamen Rechtsbehelf bei den zust\u00e4ndigen Gerichten (Art. 79 der Verordnung).<\/p><p><strong>Automatisierte Verarbeitung und Profiling<\/strong><br \/>Mit der Einwilligung zur Verarbeitung der personenbezogenen Daten f\u00fcr die unter Punkt b) genannten Zwecke k\u00f6nnen die gesammelten Daten auf einer automatisierten Entscheidung \u00fcber einen spezifischen Algorithmus, der entscheidet, welche Mitteilungen am besten zu ihrem Profil passen oder welche f\u00fcr Sie vom gr\u00f6\u00dften Interesse sein k\u00f6nnten, verarbeitet werden.<\/p><p>Nichts davon ist f\u00fcr den Benutzer verbindlich.<\/p><p>Der Betroffene hat in jedem Fall das Recht, auf einen menschlichen Eingriff in die automatisierte Entscheidung vom Verantwortlichen, seine eigene Meinung auszudr\u00fccken, eine Erkl\u00e4rung zur getroffenen Entscheidung zu erhalten und die Entscheidung selbst zu beanstanden.<\/p><p><strong>Cookie-Erkl\u00e4rung<\/strong> <br \/>Diese Website benutzt Tracking-Instrumente. F\u00fcr mehr Informationen zum Tracking kann der Benutzer die Cookie-Erkl\u00e4rung einsehen.<\/p><p><strong>\u00c4nderungen an dieser Datenschutzerkl\u00e4rungen<\/strong> <br \/>Der Verantwortliche beh\u00e4lt sich das Recht vor, zu jedem Zeitpunkt \u00c4nderungen an dieser Datenschutzerkl\u00e4rung vorzunehmen und die Benutzer \u00fcber die \u00c4nderung auf dieser Seite und, wenn m\u00f6glich, auf dieser Website und, soweit es technisch und rechtlich machbar ist, mit einer Mitteilung an die Benutzer \u00fcber die Kontaktdaten, \u00fcber die er verf\u00fcgt, zu informieren. Wir bitten die Benutzer deswegen, diese Seite \u00f6fters aufzurufen und sich immer auf die letzte \u00c4nderung, die unten angegeben wird, zu beziehen.<br \/>Wenn die \u00c4nderungen Verarbeitungen betreffen, die auf Basis der Einwilligung rechtm\u00e4\u00dfig sind, wird der Verantwortliche die Einwilligung des Benutzers erneut einholen.<\/p><p style=\"text-align: right;\"><em>letzte Aktualisierung: 21. Oktober 2024<\/em><\/p>\t\t\t\t\t\t<\/div>\n\t\t\t\t<\/div>\n\t\t\t\t\t<\/div>\n\t\t<\/div>\n\t\t\t\t\t<\/div>\n\t\t<\/section>\n\t\t\t\t\t<\/div>\n\t\t<\/div>\n\t\t\t\t\t<\/div>\n\t\t<\/section>\n\t\t\t\t<\/div>\n\t\t","protected":false},"excerpt":{"rendered":"<p>Datenschutzerkl\u00e4rung von itechmedicaldivision.com im Sinne des Art. 13, ABS. 1, VERORDUNG (EU) 679\/2016 zum Schutz personenbezogener Daten (DSGVO) I.A.C.E.R. S.r.l. [&hellip;]<\/p>\n","protected":false},"author":7,"featured_media":0,"parent":0,"menu_order":50,"comment_status":"closed","ping_status":"closed","template":"page-templates\/template_fullwidth.php","meta":{"_acf_changed":false,"footnotes":""},"class_list":["post-19647","page","type-page","status-publish","hentry","col-lg-4 col-md-6"],"acf":[],"_links":{"self":[{"href":"https:\/\/itechmedicaldivision.com\/de\/wp-json\/wp\/v2\/pages\/19647","targetHints":{"allow":["GET"]}}],"collection":[{"href":"https:\/\/itechmedicaldivision.com\/de\/wp-json\/wp\/v2\/pages"}],"about":[{"href":"https:\/\/itechmedicaldivision.com\/de\/wp-json\/wp\/v2\/types\/page"}],"author":[{"embeddable":true,"href":"https:\/\/itechmedicaldivision.com\/de\/wp-json\/wp\/v2\/users\/7"}],"replies":[{"embeddable":true,"href":"https:\/\/itechmedicaldivision.com\/de\/wp-json\/wp\/v2\/comments?post=19647"}],"version-history":[{"count":3,"href":"https:\/\/itechmedicaldivision.com\/de\/wp-json\/wp\/v2\/pages\/19647\/revisions"}],"predecessor-version":[{"id":64507,"href":"https:\/\/itechmedicaldivision.com\/de\/wp-json\/wp\/v2\/pages\/19647\/revisions\/64507"}],"wp:attachment":[{"href":"https:\/\/itechmedicaldivision.com\/de\/wp-json\/wp\/v2\/media?parent=19647"}],"curies":[{"name":"wp","href":"https:\/\/api.w.org\/{rel}","templated":true}]}}